{"id":48334,"date":"2021-10-21T07:55:39","date_gmt":"2021-10-21T06:55:39","guid":{"rendered":"https:\/\/isbsport.com\/caracteristicas-y-materiales\/"},"modified":"2022-08-17T14:44:29","modified_gmt":"2022-08-17T13:44:29","slug":"caratteristiche-e-materiali","status":"publish","type":"page","link":"https:\/\/isbsport.com\/it\/caratteristiche-e-materiali\/","title":{"rendered":"Caratteristiche e materiali"},"content":{"rendered":"<div class=\"wpb-content-wrapper\"><p>[vc_row css_animation=&#8221;&#8221; row_type=&#8221;row&#8221; use_row_as_full_screen_section=&#8221;no&#8221; type=&#8221;full_width&#8221; angled_section=&#8221;no&#8221; text_align=&#8221;left&#8221; background_image_as_pattern=&#8221;without_pattern&#8221;][vc_column][vc_empty_space][\/vc_column][\/vc_row][vc_row css_animation=&#8221;&#8221; row_type=&#8221;row&#8221; use_row_as_full_screen_section=&#8221;no&#8221; type=&#8221;full_width&#8221; angled_section=&#8221;no&#8221; text_align=&#8221;left&#8221; background_image_as_pattern=&#8221;without_pattern&#8221; el_class=&#8221;video-box-l&#8221;][vc_column][qode_elements_holder number_of_columns=&#8221;two_columns&#8221;][qode_elements_holder_item cover=&#8221;yes&#8221; advanced_animations=&#8221;no&#8221; background_image=&#8221;34912&#8243; item_padding=&#8221;0 0% 0 31px&#8221; item_padding_1024_1280=&#8221;0 0% 30px 61px&#8221; item_padding_480_600=&#8221;0 0% 30px 8%&#8221; item_padding_480=&#8221;0 0% 30px 8%&#8221;][vc_empty_space height=&#8221;194px&#8221;][vc_empty_space height=&#8221;13px&#8221;][\/qode_elements_holder_item][qode_elements_holder_item advanced_animations=&#8221;no&#8221; item_padding=&#8221;7% 14% 5% 14%&#8221; item_padding_1024_1280=&#8221;17% 9% 18% 9%&#8221; item_padding_768_1024=&#8221;12% 4% 12% 5%&#8221; item_padding_600_768=&#8221;12% 8% 12% 8%&#8221; item_padding_480_600=&#8221;17% 8% 18% 8%&#8221; item_padding_480=&#8221;17% 8% 18% 8%&#8221;][vc_column_text]<\/p>\n<p><strong><span style=\"color: #149544;\">LUBRIFICAZIONE<\/span><\/strong><\/p>\n<p>[\/vc_column_text][vc_empty_space][vc_column_text]<\/p>\n<p style=\"text-align: justify;\"><span style=\"color: #ffffff;\">Il lubrificante \u00e8 un componente determinante per assicurare un livello di prestazione ottimale dei cuscinetti. La scelta del lubrificante corretto, in quantit\u00e0 idonea, \u00e8 essenziale per tenere sotto controllo la velocit\u00e0 a regime e la temperatura, il momento torcente, la rumorosit\u00e0 e la vita utile del cuscinetto.<\/span><\/p>\n<p style=\"text-align: justify;\"><span style=\"color: #ffffff;\">I cuscinetti ISB sono lubrificati con grasso, ad eccezione dei casi in cui dei lubrificanti fluidi siano utilizzati per ridurre ulteriormente l\u2019attrito: ne sono un esempio i cuscinetti ceramici lubrificati con olio.<\/span><\/p>\n<p style=\"text-align: justify;\"><span style=\"color: #ffffff;\">I cuscinetti ibridi richiedono solo una lubrificazione marginale rispetto ai cuscinetti in acciaio; tale differenza \u00e8 dovuta al coefficiente d\u2019attrito pi\u00f9 basso ed alla ridotta massa delle sfere.<\/span><\/p>\n<p style=\"text-align: justify;\"><span style=\"color: #ffffff;\">Poich\u00e9 i cuscinetti ibridi sono spesso scelti per applicazioni caratterizzate da velocit\u00e0 di rotazione superiore a quella a cui operano i cuscinetti ceramici, \u00e8 consigliabile optare per una lubrificazione adeguata.<\/span><\/p>\n<p>[\/vc_column_text][\/qode_elements_holder_item][\/qode_elements_holder][\/vc_column][\/vc_row][vc_row css_animation=&#8221;&#8221; row_type=&#8221;row&#8221; use_row_as_full_screen_section=&#8221;no&#8221; type=&#8221;full_width&#8221; angled_section=&#8221;no&#8221; text_align=&#8221;left&#8221; background_image_as_pattern=&#8221;without_pattern&#8221; el_class=&#8221;video-box-l&#8221;][vc_column][qode_elements_holder number_of_columns=&#8221;two_columns&#8221;][qode_elements_holder_item advanced_animations=&#8221;no&#8221; item_padding=&#8221;7% 14% 5% 14%&#8221; item_padding_1024_1280=&#8221;17% 9% 18% 9%&#8221; item_padding_768_1024=&#8221;12% 4% 12% 5%&#8221; item_padding_600_768=&#8221;12% 8% 12% 8%&#8221; item_padding_480_600=&#8221;17% 8% 18% 8%&#8221; item_padding_480=&#8221;17% 8% 18% 8%&#8221;][vc_column_text]<span style=\"color: #149544;\"><strong>SISTEMI DI TENUTA E DI PROTEZIONE<\/strong><\/span>[\/vc_column_text][vc_empty_space][vc_column_text]<\/p>\n<p style=\"text-align: justify;\"><span style=\"color: #ffffff;\">La maggioranza dei cuscinetti ISB \u00e8 caratterizzata dall\u2019utilizzo di tenute su entrambi i lati per prevenire l\u2019ingresso di particelle contaminanti nel corpo del cuscinetto ed impedire che il lubrificante fuoriesca.<\/span><\/p>\n<p style=\"text-align: justify;\"><span style=\"color: #ffffff;\"><strong>Tenuta di Tipo RS<\/strong><\/span><\/p>\n<p style=\"text-align: justify;\"><span style=\"color: #ffffff;\">Tenuta in NBR a contatto con la superficie esterna dell\u2019anello interno, che fornisce una protezione ottimale per il cuscinetto, limitandone la velocit\u00e0 di rotazione potenziale generando attrito.<\/span><\/p>\n<p style=\"text-align: justify;\"><span style=\"color: #ffffff;\"><strong>Tenuta di Tipo RZ<\/strong><\/span><\/p>\n<p style=\"text-align: justify;\"><span style=\"color: #ffffff;\">Tenuta in NBR a basso attrito, che garantisce una protezione ottimale del cuscinetto senza generare attrito o limitare la velocit\u00e0 di rotazione.<\/span><\/p>\n<p style=\"text-align: justify;\"><span style=\"color: #ffffff;\"><strong>Schermi di Tipo Z<\/strong><\/span><\/p>\n<p style=\"text-align: justify;\"><span style=\"color: #ffffff;\">Schermo in metallo che offre una protezione di base del cuscinetto senza generare forze d\u2019attrito o pregiudicare la velocit\u00e0 di rotazione.<\/span><\/p>\n<p style=\"text-align: justify;\"><span style=\"color: #ffffff;\">I cuscinetti ISB possono presentare tenute o schermi su entrambi i lati:<\/span><\/p>\n<p style=\"text-align: justify;\"><span style=\"color: #ffffff;\">\u2022 2RS: una tenuta in NBR di tipo RS su entrambi i lati<\/span><\/p>\n<p style=\"text-align: justify;\"><span style=\"color: #ffffff;\">\u2022 RS\/RZ: sistema di tenuta ad elevata precisione, con una tenuta in NBR di tipo RS sul lato dell\u2019applicazione ed una tenuta in NBR di tipo RZ sull\u2019altro<\/span><\/p>\n<p style=\"text-align: justify;\"><span style=\"color: #ffffff;\">\u2022 ZZ: schermi in metallo su entrambi i lati.<\/span><\/p>\n<p>[\/vc_column_text][\/qode_elements_holder_item][qode_elements_holder_item cover=&#8221;yes&#8221; advanced_animations=&#8221;no&#8221; background_image=&#8221;34914&#8243; item_padding=&#8221;0 0% 0 61px&#8221; item_padding_1024_1280=&#8221;0 0% 30px 61px&#8221; item_padding_480_600=&#8221;0 0% 30px 8%&#8221; item_padding_480=&#8221;0 0% 30px 8%&#8221;][vc_empty_space height=&#8221;194px&#8221;][vc_empty_space height=&#8221;13px&#8221;][\/qode_elements_holder_item][\/qode_elements_holder][\/vc_column][\/vc_row][vc_row css_animation=&#8221;&#8221; row_type=&#8221;row&#8221; use_row_as_full_screen_section=&#8221;no&#8221; type=&#8221;full_width&#8221; angled_section=&#8221;no&#8221; text_align=&#8221;left&#8221; background_image_as_pattern=&#8221;without_pattern&#8221; el_class=&#8221;video-box-l&#8221;][vc_column][qode_elements_holder number_of_columns=&#8221;two_columns&#8221;][qode_elements_holder_item cover=&#8221;yes&#8221; advanced_animations=&#8221;no&#8221; background_image=&#8221;34915&#8243; item_padding=&#8221;0 0% 0 61px&#8221; item_padding_1024_1280=&#8221;0 0% 30px 61px&#8221; item_padding_480_600=&#8221;0 0% 30px 8%&#8221; item_padding_480=&#8221;0 0% 30px 8%&#8221;][vc_empty_space height=&#8221;194px&#8221;][vc_empty_space height=&#8221;13px&#8221;][\/qode_elements_holder_item][qode_elements_holder_item advanced_animations=&#8221;no&#8221; item_padding=&#8221;7% 14% 5% 14%&#8221; item_padding_1024_1280=&#8221;17% 9% 18% 9%&#8221; item_padding_768_1024=&#8221;12% 4% 12% 5%&#8221; item_padding_600_768=&#8221;12% 8% 12% 8%&#8221; item_padding_480_600=&#8221;17% 8% 18% 8%&#8221; item_padding_480=&#8221;17% 8% 18% 8%&#8221;][vc_column_text]<span style=\"color: #149544;\"><strong>ACCIAIO<\/strong><\/span>[\/vc_column_text][vc_empty_space][vc_column_text]<\/p>\n<p style=\"text-align: justify;\"><span style=\"color: #ffffff;\">L\u2019Acciaio \u00e8 il materiale pi\u00f9 comunemente utilizzato per produrre cuscinetti per applicazioni sportive. I cuscinetti in acciaio sono molto efficaci, ed in grado di ridurre l\u2019attrito di rotolamento rispetto ad altri prodotti con funzione simile, come le boccole.<\/span><\/p>\n<p style=\"text-align: justify;\"><span style=\"color: #ffffff;\">Test specifici, condotti sui cuscinetti in acciaio ISB, hanno dimostrato che l\u2019uso di materiali di qualit\u00e0 superiore nella loro realizzazione, conferisce caratteristiche di durata media (a parit\u00e0 di condizioni di carico e di velocit\u00e0) fino ad 1,5 volte maggiore rispetto a materiali standard.<\/span><\/p>\n<p style=\"text-align: justify;\"><span style=\"color: #ffffff;\">A seconda delle diverse leghe e trattamenti termici, \u00e8 possibile identificare 2 principali famiglie di prodotti:<\/span><\/p>\n<p style=\"text-align: justify;\"><span style=\"color: #ffffff;\">Cuscinetti in Acciaio al Cromo ISB:<\/span><\/p>\n<p style=\"text-align: justify;\"><span style=\"color: #ffffff;\">i cuscinetti in Acciaio al Cromo ISB sono i pi\u00f9 utilizzati in applicazioni sportive e sono disponibili nelle dimensioni pi\u00f9 comuni, rappresentando quindi il riferimento del portafoglio prodotti.<\/span><\/p>\n<p style=\"text-align: justify;\"><span style=\"color: #ffffff;\">Elevata durezza per un ciclo di vita pi\u00f9 lungo<\/span><br \/>\n<span style=\"color: #ffffff;\">Struttura reticolare stabile fino a 120\u00b0C<\/span><br \/>\n<span style=\"color: #ffffff;\">Geometria proprietaria ed ottimizzata<\/span><br \/>\n<span style=\"color: #ffffff;\">Cuscinetti in Acciaio INOX ISB<\/span><\/p>\n<p style=\"text-align: justify;\"><span style=\"color: #ffffff;\">Nel caso in cui la corrosione dovesse rappresentare un rischio reale, i cuscinetti in Acciaio Inossidabile ISB sono la soluzione perfetta per offrire resistenza all\u2019ossidazione generata dall\u2019esposizione all\u2019umidit\u00e0.<\/span><\/p>\n<p style=\"text-align: justify;\"><span style=\"color: #ffffff;\">Ottima resistenza alla corrosione da acqua e a molti agenti chimici poco aggressivi<\/span><br \/>\n<span style=\"color: #ffffff;\">Struttura reticolare stabile in un intervallo di temperatura pi\u00f9 ampio rispetto ai cuscinetti in Acciaio al Cromo 100Cr6<\/span><br \/>\n<span style=\"color: #ffffff;\">Induriti tramite trattamento termico, sono pi\u00f9 deformabili rispetto ai cuscinetti in Acciaio al Cromo (80% della capacit\u00e0 di carico degli Acciai 100Cr6).<\/span><\/p>\n<p>[\/vc_column_text][\/qode_elements_holder_item][\/qode_elements_holder][\/vc_column][\/vc_row][vc_row css_animation=&#8221;&#8221; row_type=&#8221;row&#8221; use_row_as_full_screen_section=&#8221;no&#8221; type=&#8221;full_width&#8221; angled_section=&#8221;no&#8221; text_align=&#8221;left&#8221; background_image_as_pattern=&#8221;without_pattern&#8221; el_class=&#8221;video-box-l&#8221;][vc_column][qode_elements_holder number_of_columns=&#8221;two_columns&#8221;][qode_elements_holder_item advanced_animations=&#8221;no&#8221; item_padding=&#8221;7% 14% 5% 14%&#8221; item_padding_1024_1280=&#8221;17% 9% 18% 9%&#8221; item_padding_768_1024=&#8221;12% 4% 12% 5%&#8221; item_padding_600_768=&#8221;12% 8% 12% 8%&#8221; item_padding_480_600=&#8221;17% 8% 18% 8%&#8221; item_padding_480=&#8221;17% 8% 18% 8%&#8221;][vc_column_text]<span style=\"color: #149544;\"><strong>MATERIALI CERAMICI<\/strong><\/span>[\/vc_column_text][vc_empty_space][vc_column_text]<\/p>\n<p style=\"text-align: justify;\"><span style=\"color: #ffffff;\">le propriet\u00e0 meccaniche e chimiche dei materiali ceramici, li rendono la scelta ideale per gli ambienti e le condizioni di utilizzo pi\u00f9 esigenti. ISB ha selezionato due tipi di materiali ceramici per strutturare l\u2019offerta prodotti: ZrO2 (Diossido di Zirconio) e Si3N4 (Nitruro di Silicio).<\/span><\/p>\n<p style=\"text-align: justify;\"><span style=\"color: #ffffff;\">Da un punto di vista generale, il principale vantaggio tecnico dei ceramici \u00e8 il basso coefficiente d\u2019attrito: fino a 10 volte inferiore rispetto ai prodotti in acciaio, \u00e8 in grado di generare le condizioni per un uso estremamente pi\u00f9 scorrevole, per produrre meno calore, meno usura e quindi per prolungare la vita utile.<\/span><\/p>\n<p style=\"text-align: justify;\"><span style=\"color: #ffffff;\">ZrO2 ISB<\/span><\/p>\n<p style=\"text-align: justify;\"><span style=\"color: #ffffff;\">grazie alle sue notevoli propriet\u00e0 meccaniche rapportate all\u2019unit\u00e0 di peso, lo ZrO2 rappresenta la scelta migliore per realizzare cuscinetti in materiale Ceramico<\/span><\/p>\n<p style=\"text-align: justify;\"><span style=\"color: #ffffff;\">75% della densit\u00e0 dell\u2019acciaio<\/span><br \/>\n<span style=\"color: #ffffff;\">Elevata resistenza alla corrosione<\/span><br \/>\n<span style=\"color: #ffffff;\">Ampio range di temperatura d\u2019applicazione (in assenza di gabbia)<\/span><br \/>\n<span style=\"color: #ffffff;\">Resistenza a flessione pi\u00f9 elevata e modulo di elasticit\u00e0 pi\u00f9 basso rispetto agli altri materiali ceramici<\/span><br \/>\n<span style=\"color: #ffffff;\">Si3N4 ISB<\/span><\/p>\n<p style=\"text-align: justify;\"><span style=\"color: #ffffff;\">Il nitruro di silicio \u00e8 il materiale maggiormente impiegato per le sfere dei cuscinetti ibridi, in ragione della sua spiccata resistenza all\u2019usura ed all\u2019abrasione:<\/span><\/p>\n<p style=\"text-align: justify;\"><span style=\"color: #ffffff;\">40% della densit\u00e0 dell\u2019acciaio<\/span><br \/>\n<span style=\"color: #ffffff;\">Basso coefficiente d\u2019espansione termica (25% del coefficiente d\u2019espansione termica dell\u2019acciaio)<\/span><br \/>\n<span style=\"color: #ffffff;\">Eccellente resistenza alla corrosione da acqua, acqua salata, acidi ed alcali<\/span><br \/>\n<span style=\"color: #ffffff;\">Ampio intervallo di temperatura di utilizzo<\/span><br \/>\n<span style=\"color: #ffffff;\">Le propriet\u00e0 dei materiali ceramici e dell\u2019acciaio possono essere sapientemente combinate per ottenere il massimo del loro potenziale intrinseco.<\/span><\/p>\n<p style=\"text-align: justify;\"><span style=\"color: #ffffff;\">Serie Ibrida: cuscinetti in Acciaio al Cromo e sfere in nitruro di silicio<\/span><\/p>\n<p style=\"text-align: justify;\"><span style=\"color: #ffffff;\">Serie Ibrida INOX: cuscinetti in Acciaio Inossidabile e sfere in nitruro di silicio<\/span><\/p>\n<p style=\"text-align: justify;\"><span style=\"color: #ffffff;\">Serie Ceramica: cuscinetti interamente in ZrO2<\/span><\/p>\n<p>[\/vc_column_text][\/qode_elements_holder_item][qode_elements_holder_item cover=&#8221;yes&#8221; advanced_animations=&#8221;no&#8221; background_image=&#8221;34911&#8243; item_padding=&#8221;0 0% 0 61px&#8221; item_padding_1024_1280=&#8221;0 0% 30px 61px&#8221; item_padding_480_600=&#8221;0 0% 30px 8%&#8221; item_padding_480=&#8221;0 0% 30px 8%&#8221;][vc_empty_space height=&#8221;194px&#8221;][vc_empty_space height=&#8221;13px&#8221;][\/qode_elements_holder_item][\/qode_elements_holder][\/vc_column][\/vc_row][vc_row css_animation=&#8221;&#8221; row_type=&#8221;row&#8221; use_row_as_full_screen_section=&#8221;no&#8221; type=&#8221;full_width&#8221; angled_section=&#8221;no&#8221; text_align=&#8221;left&#8221; background_image_as_pattern=&#8221;without_pattern&#8221; el_class=&#8221;video-box-l&#8221;][vc_column][qode_elements_holder number_of_columns=&#8221;two_columns&#8221;][qode_elements_holder_item cover=&#8221;yes&#8221; advanced_animations=&#8221;no&#8221; background_image=&#8221;35077&#8243; item_padding=&#8221;0 0% 0 61px&#8221; item_padding_1024_1280=&#8221;0 0% 30px 61px&#8221; item_padding_480_600=&#8221;0 0% 30px 8%&#8221; item_padding_480=&#8221;0 0% 30px 8%&#8221;][vc_empty_space height=&#8221;194px&#8221;][vc_empty_space height=&#8221;13px&#8221;][\/qode_elements_holder_item][qode_elements_holder_item advanced_animations=&#8221;no&#8221; item_padding=&#8221;7% 14% 5% 14%&#8221; item_padding_1024_1280=&#8221;17% 9% 18% 9%&#8221; item_padding_768_1024=&#8221;12% 4% 12% 5%&#8221; item_padding_600_768=&#8221;12% 8% 12% 8%&#8221; item_padding_480_600=&#8221;17% 8% 18% 8%&#8221; item_padding_480=&#8221;17% 8% 18% 8%&#8221;][vc_column_text]<strong><span style=\"color: #149544;\">RIVESTIMENTO<\/span><\/strong>[\/vc_column_text][vc_empty_space][vc_column_text]<span style=\"color: #ffffff;\">La cura del dettaglio e la massimizzazione della prestazione pura caratterizzano da sempre il mondo delle corse, competitivo per eccellenza. Per soddisfare le sue impegnative esigenze, gli ingegneri di ISB Sport hanno sviluppato i cuscinetti XFORCE con l&#8217;obiettivo principale di massimizzarne la scorrevolezza, spingendo cos\u00ec il livello delle performance al di l\u00e0 dei limiti posti dai prodotti convenzionalmente utilizzati.<\/span><\/p>\n<p>&nbsp;<\/p>\n<p><span style=\"color: #ffffff;\">La scelta di materiali di qualit\u00e0 superiore, l&#8217;affinamento delle tecniche produttive e l\u2019applicazione di rivestimenti superficiali su scala nanometrica hanno consentito di ottenere una drastica riduzione dell&#8217;energia dissipata per attrito: il risultato netto \u00e8 un risparmio in termini di potenza messa a disposizione del corridore o del pilota.<\/span><\/p>\n<p>&nbsp;<\/p>\n<p><span style=\"color: #ffffff;\">I cuscinetti rivestiti sono stati finora ampiamente testati da professionisti, consentendo agli ingegneri di ISB Sport di misurare:<\/span><\/p>\n<p><span style=\"color: #ffffff;\">\u00a0\u00a0\u00a0\u00a0\u00a0\u00a0\u00a0\u00a0\u00a0 . 88% \u2013 90% di riduzione dell&#8217;attrito<\/span><\/p>\n<p><span style=\"color: #ffffff;\">\u00a0\u00a0\u00a0\u00a0\u00a0\u00a0\u00a0\u00a0\u00a0 . Risparmio di potenza da 7,15 a 9,45 watt<\/span><\/p>\n<p><span style=\"color: #ffffff;\">\u00a0\u00a0\u00a0\u00a0\u00a0\u00a0\u00a0\u00a0\u00a0 . Resistenza alla corrosione fino a 1500 ore<\/span><\/p>\n<p>&nbsp;<\/p>\n<p><span style=\"color: #ffffff;\">I cuscinetti XFORCE esprimono al meglio le loro potenzialit\u00e0 in condizioni da gara in ambito motorsport, ciclismo e pattinaggio, dove ISB Sport raccoglie i feedback di atleti e piloti professionisti.<\/span>[\/vc_column_text][\/qode_elements_holder_item][\/qode_elements_holder][\/vc_column][\/vc_row]<\/p>\n<\/div>","protected":false},"excerpt":{"rendered":"<p>[vc_row css_animation=&#8221;&#8221; row_type=&#8221;row&#8221; use_row_as_full_screen_section=&#8221;no&#8221; type=&#8221;full_width&#8221; angled_section=&#8221;no&#8221; text_align=&#8221;left&#8221; background_image_as_pattern=&#8221;without_pattern&#8221;][vc_column][vc_empty_space][\/vc_column][\/vc_row][vc_row css_animation=&#8221;&#8221; row_type=&#8221;row&#8221; use_row_as_full_screen_section=&#8221;no&#8221; type=&#8221;full_width&#8221; angled_section=&#8221;no&#8221; text_align=&#8221;left&#8221; background_image_as_pattern=&#8221;without_pattern&#8221; el_class=&#8221;video-box-l&#8221;][vc_column][qode_elements_holder number_of_columns=&#8221;two_columns&#8221;][qode_elements_holder_item cover=&#8221;yes&#8221; advanced_animations=&#8221;no&#8221; background_image=&#8221;34912&#8243; item_padding=&#8221;0 0% 0 31px&#8221; item_padding_1024_1280=&#8221;0 0% 30px 61px&#8221; item_padding_480_600=&#8221;0 0% 30px 8%&#8221; item_padding_480=&#8221;0 0% 30px 8%&#8221;][vc_empty_space height=&#8221;194px&#8221;][vc_empty_space height=&#8221;13px&#8221;][\/qode_elements_holder_item][qode_elements_holder_item advanced_animations=&#8221;no&#8221; item_padding=&#8221;7% 14% 5% 14%&#8221; item_padding_1024_1280=&#8221;17% 9%&#8230;<\/p>\n","protected":false},"author":1,"featured_media":0,"parent":0,"menu_order":0,"comment_status":"closed","ping_status":"closed","template":"full_width.php","meta":{"footnotes":""},"class_list":["post-48334","page","type-page","status-publish","hentry"],"_links":{"self":[{"href":"https:\/\/isbsport.com\/it\/wp-json\/wp\/v2\/pages\/48334","targetHints":{"allow":["GET"]}}],"collection":[{"href":"https:\/\/isbsport.com\/it\/wp-json\/wp\/v2\/pages"}],"about":[{"href":"https:\/\/isbsport.com\/it\/wp-json\/wp\/v2\/types\/page"}],"author":[{"embeddable":true,"href":"https:\/\/isbsport.com\/it\/wp-json\/wp\/v2\/users\/1"}],"replies":[{"embeddable":true,"href":"https:\/\/isbsport.com\/it\/wp-json\/wp\/v2\/comments?post=48334"}],"version-history":[{"count":0,"href":"https:\/\/isbsport.com\/it\/wp-json\/wp\/v2\/pages\/48334\/revisions"}],"wp:attachment":[{"href":"https:\/\/isbsport.com\/it\/wp-json\/wp\/v2\/media?parent=48334"}],"curies":[{"name":"wp","href":"https:\/\/api.w.org\/{rel}","templated":true}]}}