{"id":48340,"date":"2018-09-17T07:59:39","date_gmt":"2018-09-17T06:59:39","guid":{"rendered":"https:\/\/isbsport.com\/medir-un-rodamiento\/"},"modified":"2023-02-03T14:25:19","modified_gmt":"2023-02-03T13:25:19","slug":"come-misurare-le-dimensioni-di-un-cuscinetto","status":"publish","type":"page","link":"https:\/\/isbsport.com\/it\/come-misurare-le-dimensioni-di-un-cuscinetto\/","title":{"rendered":"COME MISURARE LE DIMENSIONI DI UN CUSCINETTO"},"content":{"rendered":"<div class=\"wpb-content-wrapper\"><p>[vc_row css_animation=&#8221;&#8221; row_type=&#8221;row&#8221; use_row_as_full_screen_section=&#8221;no&#8221; type=&#8221;grid&#8221; angled_section=&#8221;no&#8221; text_align=&#8221;left&#8221; background_image_as_pattern=&#8221;without_pattern&#8221; background_color=&#8221;#ffffff&#8221; padding_top=&#8221;87&#8243; padding_bottom=&#8221;4&#8243;][vc_column][vc_column_text css=&#8221;.vc_custom_1660749150514{margin-right: 40px !important;margin-left: 40px !important;}&#8221;]<\/p>\n<h3 style=\"text-align: center;\">COME MISURARE LE DIMENSIONI DI UN CUSCINETTO? TI MOSTRIAMO NOI!<\/h3>\n<p>[\/vc_column_text][vc_empty_space height=&#8221;16px&#8221;][vc_empty_space][vc_column_text]<\/p>\n<p style=\"text-align: justify;\">Lo strumento pi\u00f9 idoneo per misurare le dimensioni di un cuscinetto \u00e8 il calibro ma, se non disponibile, pu\u00f2 essere utilizzato anche un semplice regolo metrico graduato.<\/p>\n<p style=\"text-align: justify;\">Come \u00e8 noto, ogni cuscinetto \u00e8 univocamente individuato dai valori numerici delle sue tre dimensioni, a cui si fa universalmente riferimento in tutti i cataloghi tecnici con le lettere <strong>d<\/strong> x <strong>D<\/strong> x <strong>B<\/strong> che identificano::<\/p>\n<ul>\n<li style=\"text-align: justify;\">d: diametro interno<\/li>\n<li style=\"text-align: justify;\">D:diametro esterno<\/li>\n<li style=\"text-align: justify;\">B: spessore<\/li>\n<\/ul>\n<p>&nbsp;<\/p>\n<p><img loading=\"lazy\" decoding=\"async\" class=\"size-full wp-image-36288 aligncenter\" src=\"https:\/\/isbsport.com\/it\/wp-content\/uploads\/2021\/11\/Como-medir-un-rodamiento-1024x373-IT.jpg\" alt=\"\" width=\"1024\" height=\"373\" \/><\/p>\n<p style=\"text-align: justify;\"><strong>COME MISURARE LE DIMENSIONI DI UN CUSCINETTO CON UN CALIBRO:<\/strong><\/p>\n<p style=\"text-align: justify;\">Il calibro \u00e8 uno strumento di misura che consente di determinare il valore del diametro esterno, del diametro interno e dello spessore del cuscinetto sia in mm che in pollici.<\/p>\n<p>&nbsp;<\/p>\n<p style=\"text-align: justify;\"><b>Come misurare il diametro interno di un cuscinetto:<\/b><\/p>\n<p>&nbsp;<\/p>\n<ol>\n<li style=\"list-style-type: none;\">\n<ol style=\"text-align: justify;\">\n<li>La parte mobile del calibro (corsoio) scorre fino a quando le due appendici superiori che hanno funzione di battuta non intercettano le pareti interne del cuscinetto.<\/li>\n<li>A questo punto viene azionato il sistema di bloccaggio del corsoio in modo da leggere in maniera affidabile il valore del diametro interno sulla scala graduata incisa sulla parte fissa del calibro.<\/li>\n<\/ol>\n<\/li>\n<\/ol>\n<p>&nbsp;<\/p>\n<p style=\"text-align: justify;\"><b>Come misurare il diametro esterno di un cuscinetto:<\/b><\/p>\n<p>&nbsp;<\/p>\n<ol>\n<li style=\"list-style-type: none;\">\n<ol style=\"text-align: justify;\">\n<li>La parte mobile del calibro scorre di una quantit\u00e0 opportuna per contenere il cuscinetto tra le due appendici inferiori fino a raggiungere battuta.<\/li>\n<li>A questo punto viene azionato il sistema di bloccaggio del corsoio in modo da leggere in maniera affidabile il valore del diametro interno sulla scala graduata incisa sulla parte fissa del calibro.<\/li>\n<\/ol>\n<\/li>\n<\/ol>\n<p>&nbsp;<\/p>\n<p style=\"text-align: justify;\"><b>Come misurare lo spessore di un cuscinetto:<\/b><\/p>\n<p style=\"text-align: justify;\">Per misurare lo spessore del cuscinetto si adotta la stessa procedura utilizzata per misurare il diametro esterno.<\/p>\n<p>[\/vc_column_text][vc_empty_space][vc_empty_space][vc_row_inner row_type=&#8221;row&#8221; type=&#8221;full_width&#8221; text_align=&#8221;left&#8221; css_animation=&#8221;&#8221;][vc_column_inner width=&#8221;1\/3&#8243;][vc_single_image image=&#8221;24515&#8243; img_size=&#8221;550&#215;550&#8243; alignment=&#8221;center&#8221; qode_css_animation=&#8221;&#8221;][vc_empty_space height=&#8221;6px&#8221;][vc_column_text]<\/p>\n<p style=\"text-align: center;\">(d) Diametro interno<\/p>\n<p>[\/vc_column_text][\/vc_column_inner][vc_column_inner width=&#8221;1\/3&#8243;][vc_single_image image=&#8221;24517&#8243; img_size=&#8221;550&#215;550&#8243; alignment=&#8221;center&#8221; qode_css_animation=&#8221;&#8221;][vc_empty_space height=&#8221;6px&#8221;][vc_column_text]<\/p>\n<p style=\"text-align: center;\">(D) Diametro esterno<\/p>\n<p>[\/vc_column_text][\/vc_column_inner][vc_column_inner width=&#8221;1\/3&#8243;][vc_single_image image=&#8221;24519&#8243; img_size=&#8221;550&#215;550&#8243; alignment=&#8221;center&#8221; qode_css_animation=&#8221;&#8221;][vc_empty_space height=&#8221;6px&#8221;][vc_column_text]<\/p>\n<p style=\"text-align: center;\">(B) Spessore<\/p>\n<p>[\/vc_column_text][\/vc_column_inner][\/vc_row_inner][vc_empty_space height=&#8221;62px&#8221;][vc_column_text]<strong>Misurare le dimensioni di un cuscinetto con un regolo metrico:<\/strong><\/p>\n<p style=\"text-align: justify;\">Nel caso in cui il regolo metrico, il comune righello, sia l&#8217;unico strumento di misura a disposizione, il risultato potr\u00e0 comunque considerarsi valido anche se non caratterizzato dallo stesso grado di precisione.<\/p>\n<p>[\/vc_column_text][vc_empty_space][vc_row_inner row_type=&#8221;row&#8221; type=&#8221;full_width&#8221; text_align=&#8221;left&#8221; css_animation=&#8221;&#8221;][vc_column_inner width=&#8221;1\/3&#8243;][vc_single_image image=&#8221;24523&#8243; img_size=&#8221;550&#215;550&#8243; alignment=&#8221;center&#8221; qode_css_animation=&#8221;&#8221;][vc_empty_space height=&#8221;6px&#8221;][vc_column_text]<\/p>\n<p style=\"text-align: center;\">(d) Diametro interno<\/p>\n<p>[\/vc_column_text][\/vc_column_inner][vc_column_inner width=&#8221;1\/3&#8243;][vc_single_image image=&#8221;24521&#8243; img_size=&#8221;550&#215;550&#8243; alignment=&#8221;center&#8221; qode_css_animation=&#8221;&#8221;][vc_empty_space height=&#8221;6px&#8221;][vc_column_text]<\/p>\n<p style=\"text-align: center;\">(D) Diametro esterno<\/p>\n<p>[\/vc_column_text][\/vc_column_inner][vc_column_inner width=&#8221;1\/3&#8243;][vc_single_image image=&#8221;24525&#8243; img_size=&#8221;550&#215;550&#8243; alignment=&#8221;center&#8221; qode_css_animation=&#8221;&#8221;][vc_empty_space height=&#8221;6px&#8221;][vc_column_text]<\/p>\n<p style=\"text-align: center;\">(B) Spessore<\/p>\n<p>[\/vc_column_text][\/vc_column_inner][\/vc_row_inner][vc_empty_space height=&#8221;62px&#8221;][vc_column_text]<\/p>\n<p style=\"text-align: justify;\"><b>A COSA SERVE CONOSCERE LE DIMENSIONI DI UN CUSCINETTO?<\/b><\/p>\n<p style=\"text-align: justify;\">Nel giorno di riposo dagli allenamenti, durante la manutenzione dei nostri pattini, del nostro skate o della nostra bicicletta, potremmo dover decidere di sostituire dei cuscinetti.<\/p>\n<p style=\"text-align: justify;\">Come sapere per\u00f2 esattamente di quale cuscinetto si tratta se la sua descrizione standard esterna non sia pi\u00f9 leggibile a causa dell&#8217;usura o della sporcizia? Non potremmo rivolgerci ad un negozio specializzato, infatti, senza conoscerne almeno le dimensioni, che costituiscono quindi le informazioni di base per procedere con l&#8217;identificazione del cuscinetto corretto e che consentono in seguito di avere accesso ad una variet\u00e0 di tipologie a seconda delle applicazioni: pattinaggio artistico o di velocit\u00e0, MTB o bici da strada, skate..<\/p>\n<p>&nbsp;<\/p>\n<p style=\"text-align: justify;\">Esistono anche altre caratteristiche geometriche la cui misura \u00e8 essenziale nella scelta di alcuni tipi specifici di cuscinetto, come ad esempio gli angoli di smusso nei cuscinetti della serie sterzo di una bicicletta. In questo caso queste informazioni sono generalmente marcate sull&#8217;anello esterno del cuscinetto: il primo valore fa riferimento all&#8217;angolo interno mentre il secondo all&#8217;angolo esterno.<\/p>\n<p>&nbsp;<\/p>\n<p style=\"text-align: center;\"><img loading=\"lazy\" decoding=\"async\" class=\"alignnone size-full wp-image-36307\" src=\"https:\/\/isbsport.com\/it\/wp-content\/uploads\/2021\/12\/Rodamientos-para-direccion-bicicleta-ISB-Sport-scaled.jpeg\" alt=\"\" width=\"2560\" height=\"701\" \/><\/p>\n<p>[\/vc_column_text][\/vc_column][\/vc_row]<\/p>\n<\/div>","protected":false},"excerpt":{"rendered":"<p>[vc_row css_animation=&#8221;&#8221; row_type=&#8221;row&#8221; use_row_as_full_screen_section=&#8221;no&#8221; type=&#8221;grid&#8221; angled_section=&#8221;no&#8221; text_align=&#8221;left&#8221; background_image_as_pattern=&#8221;without_pattern&#8221; background_color=&#8221;#ffffff&#8221; padding_top=&#8221;87&#8243; padding_bottom=&#8221;4&#8243;][vc_column][vc_column_text css=&#8221;.vc_custom_1660749150514{margin-right: 40px !important;margin-left: 40px !important;}&#8221;] COME MISURARE LE DIMENSIONI DI UN CUSCINETTO? TI MOSTRIAMO NOI! [\/vc_column_text][vc_empty_space height=&#8221;16px&#8221;][vc_empty_space][vc_column_text] Lo strumento pi\u00f9 idoneo per misurare le dimensioni di un cuscinetto \u00e8 il calibro ma, se non&#8230;<\/p>\n","protected":false},"author":1,"featured_media":0,"parent":0,"menu_order":0,"comment_status":"open","ping_status":"open","template":"full_width.php","meta":{"footnotes":""},"class_list":["post-48340","page","type-page","status-publish","hentry"],"_links":{"self":[{"href":"https:\/\/isbsport.com\/it\/wp-json\/wp\/v2\/pages\/48340","targetHints":{"allow":["GET"]}}],"collection":[{"href":"https:\/\/isbsport.com\/it\/wp-json\/wp\/v2\/pages"}],"about":[{"href":"https:\/\/isbsport.com\/it\/wp-json\/wp\/v2\/types\/page"}],"author":[{"embeddable":true,"href":"https:\/\/isbsport.com\/it\/wp-json\/wp\/v2\/users\/1"}],"replies":[{"embeddable":true,"href":"https:\/\/isbsport.com\/it\/wp-json\/wp\/v2\/comments?post=48340"}],"version-history":[{"count":0,"href":"https:\/\/isbsport.com\/it\/wp-json\/wp\/v2\/pages\/48340\/revisions"}],"wp:attachment":[{"href":"https:\/\/isbsport.com\/it\/wp-json\/wp\/v2\/media?parent=48340"}],"curies":[{"name":"wp","href":"https:\/\/api.w.org\/{rel}","templated":true}]}}