{"id":48865,"date":"2019-10-28T08:52:40","date_gmt":"2019-10-28T07:52:40","guid":{"rendered":"https:\/\/isbsport.com\/rodamientos-carrete-pesca\/"},"modified":"2022-08-20T09:23:04","modified_gmt":"2022-08-20T08:23:04","slug":"cuscinetti-per-attrezzatura-da-pesca","status":"publish","type":"page","link":"https:\/\/isbsport.com\/it\/cuscinetti-per-attrezzatura-da-pesca\/","title":{"rendered":"CUSCINETTI PER ATTREZZATURA DA PESCA"},"content":{"rendered":"<div class=\"wpb-content-wrapper\"><p>[vc_row css_animation=&#8221;&#8221; row_type=&#8221;row&#8221; use_row_as_full_screen_section=&#8221;no&#8221; type=&#8221;full_width&#8221; angled_section=&#8221;no&#8221; text_align=&#8221;left&#8221; background_image_as_pattern=&#8221;without_pattern&#8221; background_color=&#8221;#000000&#8243; css=&#8221;.vc_custom_1532218239311{margin-top: -20px !important;}&#8221;][vc_column][vc_empty_space height=&#8221;25px&#8221;]<div id=\"ultimate-heading-773269f5a9ee66f01\" class=\"uvc-heading ult-adjust-bottom-margin ultimate-heading-773269f5a9ee66f01 uvc-7965 \" data-hspacer=\"no_spacer\"  data-halign=\"center\" style=\"text-align:center\"><div class=\"uvc-heading-spacer no_spacer\" style=\"top\"><\/div><div class=\"uvc-sub-heading ult-responsive\"  data-ultimate-target='.uvc-heading.ultimate-heading-773269f5a9ee66f01 .uvc-sub-heading '  data-responsive-json-new='{\"font-size\":\"desktop:35px;\",\"line-height\":\"\"}'  style=\"font-family:&#039;Roboto&#039;;font-weight:900;\"><strong><span style=\"color: #7ead44;\">CUSCINETTI PER ATTREZZATURA DA PESCA<\/span><\/strong><\/div><\/div><div id=\"ultimate-heading-315069f5a9ee66ffd\" class=\"uvc-heading ult-adjust-bottom-margin ultimate-heading-315069f5a9ee66ffd uvc-1968 \" data-hspacer=\"no_spacer\"  data-halign=\"center\" style=\"text-align:center\"><div class=\"uvc-heading-spacer no_spacer\" style=\"top\"><\/div><div class=\"uvc-sub-heading ult-responsive\"  data-ultimate-target='.uvc-heading.ultimate-heading-315069f5a9ee66ffd .uvc-sub-heading '  data-responsive-json-new='{\"font-size\":\"desktop:20px;\",\"line-height\":\"\"}'  style=\"font-style:italic;font-weight:normal;color:#ffffff;\"><\/p>\n<p style=\"text-align: center;\">Affidabilit\u00e0, fluidit\u00e0 ed efficienza in un componente indispensabile nei mulinelli da canne da pesca.<\/p>\n<p><\/div><\/div>[vc_empty_space height=&#8221;15px&#8221;][\/vc_column][\/vc_row][vc_row css_animation=&#8221;&#8221; row_type=&#8221;row&#8221; use_row_as_full_screen_section=&#8221;no&#8221; type=&#8221;grid&#8221; angled_section=&#8221;no&#8221; text_align=&#8221;left&#8221; background_image_as_pattern=&#8221;without_pattern&#8221; background_color=&#8221;#ffffff&#8221; border_color=&#8221;#ffffff&#8221;][vc_column width=&#8221;1\/2&#8243; css=&#8221;.vc_custom_1466414651620{margin-left: 30px !important;border-radius: 1px !important;}&#8221;]<div id=\"ultimate-heading-559769f5a9ee670b1\" class=\"uvc-heading ult-adjust-bottom-margin ultimate-heading-559769f5a9ee670b1 uvc-8794 \" data-hspacer=\"no_spacer\"  data-halign=\"center\" style=\"text-align:center\"><div class=\"uvc-heading-spacer no_spacer\" style=\"top\"><\/div><div class=\"uvc-sub-heading ult-responsive\"  data-ultimate-target='.uvc-heading.ultimate-heading-559769f5a9ee670b1 .uvc-sub-heading '  data-responsive-json-new='{\"font-size\":\"desktop:25px;\",\"line-height\":\"\"}'  style=\"font-family:&#039;Roboto&#039;;font-weight:300;color:#7dae3c;\"><\/p>\n<p style=\"text-align: left;\">\u00a0 \u00a0 \u00a0 \u00a0 \u00a0 \u00a0 Caratteristiche<\/p>\n<p><\/div><\/div>[vc_empty_space][vc_row_inner row_type=&#8221;row&#8221; type=&#8221;full_width&#8221; text_align=&#8221;left&#8221; css_animation=&#8221;&#8221; css=&#8221;.vc_custom_1466415153726{margin-left: 15px !important;}&#8221;][vc_column_inner][vc_column_text css=&#8221;.vc_custom_1660970068486{margin-right: 80px !important;margin-left: 40px !important;}&#8221;]<\/p>\n<div class=\"page\" title=\"Page 1\">\n<div class=\"section\">\n<div class=\"layoutArea\">\n<div class=\"column\">\n<p>La gamma di cuscinetti per attrezzatura da pesca di ISB SPORT \u00e8 progettata appositamente per resistere alle condizioni d&#8217;utilizzo pi\u00f9 estreme tipiche degli ambienti marini o lacustri.<\/p>\n<p>Ciascuno dei componenti fondamentali (acciaio, lubrificante) \u00e8 selezionato ed assemblato con cura. Inoltre un costante controllo qualit\u00e0 attraverso il processo di produzione garantisce che i cuscinetti soddisfino gli standard di qualit\u00e0 pi\u00f9 elevati.<\/p>\n<p>Un cuscinetto ISB SPORT \u00e8 sinonimo di affidabilit\u00e0, fluidit\u00e0, efficienza, rigidezza&#8230;<\/p>\n<p>Pienamente compatibile con il cuscinetto originale, si contraddistingue come un eccellente ricambio.<\/p>\n<p>&nbsp;<\/p>\n<\/div>\n<\/div>\n<\/div>\n<\/div>\n<p>[\/vc_column_text][\/vc_column_inner][\/vc_row_inner][vc_empty_space][\/vc_column][vc_column width=&#8221;1\/2&#8243; css=&#8221;.vc_custom_1466415250646{margin-right: 20px !important;background-color: #ffffff !important;}&#8221;][vc_single_image image=&#8221;34819&#8243; img_size=&#8221;full&#8221; qode_css_animation=&#8221;&#8221;][\/vc_column][\/vc_row][vc_row css_animation=&#8221;&#8221; row_type=&#8221;row&#8221; use_row_as_full_screen_section=&#8221;no&#8221; type=&#8221;full_width&#8221; angled_section=&#8221;no&#8221; text_align=&#8221;left&#8221; background_image_as_pattern=&#8221;without_pattern&#8221; background_color=&#8221;#ffffff&#8221; css=&#8221;.vc_custom_1466414008637{margin-right: 50px !important;margin-left: 50px !important;}&#8221;][vc_column][vc_empty_space height=&#8221;10px&#8221;][vc_empty_space height=&#8221;10px&#8221;]<div id=\"ultimate-heading-534269f5a9ee67173\" class=\"uvc-heading ult-adjust-bottom-margin ultimate-heading-534269f5a9ee67173 uvc-9064 \" data-hspacer=\"no_spacer\"  data-halign=\"center\" style=\"text-align:center\"><div class=\"uvc-heading-spacer no_spacer\" style=\"top\"><\/div><div class=\"uvc-sub-heading ult-responsive\"  data-ultimate-target='.uvc-heading.ultimate-heading-534269f5a9ee67173 .uvc-sub-heading '  data-responsive-json-new='{\"font-size\":\"desktop:25px;\",\"line-height\":\"\"}'  style=\"font-family:&#039;Roboto&#039;;font-weight:300;\"><span style=\"color: #7ead44;\">Riferimenti<\/span><\/div><\/div>[vc_separator type=&#8221;normal&#8221; color=&#8221;#7dae3c&#8221;][vc_empty_space height=&#8221;10px&#8221;][\/vc_column][\/vc_row][vc_row css_animation=&#8221;&#8221; row_type=&#8221;row&#8221; use_row_as_full_screen_section=&#8221;no&#8221; type=&#8221;grid&#8221; angled_section=&#8221;no&#8221; text_align=&#8221;left&#8221; background_image_as_pattern=&#8221;without_pattern&#8221; background_color=&#8221;#ffffff&#8221; border_color=&#8221;#ffffff&#8221; css=&#8221;.vc_custom_1583686015035{margin-right: 30px !important;margin-left: 30px !important;}&#8221; z_index=&#8221;&#8221;][vc_column][vc_empty_space height=&#8221;10px&#8221;][vc_column_text][table id=30 \/][\/vc_column_text][vc_empty_space height=&#8221;10px&#8221;][vc_empty_space height=&#8221;10px&#8221;][\/vc_column][\/vc_row][vc_row css_animation=&#8221;&#8221; row_type=&#8221;row&#8221; use_row_as_full_screen_section=&#8221;no&#8221; type=&#8221;full_width&#8221; angled_section=&#8221;no&#8221; text_align=&#8221;left&#8221; background_image_as_pattern=&#8221;without_pattern&#8221;][vc_column][vc_column_text]<\/p>\n<p>[\/vc_column_text][\/vc_column][\/vc_row]<\/p>\n<\/div>","protected":false},"excerpt":{"rendered":"<p>[vc_row css_animation=&#8221;&#8221; row_type=&#8221;row&#8221; use_row_as_full_screen_section=&#8221;no&#8221; type=&#8221;full_width&#8221; angled_section=&#8221;no&#8221; text_align=&#8221;left&#8221; background_image_as_pattern=&#8221;without_pattern&#8221; background_color=&#8221;#000000&#8243; css=&#8221;.vc_custom_1532218239311{margin-top: -20px !important;}&#8221;][vc_column][vc_empty_space height=&#8221;25px&#8221;][vc_empty_space height=&#8221;15px&#8221;][\/vc_column][\/vc_row][vc_row css_animation=&#8221;&#8221; row_type=&#8221;row&#8221; use_row_as_full_screen_section=&#8221;no&#8221; type=&#8221;grid&#8221; angled_section=&#8221;no&#8221; text_align=&#8221;left&#8221; background_image_as_pattern=&#8221;without_pattern&#8221; background_color=&#8221;#ffffff&#8221; border_color=&#8221;#ffffff&#8221;][vc_column width=&#8221;1\/2&#8243; css=&#8221;.vc_custom_1466414651620{margin-left: 30px !important;border-radius: 1px !important;}&#8221;][vc_empty_space][vc_row_inner row_type=&#8221;row&#8221; type=&#8221;full_width&#8221; text_align=&#8221;left&#8221; css_animation=&#8221;&#8221; css=&#8221;.vc_custom_1466415153726{margin-left: 15px !important;}&#8221;][vc_column_inner][vc_column_text css=&#8221;.vc_custom_1660970068486{margin-right: 80px !important;margin-left: 40px !important;}&#8221;] La gamma di cuscinetti&#8230;<\/p>\n","protected":false},"author":1,"featured_media":0,"parent":0,"menu_order":0,"comment_status":"closed","ping_status":"closed","template":"full_width.php","meta":{"footnotes":""},"class_list":["post-48865","page","type-page","status-publish","hentry"],"_links":{"self":[{"href":"https:\/\/isbsport.com\/it\/wp-json\/wp\/v2\/pages\/48865","targetHints":{"allow":["GET"]}}],"collection":[{"href":"https:\/\/isbsport.com\/it\/wp-json\/wp\/v2\/pages"}],"about":[{"href":"https:\/\/isbsport.com\/it\/wp-json\/wp\/v2\/types\/page"}],"author":[{"embeddable":true,"href":"https:\/\/isbsport.com\/it\/wp-json\/wp\/v2\/users\/1"}],"replies":[{"embeddable":true,"href":"https:\/\/isbsport.com\/it\/wp-json\/wp\/v2\/comments?post=48865"}],"version-history":[{"count":0,"href":"https:\/\/isbsport.com\/it\/wp-json\/wp\/v2\/pages\/48865\/revisions"}],"wp:attachment":[{"href":"https:\/\/isbsport.com\/it\/wp-json\/wp\/v2\/media?parent=48865"}],"curies":[{"name":"wp","href":"https:\/\/api.w.org\/{rel}","templated":true}]}}