{"id":48935,"date":"2018-09-17T07:59:39","date_gmt":"2018-09-17T06:59:39","guid":{"rendered":"https:\/\/isbsport.com\/medir-un-rodamiento\/"},"modified":"2018-09-17T07:59:39","modified_gmt":"2018-09-17T07:59:39","slug":"medir-un-rodamiento","status":"publish","type":"page","link":"https:\/\/isbsport.com\/latam\/medir-un-rodamiento\/","title":{"rendered":"\u00bfC\u00f3mo medir un rodamiento?"},"content":{"rendered":"<div class=\"wpb-content-wrapper\"><p>[vc_row css_animation=&#8221;&#8221; row_type=&#8221;row&#8221; use_row_as_full_screen_section=&#8221;no&#8221; type=&#8221;grid&#8221; angled_section=&#8221;no&#8221; text_align=&#8221;left&#8221; background_image_as_pattern=&#8221;without_pattern&#8221; background_color=&#8221;#ffffff&#8221; padding_top=&#8221;87&#8243; padding_bottom=&#8221;4&#8243;][vc_column][vc_column_text css=&#8221;.vc_custom_1537365924366{margin-right: 40px !important;margin-left: 40px !important;}&#8221;]<\/p>\n<h3 style=\"text-align: center;\">\u00bfC\u00d3MO MEDIR UN RODAMIENTO?, \u00a1TE LO MOSTRAMOS!<\/h3>\n<p>[\/vc_column_text][vc_empty_space height=&#8221;16px&#8221;][vc_empty_space][vc_column_text]<\/p>\n<p style=\"text-align: justify;\">Para medir un rodamiento, la herramienta m\u00e1s apropiada es un <i>pie de rey<\/i> tambi\u00e9n llamado <i>calibre<\/i> o <i>micr\u00f3metro <\/i>pero,<i> <\/i>en su defecto, tambi\u00e9n se puede usar una simple regla milimetrada (mm).<\/p>\n<p style=\"text-align: justify;\">Debemos averiguar 3 valores num\u00e9ricos que son los que definen f\u00edsicamente la referencia de un rodamiento y cuya designaci\u00f3n es reconocida a nivel internacional en todos los cat\u00e1logos y tablas de referencias con las letras <b>d x D x B <\/b>siendo:<\/p>\n<ul>\n<li>d: di\u00e1metro interior<\/li>\n<li>D: di\u00e1metro exterior<\/li>\n<li>B: ancho<\/li>\n<\/ul>\n<p>&nbsp;<\/p>\n<p><img loading=\"lazy\" decoding=\"async\" class=\"wp-image-34927 size-full aligncenter\" src=\"https:\/\/isbsport.com\/wp-content\/uploads\/2021\/11\/Como-medir-un-rodamiento-1024x373-ESP.jpg\" alt=\"\" width=\"1024\" height=\"373\" srcset=\"https:\/\/isbsport.com\/wp-content\/uploads\/2021\/11\/Como-medir-un-rodamiento-1024x373-ESP.jpg 1024w, https:\/\/isbsport.com\/wp-content\/uploads\/2021\/11\/Como-medir-un-rodamiento-1024x373-ESP-600x219.jpg 600w, https:\/\/isbsport.com\/wp-content\/uploads\/2021\/11\/Como-medir-un-rodamiento-1024x373-ESP-300x109.jpg 300w, https:\/\/isbsport.com\/wp-content\/uploads\/2021\/11\/Como-medir-un-rodamiento-1024x373-ESP-768x280.jpg 768w, https:\/\/isbsport.com\/wp-content\/uploads\/2021\/11\/Como-medir-un-rodamiento-1024x373-ESP-18x7.jpg 18w, https:\/\/isbsport.com\/wp-content\/uploads\/2021\/11\/Como-medir-un-rodamiento-1024x373-ESP-700x255.jpg 700w\" sizes=\"auto, (max-width: 1024px) 100vw, 1024px\" \/><\/p>\n<p><strong>MEDIR UN RODAMIENTO CON UN PIE DE REY:<\/strong><\/p>\n<p style=\"text-align: justify;\">El pie de rey es un instrumento de medici\u00f3n que permite averiguar di\u00e1metros internos, externos y profundidades tanto en mm como en pulgadas.<\/p>\n<p>&nbsp;<\/p>\n<p style=\"text-align: justify;\"><b>C\u00f3mo medir el di\u00e1metro interior de un rodamiento:<\/b><\/p>\n<ol>\n<li style=\"text-align: justify;\">Se desliza la regla m\u00f3vil esta vez con las mordazas superiores de calibre que se introducen entre las paredes del rodamiento hasta llegar al tope.<\/li>\n<li style=\"text-align: justify;\">Bloqueamos la medida atornillando el tornillo de fijaci\u00f3n<\/li>\n<li style=\"text-align: justify;\">Leemos la medida en mm que figura en la parte inferior de regla m\u00f3vil.<\/li>\n<\/ol>\n<p>&nbsp;<\/p>\n<p style=\"text-align: justify;\"><b>C\u00f3mo medir el di\u00e1metro exterior de un rodamiento:<\/b><\/p>\n<ol>\n<li style=\"text-align: justify;\">Se desliza la regla m\u00f3vil para abrirlo hasta que el rodamiento queda cogido entre las dos pinzas o mordazas inferiores que hacen contacto con el rodamiento.<\/li>\n<li style=\"text-align: justify;\">Bloqueamos la medida atornillando el tornillo de fijaci\u00f3n<\/li>\n<li style=\"text-align: justify;\">Leemos la medida en mm que figura en la parte inferior de regla m\u00f3vil.<\/li>\n<\/ol>\n<p>&nbsp;<\/p>\n<p style=\"text-align: justify;\"><b>C\u00f3mo medir el ancho de un rodamiento:<\/b><\/p>\n<p style=\"text-align: justify;\">Realizamos la misma operaci\u00f3n que con el di\u00e1metro exterior, usando las mordazas inferiores del calibre.<\/p>\n<p>[\/vc_column_text][vc_empty_space][vc_empty_space][vc_row_inner row_type=&#8221;row&#8221; type=&#8221;full_width&#8221; text_align=&#8221;left&#8221; css_animation=&#8221;&#8221;][vc_column_inner width=&#8221;1\/3&#8243;][vc_single_image image=&#8221;24515&#8243; img_size=&#8221;550&#215;550&#8243; alignment=&#8221;center&#8221; qode_css_animation=&#8221;&#8221;][vc_empty_space height=&#8221;6px&#8221;][vc_column_text]<\/p>\n<p style=\"text-align: center;\">(d) Di\u00e1metro interior<\/p>\n<p>[\/vc_column_text][\/vc_column_inner][vc_column_inner width=&#8221;1\/3&#8243;][vc_single_image image=&#8221;24517&#8243; img_size=&#8221;550&#215;550&#8243; alignment=&#8221;center&#8221; qode_css_animation=&#8221;&#8221;][vc_empty_space height=&#8221;6px&#8221;][vc_column_text]<\/p>\n<p style=\"text-align: center;\">(D) Di\u00e1metro exterior<\/p>\n<p>[\/vc_column_text][\/vc_column_inner][vc_column_inner width=&#8221;1\/3&#8243;][vc_single_image image=&#8221;24519&#8243; img_size=&#8221;550&#215;550&#8243; alignment=&#8221;center&#8221; qode_css_animation=&#8221;&#8221;][vc_empty_space height=&#8221;6px&#8221;][vc_column_text]<\/p>\n<p style=\"text-align: center;\">(B) Ancho<\/p>\n<p>[\/vc_column_text][\/vc_column_inner][\/vc_row_inner][vc_empty_space height=&#8221;62px&#8221;][vc_column_text]<\/p>\n<p style=\"text-align: justify;\"><strong>Medir un rodamiento con una regla milim\u00e9trica:<\/strong><\/p>\n<p style=\"text-align: justify;\">En caso de tener que proceder con una regla milim\u00e9trica, el proceso no ser\u00e1 tan preciso pero ser\u00e1 igualmente v\u00e1lido<\/p>\n<p>[\/vc_column_text][vc_empty_space][vc_row_inner row_type=&#8221;row&#8221; type=&#8221;full_width&#8221; text_align=&#8221;left&#8221; css_animation=&#8221;&#8221;][vc_column_inner width=&#8221;1\/3&#8243;][vc_single_image image=&#8221;24523&#8243; img_size=&#8221;550&#215;550&#8243; alignment=&#8221;center&#8221; qode_css_animation=&#8221;&#8221;][vc_empty_space height=&#8221;6px&#8221;][vc_column_text]<\/p>\n<p style=\"text-align: center;\">(d) Di\u00e1metro interior<\/p>\n<p>[\/vc_column_text][\/vc_column_inner][vc_column_inner width=&#8221;1\/3&#8243;][vc_single_image image=&#8221;24521&#8243; img_size=&#8221;550&#215;550&#8243; alignment=&#8221;center&#8221; qode_css_animation=&#8221;&#8221;][vc_empty_space height=&#8221;6px&#8221;][vc_column_text]<\/p>\n<p style=\"text-align: center;\">(D) Di\u00e1metro exterior<\/p>\n<p>[\/vc_column_text][\/vc_column_inner][vc_column_inner width=&#8221;1\/3&#8243;][vc_single_image image=&#8221;24525&#8243; img_size=&#8221;550&#215;550&#8243; alignment=&#8221;center&#8221; qode_css_animation=&#8221;&#8221;][vc_empty_space height=&#8221;6px&#8221;][vc_column_text]<\/p>\n<p style=\"text-align: center;\">(B) Ancho<\/p>\n<p>[\/vc_column_text][\/vc_column_inner][\/vc_row_inner][vc_empty_space height=&#8221;62px&#8221;][vc_column_text]<\/p>\n<p style=\"text-align: justify;\"><b>\u00bfPARA QUE SIRVEN LAS MEDIDAS DE UN RODAMIENTO?<\/b><\/p>\n<p style=\"text-align: justify;\">Tras realizar el desmontaje de nuestro pat\u00edn, skate o bicicleta nos podemos encontrar en la mano con un rodamiento que hemos decidido sustituir pero cuya referencia o designaci\u00f3n normalizada no figura por ning\u00fan sitio. El desgaste, la suciedad o el mal estado del rodamiento pueden hacer que dicha informaci\u00f3n sea ilegible.<span class=\"Apple-converted-space\">\u00a0<\/span><\/p>\n<p style=\"text-align: justify;\">Es entonces cuando debemos recurrir a un mec\u00e1nico especializado o bien averiguar cu\u00e1les son las medidas de nuestro rodamiento para poder comprarlo.<\/p>\n<p style=\"text-align: justify;\">Dichas medidas son la informaci\u00f3n b\u00e1sica para poder proceder a la identificaci\u00f3n del rodamiento y despu\u00e9s nos vamos a encontrar con una gran variedad de tipos y versiones de rodamientos, adecuados para cada aplicaci\u00f3n: patinaje de velocidad o art\u00edstico, BTT o bicicleta de carretera, skate\u2026.<\/p>\n<p>&nbsp;<\/p>\n<p style=\"text-align: justify;\">Hay adem\u00e1s otro tipo de medidas que resultan esenciales en la selecci\u00f3n de algunos tipos de rodamientos como por ejemplo los grados del \u00e1ngulo de los chaflanes en los Rodamientos para Direcci\u00f3n de la bicicleta. En este caso, las medidas suelen estar impresas en el aro del rodamiento y el primer n\u00famero que hace referencia al \u00e1ngulo interior y el segundo al \u00e1ngulo exterior.<\/p>\n<p>&nbsp;<\/p>\n<p style=\"text-align: center;\"><img loading=\"lazy\" decoding=\"async\" class=\"alignnone size-full wp-image-35100\" src=\"https:\/\/isbsport.com\/wp-content\/uploads\/2021\/12\/Rodamientos-para-direccion-bicicleta-ISB-Sport-scaled.jpeg\" alt=\"\" width=\"2560\" height=\"701\" srcset=\"https:\/\/isbsport.com\/wp-content\/uploads\/2021\/12\/Rodamientos-para-direccion-bicicleta-ISB-Sport-scaled.jpeg 2560w, https:\/\/isbsport.com\/wp-content\/uploads\/2021\/12\/Rodamientos-para-direccion-bicicleta-ISB-Sport-600x164.jpeg 600w, https:\/\/isbsport.com\/wp-content\/uploads\/2021\/12\/Rodamientos-para-direccion-bicicleta-ISB-Sport-300x82.jpeg 300w, https:\/\/isbsport.com\/wp-content\/uploads\/2021\/12\/Rodamientos-para-direccion-bicicleta-ISB-Sport-1024x281.jpeg 1024w, https:\/\/isbsport.com\/wp-content\/uploads\/2021\/12\/Rodamientos-para-direccion-bicicleta-ISB-Sport-768x210.jpeg 768w, https:\/\/isbsport.com\/wp-content\/uploads\/2021\/12\/Rodamientos-para-direccion-bicicleta-ISB-Sport-1536x421.jpeg 1536w, https:\/\/isbsport.com\/wp-content\/uploads\/2021\/12\/Rodamientos-para-direccion-bicicleta-ISB-Sport-2048x561.jpeg 2048w, https:\/\/isbsport.com\/wp-content\/uploads\/2021\/12\/Rodamientos-para-direccion-bicicleta-ISB-Sport-18x5.jpeg 18w, https:\/\/isbsport.com\/wp-content\/uploads\/2021\/12\/Rodamientos-para-direccion-bicicleta-ISB-Sport-700x192.jpeg 700w\" sizes=\"auto, (max-width: 2560px) 100vw, 2560px\" \/><\/p>\n<p>[\/vc_column_text][\/vc_column][\/vc_row]<\/p>\n<\/div>","protected":false},"excerpt":{"rendered":"<p>[vc_row css_animation=&#8221;&#8221; row_type=&#8221;row&#8221; use_row_as_full_screen_section=&#8221;no&#8221; type=&#8221;grid&#8221; angled_section=&#8221;no&#8221; text_align=&#8221;left&#8221; background_image_as_pattern=&#8221;without_pattern&#8221; background_color=&#8221;#ffffff&#8221; padding_top=&#8221;87&#8243; padding_bottom=&#8221;4&#8243;][vc_column][vc_column_text css=&#8221;.vc_custom_1537365924366{margin-right: 40px !important;margin-left: 40px !important;}&#8221;] \u00bfC\u00d3MO MEDIR UN RODAMIENTO?, \u00a1TE LO MOSTRAMOS! [\/vc_column_text][vc_empty_space height=&#8221;16px&#8221;][vc_empty_space][vc_column_text] Para medir un rodamiento, la herramienta m\u00e1s apropiada es un pie de rey tambi\u00e9n llamado calibre o micr\u00f3metro pero, en&#8230;<\/p>\n","protected":false},"author":1,"featured_media":0,"parent":0,"menu_order":0,"comment_status":"open","ping_status":"open","template":"full_width.php","meta":{"footnotes":""},"class_list":["post-48935","page","type-page","status-publish","hentry"],"_links":{"self":[{"href":"https:\/\/isbsport.com\/latam\/wp-json\/wp\/v2\/pages\/48935","targetHints":{"allow":["GET"]}}],"collection":[{"href":"https:\/\/isbsport.com\/latam\/wp-json\/wp\/v2\/pages"}],"about":[{"href":"https:\/\/isbsport.com\/latam\/wp-json\/wp\/v2\/types\/page"}],"author":[{"embeddable":true,"href":"https:\/\/isbsport.com\/latam\/wp-json\/wp\/v2\/users\/1"}],"replies":[{"embeddable":true,"href":"https:\/\/isbsport.com\/latam\/wp-json\/wp\/v2\/comments?post=48935"}],"version-history":[{"count":0,"href":"https:\/\/isbsport.com\/latam\/wp-json\/wp\/v2\/pages\/48935\/revisions"}],"wp:attachment":[{"href":"https:\/\/isbsport.com\/latam\/wp-json\/wp\/v2\/media?parent=48935"}],"curies":[{"name":"wp","href":"https:\/\/api.w.org\/{rel}","templated":true}]}}