{"id":48954,"date":"2021-10-08T11:27:05","date_gmt":"2021-10-08T10:27:05","guid":{"rendered":"https:\/\/isbsport.com\/tipos-de-rodamientos-para-bicicleta\/"},"modified":"2021-10-08T11:27:05","modified_gmt":"2021-10-08T11:27:05","slug":"tipos-de-rodamientos-para-bicicleta","status":"publish","type":"page","link":"https:\/\/isbsport.com\/latam\/tipos-de-rodamientos-para-bicicleta\/","title":{"rendered":"Tipos de rodamientos para bicicleta"},"content":{"rendered":"<div class=\"wpb-content-wrapper\"><p>[vc_row css_animation=&#8221;&#8221; row_type=&#8221;row&#8221; use_row_as_full_screen_section=&#8221;no&#8221; type=&#8221;full_width&#8221; angled_section=&#8221;no&#8221; text_align=&#8221;left&#8221; background_image_as_pattern=&#8221;without_pattern&#8221;][vc_column][vc_empty_space][\/vc_column][\/vc_row][vc_row css_animation=&#8221;&#8221; row_type=&#8221;row&#8221; use_row_as_full_screen_section=&#8221;no&#8221; type=&#8221;full_width&#8221; angled_section=&#8221;no&#8221; text_align=&#8221;left&#8221; background_image_as_pattern=&#8221;without_pattern&#8221; el_class=&#8221;video-box-l&#8221;][vc_column][qode_elements_holder number_of_columns=&#8221;two_columns&#8221; switch_to_one_column=&#8221;768&#8243;][qode_elements_holder_item cover=&#8221;yes&#8221; advanced_animations=&#8221;no&#8221; background_image=&#8221;34884&#8243; item_padding=&#8221;0 0% 0 31px&#8221; item_padding_1024_1280=&#8221;0 0% 30px 61px&#8221; item_padding_480_600=&#8221;0 0% 30px 8%&#8221; item_padding_480=&#8221;0 0% 30px 8%&#8221;][vc_empty_space height=&#8221;194px&#8221;][vc_empty_space height=&#8221;13px&#8221;][\/qode_elements_holder_item][qode_elements_holder_item advanced_animations=&#8221;no&#8221; item_padding=&#8221;15% 14% 35% 14%&#8221; item_padding_1024_1280=&#8221;17% 9% 18% 9%&#8221; item_padding_768_1024=&#8221;12% 4% 12% 5%&#8221; item_padding_600_768=&#8221;12% 8% 12% 8%&#8221; item_padding_480_600=&#8221;17% 8% 18% 8%&#8221; item_padding_480=&#8221;17% 8% 18% 8%&#8221;][vc_column_text]<\/p>\n<p style=\"text-align: center;\"><strong><span style=\"color: #149544;\">TIPOS DE RODAMIENTOS PARA BICICLETA<\/span><\/strong><br \/>\n<strong><span style=\"color: #149544;\">\u201cLo importante no es que se vean, es que se sientan\u201d<\/span><\/strong><\/p>\n<p>[\/vc_column_text][vc_empty_space][vc_column_text]<\/p>\n<p style=\"text-align: justify;\"><span style=\"color: #ffffff;\">A pesar de no estar a la vista, los rodamientos son un componente fundamental para el buen funcionamiento la bicicleta ya que de ellos depende en gran medida el rendimiento mismo de la bicicleta.<\/span><\/p>\n<p>&nbsp;<\/p>\n<p style=\"text-align: justify;\"><span style=\"color: #ffffff;\">Se encuentran en diferentes partes clave de la misma: en la direcci\u00f3n, los bujes, el eje pedalier, pivotes de la suspensi\u00f3n\u2026 y tienen como funci\u00f3n, permitir el movimiento de giro entre dos piezas unidas mediante la rodadura, a diferencia de los casquillos de fricci\u00f3n que lo hacen por deslizamiento de las superficies de contacto. Esto permite un giro m\u00e1s suave y con menor fricci\u00f3n por lo que pueden girar a mayor velocidad. Sin embargo, la menor superficie de contacto existente hace que no puedan soportar cargas tan elevadas.<\/span><\/p>\n<p>&nbsp;<\/p>\n<p style=\"text-align: justify;\"><span style=\"color: #ffffff;\">Estas caracter\u00edsticas hacen que encontremos diferentes tipos de rodamientos para los diferentes puntos de giro que podemos encontrar en la bicicleta ya que los requisitos funcionales son bastante diferentes: alta velocidad de giro en los ejes de las ruedas, cargas elevadas y giros reducidos en las articulaciones del sistema de suspensi\u00f3n, direcci\u00f3n de carga axial en la direcci\u00f3n\u2026<\/span><\/p>\n<p>[\/vc_column_text][\/qode_elements_holder_item][\/qode_elements_holder][\/vc_column][\/vc_row][vc_row css_animation=&#8221;&#8221; row_type=&#8221;row&#8221; use_row_as_full_screen_section=&#8221;no&#8221; type=&#8221;full_width&#8221; angled_section=&#8221;no&#8221; text_align=&#8221;left&#8221; background_image_as_pattern=&#8221;without_pattern&#8221; el_class=&#8221;video-box-l&#8221;][vc_column][qode_elements_holder number_of_columns=&#8221;two_columns&#8221;][qode_elements_holder_item advanced_animations=&#8221;no&#8221; item_padding=&#8221;7% 14% 5% 14%&#8221; item_padding_1024_1280=&#8221;17% 9% 18% 9%&#8221; item_padding_768_1024=&#8221;12% 4% 12% 5%&#8221; item_padding_600_768=&#8221;12% 8% 12% 8%&#8221; item_padding_480_600=&#8221;17% 8% 18% 8%&#8221; item_padding_480=&#8221;17% 8% 18% 8%&#8221;][vc_column_text]<\/p>\n<p style=\"text-align: center;\"><span style=\"color: #149544;\"><strong>RODAMIENTOS DE ACERO<\/strong><\/span><\/p>\n<p>[\/vc_column_text][vc_empty_space][vc_column_text]<\/p>\n<p style=\"text-align: justify;\"><span style=\"color: #ffffff;\">Los rodamientos de acero son los m\u00e1s habituales en las bicicletas ya que son muy duraderos siempre que se mantenga una correcta limpieza y un buen engrase. Tienen bolas de acero situadas de forma radial en el interior de las pistas o caminos de rodadura. Son realmente muy efectivos, y reducen notablemente la fricci\u00f3n en el giro respecto a otros sistemas como los casquillos.<\/span><\/p>\n<p style=\"text-align: justify;\"><span style=\"color: #ffffff;\">En el caso de los rodamientos de acero ISB, los test realizados muestran que el uso de materiales de calidad superior en estos rodamientos hace que su vida media (en iguales condiciones de carga y velocidad que lo est\u00e1ndar) sea hasta 1.5 veces superior que los est\u00e1ndar.<\/span><\/p>\n<p>&nbsp;<\/p>\n<p style=\"text-align: justify;\"><span style=\"color: #ffffff;\">Otras caracter\u00edsticas de los rodamientos de acero ISB:<\/span><\/p>\n<ul style=\"text-align: justify;\">\n<li><span style=\"color: #ffffff;\">Mayor resistencia a cargas repentinas de impacto.<\/span><\/li>\n<li><span style=\"color: #ffffff;\">Mayor suavidad y facilidad de rotaci\u00f3n para reducir la resistencia de giro y la conservaci\u00f3n de energ\u00eda.<\/span><\/li>\n<li><span style=\"color: #ffffff;\">Equilibrio superior entre un buen rendimiento de sellado y un menor par de rodadura.<\/span><\/li>\n<li><span style=\"color: #ffffff;\">Tratamiento t\u00e9rmico exclusivo, para reducir las deformaciones de los aros y asegurar su resistencia.<\/span><\/li>\n<\/ul>\n<p>&nbsp;<\/p>\n<p style=\"text-align: justify;\"><span style=\"color: #ffffff;\">Los rodamientos de acero pueden ser de Acero Cromo o de Acero Inoxidable (en este caso la referencia incluir\u00e1 el sufijo SS)<\/span><\/p>\n<p>[\/vc_column_text][\/qode_elements_holder_item][qode_elements_holder_item cover=&#8221;yes&#8221; advanced_animations=&#8221;no&#8221; background_image=&#8221;34890&#8243; item_padding=&#8221;0 0% 0 61px&#8221; item_padding_1024_1280=&#8221;0 0% 30px 61px&#8221; item_padding_480_600=&#8221;0 0% 30px 8%&#8221; item_padding_480=&#8221;0 0% 30px 8%&#8221;][vc_empty_space height=&#8221;194px&#8221;][vc_empty_space height=&#8221;13px&#8221;][\/qode_elements_holder_item][\/qode_elements_holder][\/vc_column][\/vc_row][vc_row css_animation=&#8221;&#8221; row_type=&#8221;row&#8221; use_row_as_full_screen_section=&#8221;no&#8221; type=&#8221;full_width&#8221; angled_section=&#8221;no&#8221; text_align=&#8221;left&#8221; background_image_as_pattern=&#8221;without_pattern&#8221; el_class=&#8221;video-box-l&#8221;][vc_column][qode_elements_holder number_of_columns=&#8221;two_columns&#8221;][qode_elements_holder_item cover=&#8221;yes&#8221; advanced_animations=&#8221;no&#8221; background_image=&#8221;34886&#8243; item_padding=&#8221;0 0% 0 61px&#8221; item_padding_1024_1280=&#8221;0 0% 30px 61px&#8221; item_padding_480_600=&#8221;0 0% 30px 8%&#8221; item_padding_480=&#8221;0 0% 30px 8%&#8221;][vc_empty_space height=&#8221;194px&#8221;][vc_empty_space height=&#8221;13px&#8221;][\/qode_elements_holder_item][qode_elements_holder_item advanced_animations=&#8221;no&#8221; item_padding=&#8221;5% 14% 5% 14%&#8221; item_padding_1024_1280=&#8221;17% 9% 18% 9%&#8221; item_padding_768_1024=&#8221;12% 4% 12% 5%&#8221; item_padding_600_768=&#8221;12% 8% 12% 8%&#8221; item_padding_480_600=&#8221;17% 8% 18% 8%&#8221; item_padding_480=&#8221;17% 8% 18% 8%&#8221;][vc_column_text]<\/p>\n<p style=\"text-align: center;\"><span style=\"color: #149544;\"><strong>RODAMIENTOS CER\u00c1MICOS<\/strong><\/span><\/p>\n<p>[\/vc_column_text][vc_empty_space][vc_column_text]<\/p>\n<p style=\"text-align: justify;\"><span style=\"color: #ffffff;\">Llamamos rodamientos cer\u00e1micos a aquellos rodamientos en los que el habitual acero utilizado en su fabricaci\u00f3n es sustituido por un material cer\u00e1mico ya sea s\u00f3lo en las bolas para los rodamientos h\u00edbridos o bien tanto en las bolas como en las pistas para los Full Ceramic. Situados normalmente en las ruedas, los rodamientos cer\u00e1micos est\u00e1n en disposici\u00f3n de aportar una notable mejora de la eficiencia, maximizando las prestaciones de la propia bicicleta.<\/span><\/p>\n<p>&nbsp;<\/p>\n<p style=\"text-align: justify;\"><span style=\"color: #ffffff;\">Sus principales ventajas frente a los rodamientos est\u00e1ndar son, por un lado una mayor velocidad de funcionamiento y por otro, una vida \u00fatil m\u00e1s prolongada en unas mismas condiciones de uso. Su bajo coeficiente de fricci\u00f3n (hasta 10 veces menor que en los rodamientos de acero) debido a la ligereza de las bolas, proporciona un funcionamiento extremadamente suave generando un menor calentamiento, un menor desgaste y por lo tanto, prolongando su durabilidad.<\/span><\/p>\n<p>&nbsp;<\/p>\n<p style=\"text-align: justify;\"><span style=\"color: #ffffff;\">Las bolas de cer\u00e1mica, al ser m\u00e1s ligeras, generan una menor fuerza centr\u00edfuga que se traduce en una menor fricci\u00f3n y permite que los rodamientos se muevan m\u00e1s r\u00e1pido ya que requieren menos energ\u00eda para mantener la velocidad. La cer\u00e1mica es muy resistente a la oxidaci\u00f3n, por lo que su vida \u00fatil es tambi\u00e9n superior a la de los rodamientos de acero. Las bolas de cer\u00e1mica conservan sus caracter\u00edsticas rodantes por m\u00e1s tiempo y no tienen la misma necesidad de mantenimiento que las de acero, funcionando correctamente incluso con una cantidad muy peque\u00f1a de aceite lubricante.<\/span><\/p>\n<p>&nbsp;<\/p>\n<p style=\"text-align: justify;\"><span style=\"color: #ffffff;\">El grado superior de dureza de este tipo de rodamientos requiere de un acabado superficial m\u00e1s exigente que en los de acero y en el caso de los h\u00edbridos, las bolas cer\u00e1micas mucho m\u00e1s lisas y resistentes, van puliendo microsc\u00f3picamente las pistas de acero mejorando su acabado y produciendo un rodar m\u00e1s suave. De ah\u00ed la expresi\u00f3n de que las bolas cer\u00e1micas \u201climpian\u201d las pistas y requieren de un periodo de rodaje.<\/span><\/p>\n<p>&nbsp;<\/p>\n<p style=\"text-align: justify;\"><span style=\"color: #ffffff;\">La gama de rodamientos cer\u00e1micos ISB diferencia 3 series:<\/span><\/p>\n<ul>\n<li style=\"text-align: justify;\"><span style=\"color: #ffffff;\"><strong>SC<\/strong>: rodamientos inoxidables con bolas cer\u00e1micas. son el complemento perfecto para proteger el rodamiento evitando la corrosi\u00f3n y el deterioro producido por los agentes contaminantes externos m\u00e1s habituales como agua, polvo, barro\u2026<\/span><\/li>\n<li style=\"text-align: justify;\"><span style=\"color: #ffffff;\"><strong>CB<\/strong>: rodamientos de acero cromo con bolas cer\u00e1micas<\/span><\/li>\n<li style=\"text-align: justify;\"><span style=\"color: #ffffff;\"><strong>Full ceramic: <\/strong>rodamientos completamente cer\u00e1micos, indicados para el ciclismo en pista.<\/span><\/li>\n<\/ul>\n<p>[\/vc_column_text][\/qode_elements_holder_item][\/qode_elements_holder][\/vc_column][\/vc_row][vc_row css_animation=&#8221;&#8221; row_type=&#8221;row&#8221; use_row_as_full_screen_section=&#8221;no&#8221; type=&#8221;full_width&#8221; angled_section=&#8221;no&#8221; text_align=&#8221;left&#8221; background_image_as_pattern=&#8221;without_pattern&#8221; el_class=&#8221;video-box-l&#8221; el_id=&#8221;psicologia-deportiva&#8221; z_index=&#8221;&#8221;][vc_column][qode_elements_holder number_of_columns=&#8221;two_columns&#8221;][qode_elements_holder_item advanced_animations=&#8221;no&#8221; item_padding=&#8221;7% 14% 5% 14%&#8221; item_padding_1024_1280=&#8221;17% 9% 18% 9%&#8221; item_padding_768_1024=&#8221;12% 4% 12% 5%&#8221; item_padding_600_768=&#8221;12% 8% 12% 8%&#8221; item_padding_480_600=&#8221;17% 8% 18% 8%&#8221; item_padding_480=&#8221;17% 8% 18% 8%&#8221;][vc_column_text]<\/p>\n<p style=\"text-align: center;\"><strong><span style=\"color: #149544;\">RODAMIENTOS XFORCE<\/span><\/strong><\/p>\n<p>[\/vc_column_text][vc_empty_space][vc_column_text]<span style=\"color: #ffffff;\">Los rodamientos XForce nacen a partir de un proceso de alta tecnolog\u00eda que tiene como principal objetivo reducir la fricci\u00f3n y finalmente da como resultado, una vida \u00fatil m\u00e1s prolongada y una mayor eficiencia.<\/span><\/p>\n<p>&nbsp;<\/p>\n<p><span style=\"color: #ffffff;\">Dado que los rodamientos son la columna vertebral de cualquier sistema de rodadura, pueden experimentar altas temperaturas de funcionamiento, velocidades variables, cargas severas y fricci\u00f3n; condiciones que conducen a un sobrecalentamiento, p\u00e9rdidas significativas de caballos de fuerza y, en \u00faltima instancia,\u00a0 a una disminuci\u00f3n del rendimiento de las superficies met\u00e1licas que interact\u00faan. Sin embargo, los rodamientos XForce est\u00e1n dotados de una superficie lisa y dise\u00f1ada mediante precisos\u00a0 procesos de ingenier\u00eda que no s\u00f3lo resiste las duras condiciones generadas en las carreras, sino que tambi\u00e9n ayuda a los deportistas a sobresalir.<\/span><\/p>\n<p><span style=\"color: #ffffff;\">ISB Sport y el mundo de la competici\u00f3n comparten un objetivo com\u00fan: lograr un resultado &#8220;ganador&#8221; en todo momento.<\/span><\/p>\n<p>&nbsp;<\/p>\n<p><span style=\"color: #ffffff;\"><strong>Principales ventajas:<\/strong><\/span><\/p>\n<ul>\n<li><span style=\"color: #ffffff;\">Reducci\u00f3n del 88% \u2013 90% de la fricci\u00f3n<\/span><\/li>\n<li><span style=\"color: #ffffff;\">Ahorro de energ\u00eda de entre 7,15 y 9,45 vatios<\/span><\/li>\n<li><span style=\"color: #ffffff;\">Resistencia a la corrosi\u00f3n testada hasta 1.500 horas.<\/span><\/li>\n<\/ul>\n<p>&nbsp;<\/p>\n<p><span style=\"color: #ffffff;\"><strong>Esta gama Premium de rodamientos incluye dos series:<\/strong><\/span><\/p>\n<ul>\n<li><span style=\"color: #149544;\"><strong>XForce<\/strong><\/span><span style=\"color: #ffffff;\">: compuesta por rodamientos de acero<\/span><\/li>\n<li><strong><span style=\"color: #149544;\">XForce Ceramic<\/span><span style=\"color: #ffffff;\">:<\/span><\/strong><span style=\"color: #ffffff;\"> compuesta por rodamientos cer\u00e1micos h\u00edbridos<\/span><\/li>\n<\/ul>\n<p>[\/vc_column_text][\/qode_elements_holder_item][qode_elements_holder_item cover=&#8221;yes&#8221; advanced_animations=&#8221;no&#8221; background_image=&#8221;34887&#8243; item_padding=&#8221;0 0% 0 61px&#8221; item_padding_1024_1280=&#8221;0 0% 30px 61px&#8221; item_padding_480_600=&#8221;0 0% 30px 8%&#8221; item_padding_480=&#8221;0 0% 30px 8%&#8221;][vc_empty_space height=&#8221;194px&#8221;][vc_empty_space height=&#8221;13px&#8221;][\/qode_elements_holder_item][\/qode_elements_holder][\/vc_column][\/vc_row][vc_row css_animation=&#8221;&#8221; row_type=&#8221;row&#8221; use_row_as_full_screen_section=&#8221;no&#8221; type=&#8221;full_width&#8221; angled_section=&#8221;no&#8221; text_align=&#8221;left&#8221; background_image_as_pattern=&#8221;without_pattern&#8221; el_class=&#8221;video-box-l&#8221;][vc_column][qode_elements_holder number_of_columns=&#8221;two_columns&#8221;][qode_elements_holder_item cover=&#8221;yes&#8221; advanced_animations=&#8221;no&#8221; background_image=&#8221;34883&#8243; item_padding=&#8221;0 0% 0 61px&#8221; item_padding_1024_1280=&#8221;0 0% 30px 61px&#8221; item_padding_480_600=&#8221;0 0% 30px 8%&#8221; item_padding_480=&#8221;0 0% 30px 8%&#8221;][vc_empty_space height=&#8221;194px&#8221;][vc_empty_space height=&#8221;13px&#8221;][\/qode_elements_holder_item][qode_elements_holder_item advanced_animations=&#8221;no&#8221; item_padding=&#8221;7% 14% 5% 14%&#8221; item_padding_1024_1280=&#8221;17% 9% 18% 9%&#8221; item_padding_768_1024=&#8221;12% 4% 12% 5%&#8221; item_padding_600_768=&#8221;12% 8% 12% 8%&#8221; item_padding_480_600=&#8221;17% 8% 18% 8%&#8221; item_padding_480=&#8221;17% 8% 18% 8%&#8221;][vc_column_text]<\/p>\n<p style=\"text-align: center;\"><span style=\"color: #149544;\"><strong>RODAMIENTOS VMAX<\/strong><\/span><\/p>\n<p>[\/vc_column_text][vc_empty_space][vc_column_text]<\/p>\n<p style=\"text-align: justify;\"><span style=\"color: #ffffff;\">Para la zona de la suspensi\u00f3n se han desarrollado rodamientos aptos para soportar ciertos niveles de carga, sin que ello suponga un incremento significativo del peso ni de tama\u00f1o. Se trata de los rodamientos de la serie VMax que han sido especialmente dise\u00f1ados para todo el conjunto de la articulaci\u00f3n principal del basculante, bieleta y amortiguador, para soportar giros reducidos.<\/span><\/p>\n<p>&nbsp;<\/p>\n<p style=\"text-align: justify;\"><span style=\"color: #ffffff;\">Su principal caracter\u00edstica reside en su dise\u00f1o especial \u201cfull ball\u201d que consiste en la supresi\u00f3n de la habitual jaula interior que separa las bolas y que permite entonces la inserci\u00f3n del mayor n\u00famero posible de bolas. Las pistas de sus aros son m\u00e1s profundas con el fin de obtener un mayor apoyo lateral de cara a la torsi\u00f3n y a las m\u00faltiples fuerzas asociadas con los pivotes de la bicicleta, de monta\u00f1a sobretodo.<\/span><\/p>\n<p>&nbsp;<\/p>\n<p style=\"text-align: justify;\"><span style=\"color: #ffffff;\">Adem\u00e1s, en estos rodamientos se maximiza la cantidad de grasa con la que se lubrican para evitar \u201cque chirr\u00ede la suspensi\u00f3n\u201d. Los rodamientos VMax ISB utilizan grasa Mobil XHP-222 y se rellenan desde un 40% (en algunos modelos de doble hilera) hasta un 80%, en funci\u00f3n de las medidas del rodamiento.<\/span><\/p>\n<p>&nbsp;<\/p>\n<p style=\"text-align: justify;\"><span style=\"color: #ffffff;\">Los rodamientos VMax tienen hasta un 35%-40% m\u00e1s de capacidad de carga que los rodamientos de acero de la serie est\u00e1ndar de ISB.<\/span><\/p>\n<p>[\/vc_column_text][\/qode_elements_holder_item][\/qode_elements_holder][\/vc_column][\/vc_row][vc_row css_animation=&#8221;&#8221; row_type=&#8221;row&#8221; use_row_as_full_screen_section=&#8221;no&#8221; type=&#8221;full_width&#8221; angled_section=&#8221;no&#8221; text_align=&#8221;left&#8221; background_image_as_pattern=&#8221;without_pattern&#8221; el_class=&#8221;video-box-l&#8221;][vc_column][qode_elements_holder number_of_columns=&#8221;two_columns&#8221;][qode_elements_holder_item advanced_animations=&#8221;no&#8221; item_padding=&#8221;7% 14% 5% 14%&#8221; item_padding_1024_1280=&#8221;17% 9% 18% 9%&#8221; item_padding_768_1024=&#8221;12% 4% 12% 5%&#8221; item_padding_600_768=&#8221;12% 8% 12% 8%&#8221; item_padding_480_600=&#8221;17% 8% 18% 8%&#8221; item_padding_480=&#8221;17% 8% 18% 8%&#8221;][vc_column_text]<\/p>\n<p style=\"text-align: center;\"><strong><span style=\"color: #149544;\">RODAMIENTOS PARA DIRECCI\u00d3N<\/span><\/strong><\/p>\n<p>[\/vc_column_text][vc_empty_space][vc_column_text]<\/p>\n<p style=\"text-align: justify;\"><span style=\"color: #ffffff;\">La direcci\u00f3n de la bicicleta es el mecanismo alojado entre la horquilla y el cuadro que a su vez aloja los rodamientos que posibilitan el giro del tubo de la horquilla permitiendo el movimiento lateral de la rueda delantera y por lo tanto, el cambio de direcci\u00f3n de la bicicleta.<\/span><\/p>\n<p>&nbsp;<\/p>\n<p style=\"text-align: justify;\"><span style=\"color: #ffffff;\">Para saber qu\u00e9 tipo de rodamiento debemos usar, es necesario saber que existen 2 tipos de direcciones en funci\u00f3n de la forma de unirla al cuadro y del tipo de potencia usada. La llamada \u201croscada\u201d (threaded) y la \u201cno roscada\u201d (threadless) o ahead donde el tubo de la horquilla es totalmente liso, sin rosca alguna.<\/span><\/p>\n<p>&nbsp;<\/p>\n<p style=\"text-align: justify;\"><span style=\"color: #ffffff;\">Al hablar de los diferentes tipos de direcciones ahead, se hace referencia a las diferentes maneras de alojar los rodamientos en el cuadro, en funci\u00f3n de c\u00f3mo est\u00e9 construido, a la \u201cpipa de direcci\u00f3n\u201d.<\/span><\/p>\n<ul style=\"text-align: justify;\">\n<li><span style=\"color: #ffffff;\">Direcciones convencionales: en cuadros sin espacio interno para alojar las cazoletas en cuyo caso los rodamientos se montan en las cazoletas externas.<\/span><\/li>\n<li><span style=\"color: #ffffff;\">Direcciones semi-integradas: en cuadros que s\u00ed permiten alojar las cazoletas de direcci\u00f3n y a su vez los rodamientos.<\/span><\/li>\n<li><span style=\"color: #ffffff;\">Direcciones integradas: en los que los rodamientos se montan de manera directa, sin recurrir a uso de cazoletas.<\/span><\/li>\n<\/ul>\n<p style=\"text-align: justify;\"><span style=\"color: #ffffff;\">Estos rodamientos tienen un dise\u00f1o especial diferente al convencional que incorpora de manera visible unos ligeros chaflanes tanto en el interior como en el exterior, cuyas medidas vienen determinadas por los diferentes grados. Por lo que, para escoger los rodamientos m\u00e1s adecuados para nuestra direcci\u00f3n, es necesario tener muy en cuenta las medidas del di\u00e1metro interior, del di\u00e1metro exterior, de la altura y los \u00e1ngulos de contacto con cada uno de los chaflanes.<\/span><\/p>\n<p>&nbsp;<\/p>\n<p style=\"text-align: justify;\"><span style=\"color: #ffffff;\">Si cogemos por ejemplo los rodamientos MH-P08 45\u00ba\/45\u00ba de ISB indicados para las direcciones ahead, la primera medida 45\u00ba hace referencia al \u00e1ngulo interno y el segundo 45\u00ba al \u00e1ngulo externo. De todas formas, esta informaci\u00f3n suele ir grabada en el aro exterior del propio rodamiento.<\/span><\/p>\n<p>&nbsp;<\/p>\n<p style=\"text-align: justify;\"><span style=\"color: #ffffff;\">Los rodamientos que se montan en estos tipos de direcciones suelen ser sellados lo que evita un mantenimiento recurrente dado que la grasa permanece en el interior, evitando el desgaste de las bolas y alargando su vida \u00fatil. El sellado los protege adem\u00e1s de los habituales agentes contaminantes, la temperatura, el polvo, la humedad, etc\u2026<\/span><\/p>\n<p>&nbsp;<\/p>\n<p style=\"text-align: justify;\"><span style=\"color: #ffffff;\">A pesar de que el mercado de bicicletas incluye un gran n\u00famero de medidas para los diferentes tipos de direcciones, la marca ISB ofrece una amplia selecci\u00f3n de medidas y \u00e1ngulos de contacto que la sit\u00faan entre las favoritas de los talleres especializados m\u00e1s exigentes.<\/span><\/p>\n<p>[\/vc_column_text][\/qode_elements_holder_item][qode_elements_holder_item cover=&#8221;yes&#8221; advanced_animations=&#8221;no&#8221; background_image=&#8221;34885&#8243; item_padding=&#8221;0 0% 0 61px&#8221; item_padding_1024_1280=&#8221;0 0% 30px 61px&#8221; item_padding_480_600=&#8221;0 0% 30px 8%&#8221; item_padding_480=&#8221;0 0% 30px 8%&#8221;][vc_empty_space height=&#8221;194px&#8221;][vc_empty_space height=&#8221;13px&#8221;][\/qode_elements_holder_item][\/qode_elements_holder][\/vc_column][\/vc_row]<\/p>\n<\/div>","protected":false},"excerpt":{"rendered":"<p>[vc_row css_animation=&#8221;&#8221; row_type=&#8221;row&#8221; use_row_as_full_screen_section=&#8221;no&#8221; type=&#8221;full_width&#8221; angled_section=&#8221;no&#8221; text_align=&#8221;left&#8221; background_image_as_pattern=&#8221;without_pattern&#8221;][vc_column][vc_empty_space][\/vc_column][\/vc_row][vc_row css_animation=&#8221;&#8221; row_type=&#8221;row&#8221; use_row_as_full_screen_section=&#8221;no&#8221; type=&#8221;full_width&#8221; angled_section=&#8221;no&#8221; text_align=&#8221;left&#8221; background_image_as_pattern=&#8221;without_pattern&#8221; el_class=&#8221;video-box-l&#8221;][vc_column][qode_elements_holder number_of_columns=&#8221;two_columns&#8221; switch_to_one_column=&#8221;768&#8243;][qode_elements_holder_item cover=&#8221;yes&#8221; advanced_animations=&#8221;no&#8221; background_image=&#8221;34884&#8243; item_padding=&#8221;0 0% 0 31px&#8221; item_padding_1024_1280=&#8221;0 0% 30px 61px&#8221; item_padding_480_600=&#8221;0 0% 30px 8%&#8221; item_padding_480=&#8221;0 0% 30px 8%&#8221;][vc_empty_space height=&#8221;194px&#8221;][vc_empty_space height=&#8221;13px&#8221;][\/qode_elements_holder_item][qode_elements_holder_item advanced_animations=&#8221;no&#8221; item_padding=&#8221;15% 14% 35% 14%&#8221; item_padding_1024_1280=&#8221;17%&#8230;<\/p>\n","protected":false},"author":1,"featured_media":0,"parent":0,"menu_order":0,"comment_status":"closed","ping_status":"closed","template":"full_width.php","meta":{"footnotes":""},"class_list":["post-48954","page","type-page","status-publish","hentry"],"_links":{"self":[{"href":"https:\/\/isbsport.com\/latam\/wp-json\/wp\/v2\/pages\/48954","targetHints":{"allow":["GET"]}}],"collection":[{"href":"https:\/\/isbsport.com\/latam\/wp-json\/wp\/v2\/pages"}],"about":[{"href":"https:\/\/isbsport.com\/latam\/wp-json\/wp\/v2\/types\/page"}],"author":[{"embeddable":true,"href":"https:\/\/isbsport.com\/latam\/wp-json\/wp\/v2\/users\/1"}],"replies":[{"embeddable":true,"href":"https:\/\/isbsport.com\/latam\/wp-json\/wp\/v2\/comments?post=48954"}],"version-history":[{"count":0,"href":"https:\/\/isbsport.com\/latam\/wp-json\/wp\/v2\/pages\/48954\/revisions"}],"wp:attachment":[{"href":"https:\/\/isbsport.com\/latam\/wp-json\/wp\/v2\/media?parent=48954"}],"curies":[{"name":"wp","href":"https:\/\/api.w.org\/{rel}","templated":true}]}}