{"id":48960,"date":"2018-09-23T13:00:17","date_gmt":"2018-09-23T12:00:17","guid":{"rendered":"https:\/\/isbsport.com\/rodamientos-patin\/"},"modified":"2025-12-16T09:02:37","modified_gmt":"2025-12-16T08:02:37","slug":"catalogo-rodamientos-isb-patin-skate","status":"publish","type":"page","link":"https:\/\/isbsport.com\/latam\/catalogo-rodamientos-isb-patin-skate\/","title":{"rendered":"Catalogo Rodamientos ISB Pat\u00edn Skate"},"content":{"rendered":"<div class=\"wpb-content-wrapper\"><p>[vc_row css_animation=&#8221;&#8221; row_type=&#8221;row&#8221; use_row_as_full_screen_section=&#8221;yes&#8221; type=&#8221;full_width&#8221; angled_section=&#8221;no&#8221; text_align=&#8221;left&#8221; background_image_as_pattern=&#8221;without_pattern&#8221; padding_top=&#8221;0&#8243; css=&#8221;.vc_custom_1738233099859{margin-top: 0px !important;margin-right: 0px !important;margin-left: 0px !important;border-top-width: 0px !important;border-right-width: 0px !important;border-left-width: 0px !important;padding-top: 0px !important;padding-right: 0px !important;padding-left: 0px !important;background-image: url(https:\/\/isbsport.com\/wp-content\/uploads\/2025\/01\/Catalogo-ISB-Sport-imagen-fondo-doble-scaled-ROLLER.jpg?id=61973) !important;}&#8221; z_index=&#8221;&#8221;][vc_column width=&#8221;1\/2&#8243; css=&#8221;.vc_custom_1718780927432{padding-top: 100px !important;padding-bottom: 0px !important;}&#8221;][vc_single_image image=&#8221;61948&#8243; img_size=&#8221;full&#8221; qode_css_animation=&#8221;&#8221;][\/vc_column][vc_column width=&#8221;1\/2&#8243; css=&#8221;.vc_custom_1718781197953{margin-top: 160px !important;}&#8221;][vc_column_text css=&#8221;.vc_custom_1738233565573{margin-top: 0px !important;margin-left: 00px !important;}&#8221;]<\/p>\n<div class=\"dae-shortcode-download-text\">\n<h4><\/h4>\n<h4 style=\"text-align: center;\"><span style=\"font-family: arial black, sans-serif; color: #000000;\"><strong>SOLICITA EL CAT\u00c1LOGO COMPLETO<\/strong><\/span><br \/>\n<span style=\"font-family: arial black, sans-serif; color: #000000;\"><strong>DE RODAMIENTOS ISB SPORT<\/strong><\/span><br \/>\n<span style=\"font-family: arial black, sans-serif;\"><strong><span style=\"color: #000000;\">PARA<\/span> <span style=\"color: #149544;\">ROLLER, PAT\u00cdN Y SKATE<\/span><\/strong><\/span><\/h4>\n<p style=\"text-align: center;\"><span style=\"color: #000000;\"><i>&#8211; Versi\u00f3n Enero 2025 &#8211;<\/i><\/span><\/p>\n<p>&nbsp;<\/p>\n<\/div>\n<p>[\/vc_column_text][vc_column_text css=&#8221;.vc_custom_1738234042846{margin-left: 0px !important;}&#8221;]<style type=\"text\/css\">\r\n\t\t#dae-shortcode51474-download-wrapper {\r\n\t\t\tbackground: url() !important;\r\n\t\t\tbackground-attachment: scroll !important;\r\n\t\t}\r\n\t\t#dae-shortcode51474-download-wrapper .dae-shortcode-download-file-image {\r\n\t\t\twidth: 80% !important;\r\n\t\t}\r\n\t\t#dae-shortcode51474-download-wrapper.dae-shortcode-download-wrapper-wide .dae-shortcode-download-file-image {\r\n\t\t\twidth: 40% !important;\r\n\t\t}\r\n\t\t#dae-shortcode51474-download-wrapper .dae-shortcode-download-title {\r\n\t\t\tfont-size: 1px !important;\r\n\t\t\tfont-family: Arial, Helvetica, sans-serif !important;\r\n\t\t\tcolor: #149544 !important;\r\n\t\t}\r\n\t\t#dae-shortcode51474-download-wrapper .dae-shortcode-download-text {\r\n\t\t\tfont-size: 1px !important;\r\n\t\t\tfont-family: Arial, Helvetica, sans-serif !important;\r\n\t\t\tcolor: #149544 !important;\r\n\t\t}\r\n\t\t#dae-shortcode51474-download-wrapper .dae-shortcode-download-text h1,\r\n\t\t#dae-shortcode51474-download-wrapper .dae-shortcode-download-text h2,\r\n\t\t#dae-shortcode51474-download-wrapper .dae-shortcode-download-text h3,\r\n\t\t#dae-shortcode51474-download-wrapper .dae-shortcode-download-text h4,\r\n\t\t#dae-shortcode51474-download-wrapper .dae-shortcode-download-text h5 {\r\n\t\t\tfont-family: Arial, Helvetica, sans-serif !important;\r\n\t\t}\r\n\t\t#dae-shortcode51474-download-wrapper .dae-shortcode-download-button {\r\n\t\t\tcolor: #149544 !important;\r\n\t\t\tbackground: none !important;\r\n\t\t\tfont-size: 16px !important;\r\n\t\t\tfont-family: Arial, Helvetica, sans-serif !important;\r\n\t\t\twidth: auto !important;\r\n\t\t\tpadding: 20px 8px !important;\r\n\t\t\tborder-color: #149544 !important;\r\n\t\t\tborder-radius: 10px !important;\r\n\t\t\t-moz-border-radius: 10px !important;\r\n\t\t\t-webkit-border-radius: 10px !important;\r\n\t\t}\r\n\t\t#dae-shortcode51474-download-wrapper .dae-shortcode-download-button:hover {\r\n\t\t\tcolor: #ffffff !important;\r\n\t\t\tbackground: #149544 !important;\r\n\t\t\tborder-color: #149544 !important;\r\n\t\t\tfont-size: 16px !important;\r\n\t\t\tfont-family: Arial, Helvetica, sans-serif !important;\r\n\t\t\twidth: auto !important;\r\n\t\t\tpadding: 20px 8px !important;\r\n\t\t\tborder-radius: 10px !important;\r\n\t\t\t-moz-border-radius: 10px !important;\r\n\t\t\t-webkit-border-radius: 10px !important;\r\n\t\t}\r\n\t\t#dae-shortcode51474-download-wrapper .dae-shortcode-register-label {\r\n\t\t\tfont-size: 16px !important;\r\n\t\t\tfont-family: Arial, Helvetica, sans-serif !important;\r\n\t\t\tcolor: #149544 !important;\r\n\t\t}\r\n\t\t#dae-shortcode51474-download-wrapper .dae-shortcode-register-icon {\r\n\t\t\theight: calc(42px + 4px) !important;\r\n\t\t\tfont-size: 14px !important;\r\n\t\t\tfont-family: Arial, Helvetica, sans-serif !important;\r\n\t\t\tpadding: 14px !important;\r\n\t\t\tcolor: #ffffff !important;\r\n\t\t\tbackground: #149544 !important;\r\n\t\t\tborder-radius: 10px 0 0 10px !important;\r\n\t\t\t-moz-border-radius: 10px 0 0 10px !important;\r\n\t\t\t-webkit-border-radius: 10px 0 0 10px !important;\r\n\t\t}\r\n\t\t#dae-shortcode51474-download-wrapper .dae-shortcode-register-field {\r\n\t\t\theight: calc(42px + 4px) !important;\r\n\t\t\tfont-size: 14px !important;\r\n\t\t\tfont-family: Arial, Helvetica, sans-serif !important;\r\n\t\t\tpadding: 14px !important;\r\n\t\t\tcolor: #149544 !important;\r\n\t\t\tbackground: #f9f9f9 !important;\r\n\t\t\tborder-radius: 0 10px 10px 0 !important;\r\n\t\t\t-moz-border-radius: 0 10px 10px 0 !important;\r\n\t\t\t-webkit-border-radius: 0 10px 10px 0 !important;\r\n\t\t}\r\n\t\t#dae-shortcode51474-download-wrapper .dae-shortcode-register-select-icon {\r\n\t\t\ttop: calc(50% - 7px) !important;\r\n\t\t\tright: 14px !important;\r\n\t\t\tfont-size: 14px !important;\r\n\t\t\tfont-family: Arial, Helvetica, sans-serif !important;\r\n\t\t\tcolor: #149544 !important;\r\n\t\t}\r\n\t\t#dae-shortcode51474-download-wrapper .dae-shortcode-register-field::-webkit-input-placeholder,\r\n\t\t#dae-shortcode51474-download-wrapper .dae-shortcode-register-field::placeholder {\r\n\t\t\tcolor: #888888 !important;\r\n\t\t\tfont-family: Arial, Helvetica, sans-serif !important;\r\n\t\t}\r\n\t\t#dae-shortcode51474-download-wrapper .dae-shortcode-register-field::-ms-input-placeholder {\r\n\t\t\tcolor: #888888 !important;\r\n\t\t\tfont-family: Arial, Helvetica, sans-serif !important;\r\n\t\t}\r\n\t\t#dae-shortcode51474-download-wrapper .dae-shortcode-register-checkbox-text {\r\n\t\t\tcolor: #ffffff !important;\r\n\t\t\tfont-size: 12px !important;\r\n\t\t\tfont-family: Arial, Helvetica, sans-serif !important;\r\n\t\t}\r\n\t\t#dae-shortcode51474-download-wrapper .dae-shortcode-register-checkbox-text a {\r\n\t\t\tcolor: #149544 !important;\r\n\t\t}\r\n\t\t#dae-shortcode51474-download-wrapper .dae-shortcode-register-checkbox-text a:hover {\r\n\t\t\tcolor: #149544 !important;\r\n\t\t}\r\n\t\t#dae-shortcode51474-download-wrapper .dae-shortcode-register-submit {\r\n\t\t\tcolor: #ffffff !important;\r\n\t\t\tfont-size: 16px !important;\r\n\t\t\tfont-family: Arial, Helvetica, sans-serif !important;\r\n\t\t\tpadding: 16px !important;\r\n\t\t\tbackground: #149544 !important;\r\n\t\t\tborder-radius: 10px !important;\r\n\t\t\t-moz-border-radius: 10px !important;\r\n\t\t\t-webkit-border-radius: 10px !important;\r\n\t\t}\r\n\t\t#dae-shortcode51474-download-wrapper .dae-shortcode-register-submit:hover {\r\n\t\t\tcolor: #ffffff !important;\r\n\t\t\tbackground: #149544 !important;\r\n\t\t\tfont-size: 16px !important;\r\n\t\t\tfont-family: Arial, Helvetica, sans-serif !important;\r\n\t\t\tpadding: 16px !important;\r\n\t\t\tborder-radius: 10px !important;\r\n\t\t\t-moz-border-radius: 10px !important;\r\n\t\t\t-webkit-border-radius: 10px !important;\r\n\t\t}\r\n\t\t#dae-shortcode51474-download-wrapper .dae-shortcode-register-loading {\r\n\t\t\tcolor: #149544 !important;\r\n\t\t}\r\n\t\t#dae-shortcode51474-download-wrapper .dae-shortcode-register-message {\r\n\t\t\tfont-size: 14px !important;\r\n\t\t\tfont-family: Arial, Helvetica, sans-serif !important;\r\n\t\t}\r\n\t\t#dae-shortcode51474-download-wrapper .dae-shortcode-register-error {\r\n\t\t\tcolor: #dd1111 !important;\r\n\t\t}\r\n\t\t#dae-shortcode51474-download-wrapper .dae-shortcode-register-success {\r\n\t\t\tcolor: #149544 !important;\r\n\t\t}\r\n\t\t#dae-shortcode51474-download-wrapper .dae-shortcode-register-category-interests h4,\r\n\t\t#dae-shortcode51474-download-wrapper .dae-shortcode-register-input-wrap-interest label {\r\n\t\t\tfont-family: Arial, Helvetica, sans-serif !important;\r\n\t\t}\r\n\t\t#dae-shortcode51474-download-wrapper {\r\n\t\t\talign-items: center !important;\r\n\t\t\t-webkit-align-items: center !important;\r\n\t\t\tjustify-content: flex-start !important;\r\n\t\t\t-webkit-justify-content: flex-start !important;\r\n\t\t\t-moz-justify-content: fle-start !important;\r\n\t\t}\r\n\t\t#dae-shortcode51474-download-wrapper .dae-shortcode-download-content-wrapper,\r\n\t\t#dae-shortcode51474-download-wrapper .dae-shortcode-download-title,\r\n\t\t#dae-shortcode51474-download-wrapper .dae-shortcode-download-text,\r\n\t\t#dae-shortcode51474-download-wrapper .dae-shortcode-register-wrapper p,\r\n\t\t#dae-shortcode51474-download-wrapper .dae-shortcode-register-category-interests-wrap {\r\n\t\t\ttext-align: center !important;\r\n\t\t}\r\n\t\t#dae-shortcode51474-download-wrapper .dae-shortcode-register-field-wrap {\r\n\t\t\tjustify-content: center !important;\r\n\t\t\t-webkit-justify-content: center !important;\r\n\t\t\t-moz-justify-content: center !important;\r\n\t\t}\r\n\t\t#dae-shortcode51474-download-wrapper .dae-shortcode-register-label,\r\n\t\t#dae-shortcode51474-download-wrapper .dae-shortcode-register-message,\r\n\t\t#dae-shortcode51474-download-wrapper .dae-shortcode-register-category-interests-wrap {\r\n\t\t\tmargin: 20px auto !important;\r\n\t\t}\r\n\t\t#dae-shortcode51474-download-wrapper.dae-shortcode-download-wrapper-wide {\r\n\t\t\talign-items: center !important;\r\n\t\t\t-webkit-align-items: center !important;\r\n\t\t\tjustify-content: center !important;\r\n\t\t\t-webkit-justify-content: center !important;\r\n\t\t\t-moz-justify-content: center !important;\r\n\t\t}\r\n\t\t#dae-shortcode51474-download-wrapper.dae-shortcode-download-wrapper-wide .dae-shortcode-download-content-wrapper,\r\n\t\t#dae-shortcode51474-download-wrapper.dae-shortcode-download-wrapper-wide .dae-shortcode-download-title,\r\n\t\t#dae-shortcode51474-download-wrapper.dae-shortcode-download-wrapper-wide .dae-shortcode-download-text,\r\n\t\t#dae-shortcode51474-download-wrapper.dae-shortcode-download-wrapper-wide .dae-shortcode-register-wrapper p,\r\n\t\t#dae-shortcode51474-download-wrapper.dae-shortcode-download-wrapper-wide .dae-shortcode-register-category-interests-wrap {\r\n\t\t\ttext-align: center !important;\r\n\t\t}\r\n\t\t#dae-shortcode51474-download-wrapper.dae-shortcode-download-wrapper-wide .dae-shortcode-register-field-wrap {\r\n\t\t\tjustify-content: center !important;\r\n\t\t\t-webkit-justify-content: center !important;\r\n\t\t\t-moz-justify-content: center !important;\r\n\t\t}\r\n\t\t#dae-shortcode51474-download-wrapper.dae-shortcode-download-wrapper-wide .dae-shortcode-register-label,\r\n\t\t#dae-shortcode51474-download-wrapper.dae-shortcode-download-wrapper-wide .dae-shortcode-register-message,\r\n\t\t#dae-shortcode51474-download-wrapper.dae-shortcode-download-wrapper-wide .dae-shortcode-register-category-interests-wrap {\r\n\t\t\tmargin: 20px auto !important;\r\n\t\t}\r\n\t<\/style>\r\n\t\t<div id=\"dae-shortcode51474-download-wrapper\" class=\"dae-shortcode-download-wrapper\">\r\n\t\t\t\r\n\t\t\t<div class=\"dae-shortcode-download-content-wrapper\">\r\n\t\t\t\t\r\n\t\t\t\t\r\n\t\t\t\t<div class=\"dae-shortcode-download-button\">\r\n\t\t\t\t\t<span class=\"dae-shortcode-download-button-icon\"><i class=\"fas fa-download\"><\/i><\/span>\r\n\t\t\t\t\t<span class=\"dae-shortcode-download-button-text\">Solicitar<\/span>\r\n\t\t\t\t<\/div>\r\n\t\t\t\t<div class=\"dae-shortcode-register-wrapper\">\r\n\t\t\t\t\t<p class=\"dae-shortcode-register-label\">Enviar link de descarga a:<\/p>\r\n\t\t\t\t\t<form class=\"dae-shortcode-register-form\" method=\"post\" novalidate=\"novalidate\">\r\n\t\t\t\t\t\t<input type=\"hidden\" name=\"file\" value=\"ISB-SPORT-Roller-Bearings-2025-Low-resolution.pdf\" \/>\r\n\t\t\t\t\t\t<div class=\"dae-shortcode-register-field-wrap\"><div class=\"dae-shortcode-register-icon\"><i class=\"fas fa-envelope\"><\/i><\/div><div class=\"dae-shortcode-register-input-wrap\"><input class=\"dae-shortcode-register-field\" type=\"email\" name=\"email\" placeholder=\"Email\" autocomplete=\"off\" \/><\/div><\/div>\r\n\t\t\t\t\t\t\r\n\t\t\t<p>\r\n\t\t\t\t<input class=\"dae-shortcode-register-checkbox\" type=\"checkbox\" name=\"required_checkbox\" value=\"He le\u00eddo y acepto las condiciones contenidas en la pol\u00edtica de privacidad sobre el tratamiento de mis datos para gestionar mi consulta o petici\u00f3n.\" \/>\r\n\t\t\t\t<span class=\"dae-shortcode-register-checkbox-text\">He le\u00eddo y acepto las condiciones contenidas en la pol\u00edtica de privacidad sobre el tratamiento de mis datos para gestionar mi consulta o petici\u00f3n.<\/span>\r\n\t\t\t<\/p>\r\n\t\t\r\n\t\t\t\t\t\t\r\n\t\t\t<p>\r\n\t\t\t\t<input class=\"dae-shortcode-register-checkbox\" type=\"checkbox\" name=\"optional_checkbox\" value=\"Suscribirme a la Newsletter de ISBSPORT para recibir informaci\u00f3n comercial sobre los productos, servicios y novedades.\" \/>\r\n\t\t\t\t<span class=\"dae-shortcode-register-checkbox-text\">Suscribirme a la Newsletter de ISBSPORT para recibir informaci\u00f3n comercial sobre los productos, servicios y novedades.<\/span>\r\n\t\t\t<\/p>\r\n\t\t\r\n\t\t\t\t\t\t<p>\r\n\t\t\t\t\t\t\t<input class=\"dae-shortcode-register-submit\" type=\"submit\" value=\"Enviar link\" \/>\r\n\t\t\t\t\t\t<\/p>\r\n\t\t\t\t\t\t<p class=\"dae-shortcode-register-loading\">\r\n\t\t\t\t\t\t\t<i class=\"fas fa-spinner fa-spin\"><\/i>\r\n\t\t\t\t\t\t<\/p>\r\n\t\t\t\t\t<\/form>\r\n\t\t\t\t\t<p class=\"dae-shortcode-register-message\"><\/p>\r\n\t\t\t\t<\/div>\r\n\t\t\t<\/div>\r\n\t\t<\/div>\r\n\t[\/vc_column_text][vc_empty_space height=&#8221;130px&#8221;][vc_column_text]<\/p>\n<h4 style=\"text-align: center; color: black;\"><strong>\u00bfEST\u00c1S INTERESADO EN ADQUIRIR RODAMIENTOS ISB SPORT?<\/strong><\/h4>\n<p style=\"text-align: center; color: black;\">\u00a1Consulta en tu tienda, taller o distribuidor habitual!<\/p>\n<p>&nbsp;<\/p>\n<p style=\"text-align: center; color: black;\">Si deseas convertirte en Distribuidor ISB SPORT ponte en contacto con nosotros.<\/p>\n<p>[\/vc_column_text][vc_empty_space height=&#8221;50px&#8221;][\/vc_column][\/vc_row]<\/p>\n<\/div>","protected":false},"excerpt":{"rendered":"<p>[vc_row css_animation=&#8221;&#8221; row_type=&#8221;row&#8221; use_row_as_full_screen_section=&#8221;yes&#8221; type=&#8221;full_width&#8221; angled_section=&#8221;no&#8221; text_align=&#8221;left&#8221; background_image_as_pattern=&#8221;without_pattern&#8221; padding_top=&#8221;0&#8243; css=&#8221;.vc_custom_1738233099859{margin-top: 0px !important;margin-right: 0px !important;margin-left: 0px !important;border-top-width: 0px !important;border-right-width: 0px !important;border-left-width: 0px !important;padding-top: 0px !important;padding-right: 0px !important;padding-left: 0px !important;background-image: url(https:\/\/isbsport.com\/wp-content\/uploads\/2025\/01\/Catalogo-ISB-Sport-imagen-fondo-doble-scaled-ROLLER.jpg?id=61973) !important;}&#8221; z_index=&#8221;&#8221;][vc_column width=&#8221;1\/2&#8243; css=&#8221;.vc_custom_1718780927432{padding-top: 100px !important;padding-bottom: 0px !important;}&#8221;][vc_single_image image=&#8221;61948&#8243; img_size=&#8221;full&#8221; qode_css_animation=&#8221;&#8221;][\/vc_column][vc_column width=&#8221;1\/2&#8243; css=&#8221;.vc_custom_1718781197953{margin-top: 160px !important;}&#8221;][vc_column_text css=&#8221;.vc_custom_1738233565573{margin-top:&#8230;<\/p>\n","protected":false},"author":1,"featured_media":0,"parent":0,"menu_order":0,"comment_status":"closed","ping_status":"closed","template":"full_width.php","meta":{"footnotes":""},"class_list":["post-48960","page","type-page","status-publish","hentry"],"_links":{"self":[{"href":"https:\/\/isbsport.com\/latam\/wp-json\/wp\/v2\/pages\/48960","targetHints":{"allow":["GET"]}}],"collection":[{"href":"https:\/\/isbsport.com\/latam\/wp-json\/wp\/v2\/pages"}],"about":[{"href":"https:\/\/isbsport.com\/latam\/wp-json\/wp\/v2\/types\/page"}],"author":[{"embeddable":true,"href":"https:\/\/isbsport.com\/latam\/wp-json\/wp\/v2\/users\/1"}],"replies":[{"embeddable":true,"href":"https:\/\/isbsport.com\/latam\/wp-json\/wp\/v2\/comments?post=48960"}],"version-history":[{"count":3,"href":"https:\/\/isbsport.com\/latam\/wp-json\/wp\/v2\/pages\/48960\/revisions"}],"predecessor-version":[{"id":65613,"href":"https:\/\/isbsport.com\/latam\/wp-json\/wp\/v2\/pages\/48960\/revisions\/65613"}],"wp:attachment":[{"href":"https:\/\/isbsport.com\/latam\/wp-json\/wp\/v2\/media?parent=48960"}],"curies":[{"name":"wp","href":"https:\/\/api.w.org\/{rel}","templated":true}]}}