{"id":48974,"date":"2021-09-04T13:02:58","date_gmt":"2021-09-04T13:02:58","guid":{"rendered":"https:\/\/isbsport.com\/i-d-projects\/"},"modified":"2021-09-04T13:02:58","modified_gmt":"2021-09-04T13:02:58","slug":"i-d-projects","status":"publish","type":"page","link":"https:\/\/isbsport.com\/latam\/i-d-projects\/","title":{"rendered":"I+D PROJECTS"},"content":{"rendered":"<div class=\"wpb-content-wrapper\"><p>[vc_row css_animation=&#8221;&#8221; row_type=&#8221;row&#8221; use_row_as_full_screen_section=&#8221;no&#8221; type=&#8221;full_width&#8221; angled_section=&#8221;no&#8221; text_align=&#8221;left&#8221; background_image_as_pattern=&#8221;without_pattern&#8221;][vc_column][vc_empty_space][vc_row_inner row_type=&#8221;row&#8221; type=&#8221;full_width&#8221; text_align=&#8221;left&#8221; css_animation=&#8221;&#8221;][vc_column_inner width=&#8221;1\/3&#8243;]<div class='q_team'><div class='q_team_inner'><div class='q_team_image'><img itemprop='image' src='https:\/\/isbsport.com\/wp-content\/uploads\/2021\/03\/Colaborador-ISB-Sport-Lap-Engine-1.jpg' alt='Colaborador-ISB-Sport-Lap-Engine' \/><\/div><div class='q_team_text' ><div class='q_team_text_inner'><div class='q_team_title_holder'><h3 class='q_team_name' style = ''>LAP ENGINE by ISB<\/h3><\/div><div class='separator small center' style = ''><\/div><\/div><div class='q_team_social_holder'><\/div><\/div><\/div><\/div>[vc_column_text css=&#8221;.vc_custom_1615463293268{padding-right: 50px !important;padding-bottom: 50px !important;padding-left: 50px !important;background-color: #ffffff !important;}&#8221;]<\/p>\n<p style=\"text-align: center\"><strong>Proyecto de <\/strong><a href=\"https:\/\/isbsport.com\/tag\/rsc-responsabilidad-social-corporativa-isb-sport\/\"><strong>RSC<\/strong><\/a><strong> &#8211;<a href=\"https:\/\/isbsport.com\/tag\/id-isb-sport\/\"> I+D<\/a><\/strong><\/p>\n<p>&nbsp;<\/p>\n<p style=\"text-align: center\">Con el objetivo de evaluar las caracter\u00edsticas de cada rodamiento, en ISB Sport hemos desarrollado \u201cLap Engine\u201d, un exclusivo instrumento metrol\u00f3gico que recoge el n\u00famero de vueltas que son capaces de realizar los diferentes rodamientos y as\u00ed poder analizar sus prestaciones de forma precisa.<\/p>\n<p>[\/vc_column_text][vc_separator type=&#8221;transparent&#8221; up=&#8221;60&#8243; down=&#8221;0&#8243;][\/vc_column_inner][vc_column_inner width=&#8221;1\/3&#8243;]<div class='q_team'><div class='q_team_inner'><div class='q_team_image'><img itemprop='image' src='https:\/\/isbsport.com\/wp-content\/uploads\/2021\/03\/Colaborador-ISB-Sport-emoto-1.jpg' alt='Colaborador-ISB-Sport-emoto' \/><\/div><div class='q_team_text' ><div class='q_team_text_inner'><div class='q_team_title_holder'><h3 class='q_team_name' style = ''>PROYECTO E-MOTO<\/h3><\/div><div class='separator small center' style = ''><\/div><\/div><div class='q_team_social_holder'><\/div><\/div><\/div><\/div>[vc_column_text css=&#8221;.vc_custom_1615463841896{padding-right: 50px !important;padding-bottom: 50px !important;padding-left: 50px !important;background-color: #ffffff !important;}&#8221;]<\/p>\n<p style=\"text-align: center\"><strong>Proyecto de <\/strong><a href=\"https:\/\/isbsport.com\/tag\/rsc-responsabilidad-social-corporativa-isb-sport\/\"><strong>RSC<\/strong><\/a><strong> &#8211; <a href=\"https:\/\/isbsport.com\/tag\/id-isb-sport\/\">I+D<\/a><\/strong><\/p>\n<p>&nbsp;<\/p>\n<p style=\"text-align: center\">ISB Sport promueve la incorporaci\u00f3n de motos el\u00e9ctricas en competici\u00f3n, apostando por la creaci\u00f3n de veh\u00edculos el\u00e9ctricos de larga duraci\u00f3n con la \u00faltima tecnolog\u00eda. Este proyecto forma parte de las acciones de Responsabilidad Corporativa que lleva a cabo ISB Sport dentro del marco del I+D y la movilidad sostenible.<\/p>\n<p>&nbsp;<\/p>\n<p style=\"text-align: center\">Ver m\u00e1s sobre la <a href=\"https:\/\/isbsport.com\/tag\/e-moto\/\">e-moto<\/a><\/p>\n<p>[\/vc_column_text][vc_separator type=&#8221;transparent&#8221; up=&#8221;60&#8243; down=&#8221;0&#8243;][\/vc_column_inner][vc_column_inner width=&#8221;1\/3&#8243;]<div class='q_team'><div class='q_team_inner'><div class='q_team_image'><img itemprop='image' src='https:\/\/isbsport.com\/wp-content\/uploads\/2021\/03\/Colaborador-ISB-Sport-Helios-Trike-1.jpg' alt='Colaborador-ISB-Sport-Helios-Trike' \/><\/div><div class='q_team_text' ><div class='q_team_text_inner'><div class='q_team_title_holder'><h3 class='q_team_name' style = ''>HELIOS TRIKE<\/h3><\/div><div class='separator small center' style = ''><\/div><\/div><div class='q_team_social_holder'><\/div><\/div><\/div><\/div>[vc_column_text css=&#8221;.vc_custom_1615481654145{padding-right: 50px !important;padding-bottom: 50px !important;padding-left: 50px !important;background-color: #ffffff !important;}&#8221;]<\/p>\n<p style=\"text-align: center\"><strong>Proyecto de <\/strong><a href=\"https:\/\/isbsport.com\/tag\/rsc-responsabilidad-social-corporativa-isb-sport\/\"><strong>RSC<\/strong><\/a><strong> &#8211; <a href=\"https:\/\/isbsport.com\/tag\/id-isb-sport\/\">I+D<\/a><\/strong><\/p>\n<p>&nbsp;<\/p>\n<p style=\"text-align: center\">Helios Trike nace con el objetivo de mejorar la forma de desplazarse con un veh\u00edculo similar a una bicicleta pero con un sistema de propulsi\u00f3n que tiene las caracter\u00edsticas del remo, lo que se suma la potencia de las piernas con la fuerza de los brazos.<\/p>\n<p>&nbsp;<\/p>\n<p style=\"text-align: center\">Ver m\u00e1s sobre <a href=\"https:\/\/isbsport.com\/tag\/helios-trike\/\">Helios Trike<\/a><\/p>\n<p>[\/vc_column_text][vc_separator type=&#8221;transparent&#8221; up=&#8221;60&#8243; down=&#8221;0&#8243;][\/vc_column_inner][\/vc_row_inner][\/vc_column][\/vc_row][vc_row css_animation=&#8221;&#8221; row_type=&#8221;row&#8221; use_row_as_full_screen_section=&#8221;no&#8221; type=&#8221;full_width&#8221; angled_section=&#8221;no&#8221; text_align=&#8221;left&#8221; background_image_as_pattern=&#8221;without_pattern&#8221; bg_type=&#8221;bg_color&#8221; bg_color_value=&#8221;#000000&#8243; css=&#8221;.vc_custom_1627513769860{padding-top: 10px !important;padding-bottom: 10px !important;}&#8221; z_index=&#8221;&#8221;][vc_column][vc_column_text]<\/p>\n<h2 style=\"text-align: center;\"><span style=\"color: #009045;\">I+D PROJECTS<\/span> <span style=\"color: #ffffff;\">NEWS<\/span><\/h2>\n<h3 style=\"text-align: center;\"><\/h3>\n<p>[\/vc_column_text][\/vc_column][\/vc_row][vc_row css_animation=&#8221;&#8221; row_type=&#8221;row&#8221; use_row_as_full_screen_section=&#8221;no&#8221; type=&#8221;full_width&#8221; angled_section=&#8221;no&#8221; text_align=&#8221;left&#8221; background_image_as_pattern=&#8221;without_pattern&#8221;][vc_column][vc_separator type=&#8221;normal&#8221; color=&#8221;#009045&#8243; thickness=&#8221;3&#8243;][vc_empty_space height=&#8221;15px&#8221;][\/vc_column][\/vc_row]<\/p>\n<\/div>","protected":false},"excerpt":{"rendered":"<p>[vc_row css_animation=&#8221;&#8221; row_type=&#8221;row&#8221; use_row_as_full_screen_section=&#8221;no&#8221; type=&#8221;full_width&#8221; angled_section=&#8221;no&#8221; text_align=&#8221;left&#8221; background_image_as_pattern=&#8221;without_pattern&#8221;][vc_column][vc_empty_space][vc_row_inner row_type=&#8221;row&#8221; type=&#8221;full_width&#8221; text_align=&#8221;left&#8221; css_animation=&#8221;&#8221;][vc_column_inner width=&#8221;1\/3&#8243;][vc_column_text css=&#8221;.vc_custom_1615463293268{padding-right: 50px !important;padding-bottom: 50px !important;padding-left: 50px !important;background-color: #ffffff !important;}&#8221;] Proyecto de RSC &#8211; I+D &nbsp; Con el objetivo de evaluar las caracter\u00edsticas de cada rodamiento, en ISB Sport hemos desarrollado \u201cLap Engine\u201d,&#8230;<\/p>\n","protected":false},"author":1,"featured_media":0,"parent":0,"menu_order":0,"comment_status":"closed","ping_status":"closed","template":"blog-masonry-date-in-image.php","meta":{"footnotes":""},"class_list":["post-48974","page","type-page","status-publish","hentry"],"_links":{"self":[{"href":"https:\/\/isbsport.com\/latam\/wp-json\/wp\/v2\/pages\/48974","targetHints":{"allow":["GET"]}}],"collection":[{"href":"https:\/\/isbsport.com\/latam\/wp-json\/wp\/v2\/pages"}],"about":[{"href":"https:\/\/isbsport.com\/latam\/wp-json\/wp\/v2\/types\/page"}],"author":[{"embeddable":true,"href":"https:\/\/isbsport.com\/latam\/wp-json\/wp\/v2\/users\/1"}],"replies":[{"embeddable":true,"href":"https:\/\/isbsport.com\/latam\/wp-json\/wp\/v2\/comments?post=48974"}],"version-history":[{"count":0,"href":"https:\/\/isbsport.com\/latam\/wp-json\/wp\/v2\/pages\/48974\/revisions"}],"wp:attachment":[{"href":"https:\/\/isbsport.com\/latam\/wp-json\/wp\/v2\/media?parent=48974"}],"curies":[{"name":"wp","href":"https:\/\/api.w.org\/{rel}","templated":true}]}}