{"id":48987,"date":"2019-10-28T08:52:40","date_gmt":"2019-10-28T08:52:40","guid":{"rendered":"https:\/\/isbsport.com\/rodamientos-carrete-pesca\/"},"modified":"2019-10-28T08:52:40","modified_gmt":"2019-10-28T08:52:40","slug":"rodamientos-carrete-pesca","status":"publish","type":"page","link":"https:\/\/isbsport.com\/latam\/rodamientos-carrete-pesca\/","title":{"rendered":"RODAMIENTOS PARA CARRETE DE PESCA"},"content":{"rendered":"<div class=\"wpb-content-wrapper\"><p>[vc_row css_animation=&#8221;&#8221; row_type=&#8221;row&#8221; use_row_as_full_screen_section=&#8221;no&#8221; type=&#8221;full_width&#8221; angled_section=&#8221;no&#8221; text_align=&#8221;left&#8221; background_image_as_pattern=&#8221;without_pattern&#8221; background_color=&#8221;#000000&#8243; css=&#8221;.vc_custom_1532218239311{margin-top: -20px !important;}&#8221;][vc_column][vc_empty_space height=&#8221;25px&#8221;]<div id=\"ultimate-heading-825769e206093c963\" class=\"uvc-heading ult-adjust-bottom-margin ultimate-heading-825769e206093c963 uvc-7043 \" data-hspacer=\"no_spacer\"  data-halign=\"center\" style=\"text-align:center\"><div class=\"uvc-heading-spacer no_spacer\" style=\"top\"><\/div><div class=\"uvc-sub-heading ult-responsive\"  data-ultimate-target='.uvc-heading.ultimate-heading-825769e206093c963 .uvc-sub-heading '  data-responsive-json-new='{\"font-size\":\"desktop:35px;\",\"line-height\":\"\"}'  style=\"font-family:&#039;Roboto&#039;;font-weight:900;\"><strong><span style=\"color: #7ead44;\">RODAMIENTOS PARA PESCA<\/span><\/strong><\/div><\/div><div id=\"ultimate-heading-186369e206093ca3c\" class=\"uvc-heading ult-adjust-bottom-margin ultimate-heading-186369e206093ca3c uvc-2452 \" data-hspacer=\"no_spacer\"  data-halign=\"center\" style=\"text-align:center\"><div class=\"uvc-heading-spacer no_spacer\" style=\"top\"><\/div><div class=\"uvc-sub-heading ult-responsive\"  data-ultimate-target='.uvc-heading.ultimate-heading-186369e206093ca3c .uvc-sub-heading '  data-responsive-json-new='{\"font-size\":\"desktop:20px;\",\"line-height\":\"\"}'  style=\"font-style:italic;font-weight:normal;color:#ffffff;\"><\/p>\n<p style=\"text-align: center;\">Fiabilidad, fluidez y eficiencia en un componente indispensable en los carretes de pesca<\/p>\n<p><\/div><\/div>[vc_empty_space height=&#8221;15px&#8221;][\/vc_column][\/vc_row][vc_row css_animation=&#8221;&#8221; row_type=&#8221;row&#8221; use_row_as_full_screen_section=&#8221;no&#8221; type=&#8221;grid&#8221; angled_section=&#8221;no&#8221; text_align=&#8221;left&#8221; background_image_as_pattern=&#8221;without_pattern&#8221; background_color=&#8221;#ffffff&#8221; border_color=&#8221;#ffffff&#8221;][vc_column width=&#8221;1\/2&#8243; css=&#8221;.vc_custom_1466414651620{margin-left: 30px !important;border-radius: 1px !important;}&#8221;]<div id=\"ultimate-heading-45269e206093cabd\" class=\"uvc-heading ult-adjust-bottom-margin ultimate-heading-45269e206093cabd uvc-7133 \" data-hspacer=\"no_spacer\"  data-halign=\"center\" style=\"text-align:center\"><div class=\"uvc-heading-spacer no_spacer\" style=\"top\"><\/div><div class=\"uvc-sub-heading ult-responsive\"  data-ultimate-target='.uvc-heading.ultimate-heading-45269e206093cabd .uvc-sub-heading '  data-responsive-json-new='{\"font-size\":\"desktop:25px;\",\"line-height\":\"\"}'  style=\"font-family:&#039;Roboto&#039;;font-weight:300;color:#7dae3c;\"><\/p>\n<p style=\"text-align: left;\">\u00a0 \u00a0 \u00a0 \u00a0 \u00a0 \u00a0 Caracter\u00edsticas<\/p>\n<p><\/div><\/div>[vc_empty_space][vc_row_inner row_type=&#8221;row&#8221; type=&#8221;full_width&#8221; text_align=&#8221;left&#8221; css_animation=&#8221;&#8221; css=&#8221;.vc_custom_1466415153726{margin-left: 15px !important;}&#8221;][vc_column_inner][vc_column_text css=&#8221;.vc_custom_1572252943861{margin-right: 80px !important;margin-left: 40px !important;}&#8221;]<\/p>\n<div class=\"page\" title=\"Page 1\">\n<div class=\"section\">\n<div class=\"layoutArea\">\n<div class=\"column\">\n<p>La gama de rodamientos de pesca ISB SPORT est\u00e1 espec\u00edficamente dise\u00f1ada para soportar las condiciones m\u00e1s extremas de uso tanto en agua dulce como salada.<\/p>\n<p>Cada uno de sus componentes (acero, lubricante, grasa &#8230;) se selecciona y ensambla con precisi\u00f3n. El control de calidad constante en toda su producci\u00f3n garantiza rodamientos que cumplen con los m\u00e1s altos est\u00e1ndares de calidad.<\/p>\n<p>Un rodamiento ISB SPORT es sin\u00f3nimo de fiabilidad, fluidez, eficiencia, rigidez &#8230;<\/p>\n<p>Es un excelente rodamiento de recambio compatible con sus cojinetes originales<\/p>\n<p>&nbsp;<\/p><\/div>\n<\/div>\n<\/div>\n<\/div>\n<p>[\/vc_column_text][\/vc_column_inner][\/vc_row_inner][vc_empty_space][\/vc_column][vc_column width=&#8221;1\/2&#8243; css=&#8221;.vc_custom_1466415250646{margin-right: 20px !important;background-color: #ffffff !important;}&#8221;][vc_single_image image=&#8221;34819&#8243; img_size=&#8221;full&#8221; qode_css_animation=&#8221;&#8221;][\/vc_column][\/vc_row][vc_row css_animation=&#8221;&#8221; row_type=&#8221;row&#8221; use_row_as_full_screen_section=&#8221;no&#8221; type=&#8221;full_width&#8221; angled_section=&#8221;no&#8221; text_align=&#8221;left&#8221; background_image_as_pattern=&#8221;without_pattern&#8221; background_color=&#8221;#ffffff&#8221; css=&#8221;.vc_custom_1466414008637{margin-right: 50px !important;margin-left: 50px !important;}&#8221;][vc_column][vc_empty_space height=&#8221;10px&#8221;][vc_empty_space height=&#8221;10px&#8221;]<div id=\"ultimate-heading-425569e206093cb47\" class=\"uvc-heading ult-adjust-bottom-margin ultimate-heading-425569e206093cb47 uvc-3957 \" data-hspacer=\"no_spacer\"  data-halign=\"center\" style=\"text-align:center\"><div class=\"uvc-heading-spacer no_spacer\" style=\"top\"><\/div><div class=\"uvc-sub-heading ult-responsive\"  data-ultimate-target='.uvc-heading.ultimate-heading-425569e206093cb47 .uvc-sub-heading '  data-responsive-json-new='{\"font-size\":\"desktop:25px;\",\"line-height\":\"\"}'  style=\"font-family:&#039;Roboto&#039;;font-weight:300;\"><span style=\"color: #7ead44;\">Referencias<\/span><\/div><\/div>[vc_separator type=&#8221;normal&#8221; color=&#8221;#7dae3c&#8221;][vc_empty_space height=&#8221;10px&#8221;][\/vc_column][\/vc_row][vc_row css_animation=&#8221;&#8221; row_type=&#8221;row&#8221; use_row_as_full_screen_section=&#8221;no&#8221; type=&#8221;grid&#8221; angled_section=&#8221;no&#8221; text_align=&#8221;left&#8221; background_image_as_pattern=&#8221;without_pattern&#8221; background_color=&#8221;#ffffff&#8221; border_color=&#8221;#ffffff&#8221; css=&#8221;.vc_custom_1583686015035{margin-right: 30px !important;margin-left: 30px !important;}&#8221; z_index=&#8221;&#8221;][vc_column][vc_empty_space height=&#8221;10px&#8221;][vc_column_text][table id=25 \/][\/vc_column_text][vc_empty_space height=&#8221;10px&#8221;][vc_empty_space height=&#8221;10px&#8221;][\/vc_column][\/vc_row][vc_row css_animation=&#8221;&#8221; row_type=&#8221;row&#8221; use_row_as_full_screen_section=&#8221;no&#8221; type=&#8221;full_width&#8221; angled_section=&#8221;no&#8221; text_align=&#8221;left&#8221; background_image_as_pattern=&#8221;without_pattern&#8221;][vc_column][vc_column_text]<\/p>\n<p>[\/vc_column_text][\/vc_column][\/vc_row]<\/p>\n<\/div>","protected":false},"excerpt":{"rendered":"<p>[vc_row css_animation=&#8221;&#8221; row_type=&#8221;row&#8221; use_row_as_full_screen_section=&#8221;no&#8221; type=&#8221;full_width&#8221; angled_section=&#8221;no&#8221; text_align=&#8221;left&#8221; background_image_as_pattern=&#8221;without_pattern&#8221; background_color=&#8221;#000000&#8243; css=&#8221;.vc_custom_1532218239311{margin-top: -20px !important;}&#8221;][vc_column][vc_empty_space height=&#8221;25px&#8221;][vc_empty_space height=&#8221;15px&#8221;][\/vc_column][\/vc_row][vc_row css_animation=&#8221;&#8221; row_type=&#8221;row&#8221; use_row_as_full_screen_section=&#8221;no&#8221; type=&#8221;grid&#8221; angled_section=&#8221;no&#8221; text_align=&#8221;left&#8221; background_image_as_pattern=&#8221;without_pattern&#8221; background_color=&#8221;#ffffff&#8221; border_color=&#8221;#ffffff&#8221;][vc_column width=&#8221;1\/2&#8243; css=&#8221;.vc_custom_1466414651620{margin-left: 30px !important;border-radius: 1px !important;}&#8221;][vc_empty_space][vc_row_inner row_type=&#8221;row&#8221; type=&#8221;full_width&#8221; text_align=&#8221;left&#8221; css_animation=&#8221;&#8221; css=&#8221;.vc_custom_1466415153726{margin-left: 15px !important;}&#8221;][vc_column_inner][vc_column_text css=&#8221;.vc_custom_1572252943861{margin-right: 80px !important;margin-left: 40px !important;}&#8221;] La gama de rodamientos&#8230;<\/p>\n","protected":false},"author":1,"featured_media":0,"parent":0,"menu_order":0,"comment_status":"closed","ping_status":"closed","template":"full_width.php","meta":{"footnotes":""},"class_list":["post-48987","page","type-page","status-publish","hentry"],"_links":{"self":[{"href":"https:\/\/isbsport.com\/latam\/wp-json\/wp\/v2\/pages\/48987","targetHints":{"allow":["GET"]}}],"collection":[{"href":"https:\/\/isbsport.com\/latam\/wp-json\/wp\/v2\/pages"}],"about":[{"href":"https:\/\/isbsport.com\/latam\/wp-json\/wp\/v2\/types\/page"}],"author":[{"embeddable":true,"href":"https:\/\/isbsport.com\/latam\/wp-json\/wp\/v2\/users\/1"}],"replies":[{"embeddable":true,"href":"https:\/\/isbsport.com\/latam\/wp-json\/wp\/v2\/comments?post=48987"}],"version-history":[{"count":0,"href":"https:\/\/isbsport.com\/latam\/wp-json\/wp\/v2\/pages\/48987\/revisions"}],"wp:attachment":[{"href":"https:\/\/isbsport.com\/latam\/wp-json\/wp\/v2\/media?parent=48987"}],"curies":[{"name":"wp","href":"https:\/\/api.w.org\/{rel}","templated":true}]}}