{"id":63526,"date":"2019-10-17T10:24:37","date_gmt":"2019-10-17T09:24:37","guid":{"rendered":"https:\/\/isbsport.com\/rodamientos-patin\/"},"modified":"2025-12-16T08:07:14","modified_gmt":"2025-12-16T07:07:14","slug":"rodamientos-patin","status":"publish","type":"page","link":"https:\/\/isbsport.com\/latam\/rodamientos-patin\/","title":{"rendered":"RODAMIENTOS PARA PAT\u00cdN Y SKATE"},"content":{"rendered":"<div class=\"wpb-content-wrapper\"><p>[vc_row css_animation=&#8221;&#8221; row_type=&#8221;row&#8221; use_row_as_full_screen_section=&#8221;no&#8221; type=&#8221;grid&#8221; angled_section=&#8221;no&#8221; text_align=&#8221;left&#8221; background_image_as_pattern=&#8221;without_pattern&#8221; bg_type=&#8221;bg_color&#8221; background_color=&#8221;#ffffff&#8221; padding_top=&#8221;87&#8243; padding_bottom=&#8221;4&#8243; z_index=&#8221;&#8221; bg_color_value=&#8221;#000000&#8243; css=&#8221;.vc_custom_1749033316221{margin-top: -80px !important;}&#8221;][vc_column][vc_column_text css=&#8221;.vc_custom_1749033623002{margin-right: 40px !important;margin-left: 40px !important;}&#8221;]<\/p>\n<h1 style=\"text-align: center;\"><strong><span style=\"color: #009045;\">RODAMIENTOS ISB SPORT 7x22x7 mm<\/span><\/strong><\/h1>\n<p>[\/vc_column_text][vc_column_text]<\/p>\n<h5 style=\"padding-left: 35px; padding-right: 35px; text-align: center; color: #ffffff;\">Estos rodamientos se recomiendan para aplicaciones de eje de rueda 7mm como Patinaje art\u00edstico, Hockey patines, Roller derby&#8230;<\/h5>\n<p>[\/vc_column_text][vc_empty_space height=&#8221;75px&#8221;][vc_row_inner row_type=&#8221;row&#8221; type=&#8221;grid&#8221; text_align=&#8221;left&#8221; css_animation=&#8221;&#8221; css=&#8221;.vc_custom_1749029184635{border-right-width: 80px !important;border-left-width: 80px !important;padding-right: 20px !important;padding-left: 20px !important;}&#8221;][vc_column_inner width=&#8221;1\/3&#8243;][vc_single_image image=&#8221;63295&#8243; img_size=&#8221;full&#8221; alignment=&#8221;center&#8221; qode_css_animation=&#8221;&#8221;][vc_empty_space height=&#8221;25px&#8221;][vc_column_text]<\/p>\n<p style=\"text-align: center; color: #ffffff;\"><strong>BO 627 RS TN9 ABEC 9 XTREM ISB SPORT<\/strong><\/p>\n<p>[\/vc_column_text][vc_column_text]<\/p>\n<p style=\"padding-left: 35px; padding-right: 35px; text-align: center;\">Rodamientos ISB SPORT ABEC 9, BO coated, con dise\u00f1o especial con una bola extra m\u00e1s. Tienen sellado de goma s\u00f3lo por un lado, una jaula de poliamida especial y est\u00e1n lubricados con aceite<\/p>\n<p>[\/vc_column_text][vc_separator type=&#8221;transparent&#8221; up=&#8221;60&#8243; down=&#8221;0&#8243;][\/vc_column_inner][vc_column_inner width=&#8221;1\/3&#8243;][vc_single_image image=&#8221;63299&#8243; img_size=&#8221;full&#8221; alignment=&#8221;center&#8221; qode_css_animation=&#8221;&#8221;][vc_empty_space height=&#8221;25px&#8221;][vc_column_text]<\/p>\n<p style=\"text-align: center; color: #ffffff;\"><strong>627 2RS GREEN GL ABEC 9 ISB SPORT<\/strong><\/p>\n<p>[\/vc_column_text][vc_column_text]<\/p>\n<p style=\"padding-left: 35px; padding-right: 35px; text-align: center;\">Rodamientos ISB SPORT ABEC 9. Tienen sellado de goma por los dos lados y est\u00e1n lubricados con grasa<\/p>\n<p>[\/vc_column_text][vc_separator type=&#8221;transparent&#8221; up=&#8221;60&#8243; down=&#8221;0&#8243;][\/vc_column_inner][vc_column_inner width=&#8221;1\/3&#8243;][vc_single_image image=&#8221;63303&#8243; img_size=&#8221;full&#8221; alignment=&#8221;center&#8221; qode_css_animation=&#8221;&#8221;][vc_empty_space height=&#8221;25px&#8221;][vc_column_text]<\/p>\n<p style=\"text-align: center; color: #ffffff;\"><strong>627 RS GREEN TN9 ABEC 9 ISB SPORT<\/strong><\/p>\n<p>[\/vc_column_text][vc_column_text]<\/p>\n<p style=\"padding-left: 35px; padding-right: 35px; text-align: center;\">Rodamientos ISB SPORT ABEC 9. Tienen sellado de goma s\u00f3lo por un lado, una jaula de poliamida especial y est\u00e1n lubricados con aceite<\/p>\n<p>[\/vc_column_text][vc_separator type=&#8221;transparent&#8221; up=&#8221;60&#8243; down=&#8221;0&#8243;][\/vc_column_inner][\/vc_row_inner][vc_empty_space height=&#8221;52px&#8221;][vc_row_inner row_type=&#8221;row&#8221; type=&#8221;grid&#8221; text_align=&#8221;left&#8221; css_animation=&#8221;&#8221; css=&#8221;.vc_custom_1749029184635{border-right-width: 80px !important;border-left-width: 80px !important;padding-right: 20px !important;padding-left: 20px !important;}&#8221;][vc_column_inner width=&#8221;1\/3&#8243;][vc_single_image image=&#8221;63312&#8243; img_size=&#8221;full&#8221; alignment=&#8221;center&#8221; qode_css_animation=&#8221;&#8221;][vc_empty_space height=&#8221;25px&#8221;][vc_column_text]<\/p>\n<p style=\"text-align: center; color: #ffffff;\"><strong>627 RS BLUE TN9 ABEC 7 ISB SPORT<\/strong><\/p>\n<p>[\/vc_column_text][vc_column_text]<\/p>\n<p style=\"padding-left: 35px; padding-right: 35px; text-align: center;\">Rodamientos ISB SPORT ABEC 7. Tienen sellado de goma s\u00f3lo por un lado, una jaula de poliamida especial y est\u00e1n lubricados con aceite<\/p>\n<p>[\/vc_column_text][vc_separator type=&#8221;transparent&#8221; up=&#8221;60&#8243; down=&#8221;0&#8243;][\/vc_column_inner][vc_column_inner width=&#8221;1\/3&#8243;][vc_single_image image=&#8221;63316&#8243; img_size=&#8221;full&#8221; alignment=&#8221;center&#8221; qode_css_animation=&#8221;&#8221;][vc_empty_space height=&#8221;25px&#8221;][vc_column_text]<\/p>\n<p style=\"text-align: center; color: #ffffff;\"><strong>627 2RS BLUE TN9 ABEC 7 ISB SPORT<\/strong><\/p>\n<p>[\/vc_column_text][vc_column_text]<\/p>\n<p style=\"padding-left: 35px; padding-right: 35px; text-align: center;\">Rodamientos ISB SPORT ABEC 7. Tienen sellado de goma por los dos lados y est\u00e1n lubricados con aceite<\/p>\n<p>[\/vc_column_text][vc_separator type=&#8221;transparent&#8221; up=&#8221;60&#8243; down=&#8221;0&#8243;][\/vc_column_inner][vc_column_inner width=&#8221;1\/3&#8243;][vc_single_image image=&#8221;63320&#8243; img_size=&#8221;full&#8221; alignment=&#8221;center&#8221; qode_css_animation=&#8221;&#8221;][vc_empty_space height=&#8221;25px&#8221;][vc_column_text]<\/p>\n<p style=\"text-align: center; color: #ffffff;\"><strong>627 RS RED TN9 ISB SPORT<\/strong><\/p>\n<p>[\/vc_column_text][vc_column_text]<\/p>\n<p style=\"padding-left: 35px; padding-right: 35px; text-align: center;\">Rodamientos ISB SPORT con sellado de goma s\u00f3lo por un lado, una jaula de poliamida especial y lubricados con aceite<\/p>\n<p>[\/vc_column_text][vc_separator type=&#8221;transparent&#8221; up=&#8221;60&#8243; down=&#8221;0&#8243;][\/vc_column_inner][\/vc_row_inner][vc_empty_space height=&#8221;52px&#8221;][vc_row_inner row_type=&#8221;row&#8221; type=&#8221;grid&#8221; text_align=&#8221;left&#8221; css_animation=&#8221;&#8221; css=&#8221;.vc_custom_1749029184635{border-right-width: 80px !important;border-left-width: 80px !important;padding-right: 20px !important;padding-left: 20px !important;}&#8221;][vc_column_inner width=&#8221;1\/3&#8243;][vc_single_image image=&#8221;63337&#8243; img_size=&#8221;full&#8221; alignment=&#8221;center&#8221; qode_css_animation=&#8221;&#8221;][vc_empty_space height=&#8221;25px&#8221;][vc_column_text]<\/p>\n<p style=\"text-align: center; color: #ffffff;\"><strong>627 ZZ GL ISB SPORT<\/strong><\/p>\n<p>[\/vc_column_text][vc_column_text]<\/p>\n<p style=\"padding-left: 35px; padding-right: 35px; text-align: center;\">Rodamientos ISB SPORT con sellado met\u00e1lico por los dos lados y lubricados con grasa<\/p>\n<p>[\/vc_column_text][vc_separator type=&#8221;transparent&#8221; up=&#8221;60&#8243; down=&#8221;0&#8243;][\/vc_column_inner][vc_column_inner width=&#8221;1\/3&#8243;][vc_single_image image=&#8221;63341&#8243; img_size=&#8221;full&#8221; alignment=&#8221;center&#8221; qode_css_animation=&#8221;&#8221;][vc_empty_space height=&#8221;25px&#8221;][vc_column_text]<\/p>\n<p style=\"text-align: center; color: #ffffff;\"><strong>627 Z TN9 ISB SPORT<\/strong><\/p>\n<p>[\/vc_column_text][vc_column_text]<\/p>\n<p style=\"padding-left: 35px; padding-right: 35px; text-align: center;\">Rodamientos ISB SPORT con sellado met\u00e1lico s\u00f3lo por un lado, una jaula de poliamida especial y lubricados con aceite<\/p>\n<p>[\/vc_column_text][vc_separator type=&#8221;transparent&#8221; up=&#8221;60&#8243; down=&#8221;0&#8243;][\/vc_column_inner][vc_column_inner width=&#8221;1\/3&#8243;][vc_single_image image=&#8221;63345&#8243; img_size=&#8221;full&#8221; alignment=&#8221;center&#8221; qode_css_animation=&#8221;&#8221;][vc_empty_space height=&#8221;25px&#8221;][vc_column_text]<\/p>\n<p style=\"text-align: center; color: #ffffff;\"><strong>627 RS PINK TN9 ISB SPORT<\/strong><\/p>\n<p>[\/vc_column_text][vc_column_text]<\/p>\n<p style=\"padding-left: 35px; padding-right: 35px; text-align: center;\">Rodamientos ISB SPORTcon sellado de goma s\u00f3lo por un lado, una jaula de poliamida especial y lubricados con aceite<\/p>\n<p>[\/vc_column_text][vc_separator type=&#8221;transparent&#8221; up=&#8221;60&#8243; down=&#8221;0&#8243;][\/vc_column_inner][\/vc_row_inner][vc_empty_space height=&#8221;52px&#8221;][vc_row_inner row_type=&#8221;row&#8221; type=&#8221;grid&#8221; text_align=&#8221;left&#8221; css_animation=&#8221;&#8221; css=&#8221;.vc_custom_1749029184635{border-right-width: 80px !important;border-left-width: 80px !important;padding-right: 20px !important;padding-left: 20px !important;}&#8221;][vc_column_inner width=&#8221;1\/3&#8243;][vc_single_image image=&#8221;63351&#8243; img_size=&#8221;full&#8221; alignment=&#8221;center&#8221; qode_css_animation=&#8221;&#8221;][vc_empty_space height=&#8221;25px&#8221;][vc_column_text]<\/p>\n<p style=\"text-align: center; color: #ffffff;\"><strong>627 ISB SPORT<\/strong><\/p>\n<p>[\/vc_column_text][vc_column_text]<\/p>\n<p style=\"padding-left: 35px; padding-right: 35px; text-align: center;\">Rodamientos ISB SPORT sin tapas (abiertos) y lubricados con aceite<\/p>\n<p>[\/vc_column_text][vc_separator type=&#8221;transparent&#8221; up=&#8221;60&#8243; down=&#8221;0&#8243;][\/vc_column_inner][vc_column_inner width=&#8221;1\/3&#8243;][vc_single_image image=&#8221;63355&#8243; img_size=&#8221;full&#8221; alignment=&#8221;center&#8221; qode_css_animation=&#8221;&#8221;][vc_empty_space height=&#8221;25px&#8221;][vc_column_text]<\/p>\n<p style=\"text-align: center; color: #ffffff;\"><strong>627 TN9 ISB SPORT<\/strong><\/p>\n<p>[\/vc_column_text][vc_column_text]<\/p>\n<p style=\"padding-left: 35px; padding-right: 35px; text-align: center;\">Rodamientos ISB SPORT sin tapas (abiertos), con una jaula de poliamida especial y lubricados con aceite<\/p>\n<p>[\/vc_column_text][vc_separator type=&#8221;transparent&#8221; up=&#8221;60&#8243; down=&#8221;0&#8243;][\/vc_column_inner][vc_column_inner width=&#8221;1\/3&#8243;][vc_single_image image=&#8221;63359&#8243; img_size=&#8221;full&#8221; alignment=&#8221;center&#8221; qode_css_animation=&#8221;&#8221;][vc_empty_space height=&#8221;25px&#8221;][vc_column_text]<\/p>\n<p style=\"text-align: center; color: #ffffff;\"><strong>627 Z ISB SPORT<\/strong><\/p>\n<p>[\/vc_column_text][vc_column_text]<\/p>\n<p style=\"padding-left: 35px; padding-right: 35px; text-align: center;\">Rodamientos ISB SPORT con sellado met\u00e1lico s\u00f3lo por un lado y lubricados con aceite<\/p>\n<p>[\/vc_column_text][vc_separator type=&#8221;transparent&#8221; up=&#8221;60&#8243; down=&#8221;0&#8243;][\/vc_column_inner][\/vc_row_inner][vc_empty_space height=&#8221;52px&#8221;][vc_row_inner row_type=&#8221;row&#8221; type=&#8221;grid&#8221; text_align=&#8221;left&#8221; css_animation=&#8221;&#8221; css=&#8221;.vc_custom_1749029184635{border-right-width: 80px !important;border-left-width: 80px !important;padding-right: 20px !important;padding-left: 20px !important;}&#8221;][vc_column_inner width=&#8221;1\/3&#8243;][vc_separator type=&#8221;transparent&#8221; up=&#8221;60&#8243; down=&#8221;0&#8243;][\/vc_column_inner][vc_column_inner width=&#8221;1\/3&#8243;][vc_single_image image=&#8221;63363&#8243; img_size=&#8221;full&#8221; alignment=&#8221;center&#8221; qode_css_animation=&#8221;&#8221;][vc_empty_space height=&#8221;25px&#8221;][vc_column_text]<\/p>\n<p style=\"text-align: center; color: #ffffff;\"><strong>127 TN9 ISB SPORT<\/strong><\/p>\n<p>[\/vc_column_text][vc_column_text]<\/p>\n<p style=\"padding-left: 35px; padding-right: 35px; text-align: center;\">Rodamientos ISB SPORT sin tapas (abiertos), con una jaula de poliamida especial y lubricados con aceite<\/p>\n<p>[\/vc_column_text][vc_separator type=&#8221;transparent&#8221; up=&#8221;60&#8243; down=&#8221;0&#8243;][\/vc_column_inner][vc_column_inner width=&#8221;1\/3&#8243;][vc_separator type=&#8221;transparent&#8221; up=&#8221;60&#8243; down=&#8221;0&#8243;][\/vc_column_inner][\/vc_row_inner][vc_empty_space height=&#8221;70px&#8221;][vc_separator type=&#8221;normal&#8221; color=&#8221;#ffffff&#8221; thickness=&#8221;1&#8243;][vc_empty_space height=&#8221;70px&#8221;][\/vc_column][\/vc_row][vc_row css_animation=&#8221;&#8221; row_type=&#8221;row&#8221; use_row_as_full_screen_section=&#8221;no&#8221; type=&#8221;grid&#8221; angled_section=&#8221;no&#8221; text_align=&#8221;left&#8221; background_image_as_pattern=&#8221;without_pattern&#8221; bg_type=&#8221;bg_color&#8221; background_color=&#8221;#ffffff&#8221; padding_top=&#8221;87&#8243; padding_bottom=&#8221;4&#8243; z_index=&#8221;&#8221; bg_color_value=&#8221;#000000&#8243; css=&#8221;.vc_custom_1749033316221{margin-top: -80px !important;}&#8221;][vc_column][vc_column_text css=&#8221;.vc_custom_1749037246768{margin-right: 40px !important;margin-left: 40px !important;}&#8221;]<\/p>\n<h1 style=\"text-align: center;\"><strong><span style=\"color: #009045;\">RODAMIENTOS ISB SPORT 8x22x7mm<\/span><\/strong><\/h1>\n<p>[\/vc_column_text][vc_column_text]<\/p>\n<h5 style=\"padding-left: 35px; padding-right: 35px; text-align: center; color: #ffffff;\">Estos rodamientos se recomiendan para aplicaciones de eje de rueda 8mm como Patinaje de velocidad, Hockey en l\u00ednea, Skate, Inline Freestyle, Patinaje alpino, Patinetes\u2026<\/h5>\n<p>[\/vc_column_text][vc_empty_space height=&#8221;75px&#8221;][vc_row_inner row_type=&#8221;row&#8221; type=&#8221;grid&#8221; text_align=&#8221;left&#8221; css_animation=&#8221;&#8221; css=&#8221;.vc_custom_1749029184635{border-right-width: 80px !important;border-left-width: 80px !important;padding-right: 20px !important;padding-left: 20px !important;}&#8221;][vc_column_inner width=&#8221;1\/3&#8243;][vc_single_image image=&#8221;63367&#8243; img_size=&#8221;full&#8221; alignment=&#8221;center&#8221; qode_css_animation=&#8221;&#8221;][vc_empty_space height=&#8221;25px&#8221;][vc_column_text]<\/p>\n<p style=\"text-align: center; color: #ffffff;\"><strong>BO 608 2RS BLUE TN9 ABEC 9 ISB SPORT<\/strong><\/p>\n<p>[\/vc_column_text][vc_column_text]<\/p>\n<p style=\"padding-left: 35px; padding-right: 35px; text-align: center;\">Rodamientos ISB SPORT ABEC 9, BO coated. Tienen sellado de goma por los dos lados, una jaula de poliamida especial y est\u00e1n lubricados con aceite<\/p>\n<p>[\/vc_column_text][vc_separator type=&#8221;transparent&#8221; up=&#8221;60&#8243; down=&#8221;0&#8243;][\/vc_column_inner][vc_column_inner width=&#8221;1\/3&#8243;][vc_single_image image=&#8221;63371&#8243; img_size=&#8221;full&#8221; alignment=&#8221;center&#8221; qode_css_animation=&#8221;&#8221;][vc_empty_space height=&#8221;25px&#8221;][vc_column_text]<\/p>\n<p style=\"text-align: center; color: #ffffff;\"><strong>BO 608 RS GREEN TN9 ABEC 9 ISB SPORT<\/strong><\/p>\n<p>[\/vc_column_text][vc_column_text]<\/p>\n<p style=\"padding-left: 35px; padding-right: 35px; text-align: center;\">Rodamientos ISB SPORT ABEC 9, BO coated. Tienen sellado de goma por un lado, una jaula de poliamida especial y est\u00e1n lubricados con aceite<\/p>\n<p>[\/vc_column_text][vc_separator type=&#8221;transparent&#8221; up=&#8221;60&#8243; down=&#8221;0&#8243;][\/vc_column_inner][vc_column_inner width=&#8221;1\/3&#8243;][vc_single_image image=&#8221;63375&#8243; img_size=&#8221;full&#8221; alignment=&#8221;center&#8221; qode_css_animation=&#8221;&#8221;][vc_empty_space height=&#8221;25px&#8221;][vc_column_text]<\/p>\n<p style=\"text-align: center; color: #ffffff;\"><strong>BO CB 608 RS YELLOW TN9 ABEC 9 ISB SPORT<\/strong><\/p>\n<p>[\/vc_column_text][vc_column_text]<\/p>\n<p style=\"padding-left: 35px; padding-right: 35px; text-align: center;\">Rodamientos cer\u00e1micos ISB SPORT ABEC 9, BO coated. Tienen sellado de goma por un lado, una jaula de poliamida especial y est\u00e1n lubricados con aceite<\/p>\n<p>[\/vc_column_text][vc_separator type=&#8221;transparent&#8221; up=&#8221;60&#8243; down=&#8221;0&#8243;][\/vc_column_inner][\/vc_row_inner][vc_empty_space height=&#8221;52px&#8221;][vc_row_inner row_type=&#8221;row&#8221; type=&#8221;grid&#8221; text_align=&#8221;left&#8221; css_animation=&#8221;&#8221; css=&#8221;.vc_custom_1749029184635{border-right-width: 80px !important;border-left-width: 80px !important;padding-right: 20px !important;padding-left: 20px !important;}&#8221;][vc_column_inner width=&#8221;1\/3&#8243;][vc_single_image image=&#8221;63379&#8243; img_size=&#8221;full&#8221; alignment=&#8221;center&#8221; qode_css_animation=&#8221;&#8221;][vc_empty_space height=&#8221;25px&#8221;][vc_column_text]<\/p>\n<p style=\"text-align: center; color: #ffffff;\"><strong>608 ZZ GL ISB SPORT<\/strong><\/p>\n<p>[\/vc_column_text][vc_column_text]<\/p>\n<p style=\"padding-left: 35px; padding-right: 35px; text-align: center;\">Rodamientos ISB SPORT con sellado met\u00e1lico por los dos lados y lubricados con grasa<\/p>\n<p>[\/vc_column_text][vc_separator type=&#8221;transparent&#8221; up=&#8221;60&#8243; down=&#8221;0&#8243;][\/vc_column_inner][vc_column_inner width=&#8221;1\/3&#8243;][vc_single_image image=&#8221;63383&#8243; img_size=&#8221;full&#8221; alignment=&#8221;center&#8221; qode_css_animation=&#8221;&#8221;][vc_empty_space height=&#8221;25px&#8221;][vc_column_text]<\/p>\n<p style=\"text-align: center; color: #ffffff;\"><strong>608 ZZ GL ABEC 5 ISB SPORT<\/strong><\/p>\n<p>[\/vc_column_text][vc_column_text]<\/p>\n<p style=\"padding-left: 35px; padding-right: 35px; text-align: center;\">Rodamientos ISB SPORT ABEC 5, con sellado met\u00e1lico por los dos lados y lubricados con grasa<\/p>\n<p>[\/vc_column_text][vc_separator type=&#8221;transparent&#8221; up=&#8221;60&#8243; down=&#8221;0&#8243;][\/vc_column_inner][vc_column_inner width=&#8221;1\/3&#8243;][vc_single_image image=&#8221;63387&#8243; img_size=&#8221;full&#8221; alignment=&#8221;center&#8221; qode_css_animation=&#8221;&#8221;][vc_empty_space height=&#8221;25px&#8221;][vc_column_text]<\/p>\n<p style=\"text-align: center; color: #ffffff;\"><strong>608 Z TN9 ISB SPORT<\/strong><\/p>\n<p>[\/vc_column_text][vc_column_text]<\/p>\n<p style=\"padding-left: 35px; padding-right: 35px; text-align: center;\">Rodamientos ISB SPORTcon sellado met\u00e1lico s\u00f3lo por un lado, una jaula de poliamida especial y lubricados con aceite<\/p>\n<p>[\/vc_column_text][vc_separator type=&#8221;transparent&#8221; up=&#8221;60&#8243; down=&#8221;0&#8243;][\/vc_column_inner][\/vc_row_inner][vc_empty_space height=&#8221;52px&#8221;][\/vc_column][\/vc_row]<\/p>\n<\/div>","protected":false},"excerpt":{"rendered":"<p>[vc_row css_animation=&#8221;&#8221; row_type=&#8221;row&#8221; use_row_as_full_screen_section=&#8221;no&#8221; type=&#8221;grid&#8221; angled_section=&#8221;no&#8221; text_align=&#8221;left&#8221; background_image_as_pattern=&#8221;without_pattern&#8221; bg_type=&#8221;bg_color&#8221; background_color=&#8221;#ffffff&#8221; padding_top=&#8221;87&#8243; padding_bottom=&#8221;4&#8243; z_index=&#8221;&#8221; bg_color_value=&#8221;#000000&#8243; css=&#8221;.vc_custom_1749033316221{margin-top: -80px !important;}&#8221;][vc_column][vc_column_text css=&#8221;.vc_custom_1749033623002{margin-right: 40px !important;margin-left: 40px !important;}&#8221;] RODAMIENTOS ISB SPORT 7x22x7 mm [\/vc_column_text][vc_column_text] Estos rodamientos se recomiendan para aplicaciones de eje de rueda 7mm como Patinaje art\u00edstico, Hockey patines, Roller&#8230;<\/p>\n","protected":false},"author":1,"featured_media":0,"parent":0,"menu_order":0,"comment_status":"closed","ping_status":"closed","template":"full_width.php","meta":{"footnotes":""},"class_list":["post-63526","page","type-page","status-publish","hentry"],"_links":{"self":[{"href":"https:\/\/isbsport.com\/latam\/wp-json\/wp\/v2\/pages\/63526","targetHints":{"allow":["GET"]}}],"collection":[{"href":"https:\/\/isbsport.com\/latam\/wp-json\/wp\/v2\/pages"}],"about":[{"href":"https:\/\/isbsport.com\/latam\/wp-json\/wp\/v2\/types\/page"}],"author":[{"embeddable":true,"href":"https:\/\/isbsport.com\/latam\/wp-json\/wp\/v2\/users\/1"}],"replies":[{"embeddable":true,"href":"https:\/\/isbsport.com\/latam\/wp-json\/wp\/v2\/comments?post=63526"}],"version-history":[{"count":3,"href":"https:\/\/isbsport.com\/latam\/wp-json\/wp\/v2\/pages\/63526\/revisions"}],"predecessor-version":[{"id":65597,"href":"https:\/\/isbsport.com\/latam\/wp-json\/wp\/v2\/pages\/63526\/revisions\/65597"}],"wp:attachment":[{"href":"https:\/\/isbsport.com\/latam\/wp-json\/wp\/v2\/media?parent=63526"}],"curies":[{"name":"wp","href":"https:\/\/api.w.org\/{rel}","templated":true}]}}