{"id":64797,"date":"2025-11-24T07:39:18","date_gmt":"2025-11-24T06:39:18","guid":{"rendered":"https:\/\/isbsport.com\/?page_id=64797"},"modified":"2026-02-06T23:04:30","modified_gmt":"2026-02-06T22:04:30","slug":"rodamientos-isb-sport","status":"publish","type":"page","link":"https:\/\/isbsport.com\/latam\/","title":{"rendered":"Rodamientos ISB Sport"},"content":{"rendered":"<div class=\"wpb-content-wrapper\"><p>[vc_row css_animation=&#8221;&#8221; row_type=&#8221;row&#8221; use_row_as_full_screen_section=&#8221;no&#8221; type=&#8221;full_width&#8221; angled_section=&#8221;no&#8221; text_align=&#8221;left&#8221; background_image_as_pattern=&#8221;without_pattern&#8221; bg_type=&#8221;bg_color&#8221; background_color=&#8221;#000000&#8243; padding_top=&#8221;40&#8243; css=&#8221;.vc_custom_1550248252178{margin-top: 0px !important;border-top-width: 0px !important;padding-top: 0px !important;background-color: #000000 !important;}&#8221; bg_color_value=&#8221;#ffffff&#8221;][vc_column][layerslider_vc id=&#8221;1&#8243;][\/vc_column][\/vc_row][vc_row css_animation=&#8221;&#8221; row_type=&#8221;row&#8221; use_row_as_full_screen_section=&#8221;no&#8221; type=&#8221;full_width&#8221; angled_section=&#8221;no&#8221; text_align=&#8221;left&#8221; background_image_as_pattern=&#8221;without_pattern&#8221; bg_type=&#8221;bg_color&#8221; background_color=&#8221;#0a0a0a&#8221; css=&#8221;.vc_custom_1763567262362{background-color: #ffffff !important;}&#8221; bg_color_value=&#8221;#000000&#8243; z_index=&#8221;&#8221;][vc_column][vc_empty_space css=&#8221;.vc_custom_1763622733671{background-color: #000000 !important;}&#8221;][vc_empty_space css=&#8221;.vc_custom_1763622744099{background-color: #000000 !important;}&#8221;][\/vc_column][\/vc_row][vc_row css_animation=&#8221;&#8221; row_type=&#8221;row&#8221; use_row_as_full_screen_section=&#8221;no&#8221; type=&#8221;grid&#8221; angled_section=&#8221;no&#8221; text_align=&#8221;left&#8221; background_image_as_pattern=&#8221;without_pattern&#8221; bg_type=&#8221;bg_color&#8221; z_index=&#8221;&#8221; background_color=&#8221;#000000&#8243; bg_color_value=&#8221;#000000&#8243;][vc_column][vc_single_image image=&#8221;64818&#8243; img_size=&#8221;full&#8221; alignment=&#8221;center&#8221; qode_css_animation=&#8221;&#8221; qode_hover_animation=&#8221;darken&#8221;][vc_column_text css=&#8221;.vc_custom_1763567615299{margin-right: 40px !important;margin-left: 40px !important;}&#8221;]<\/p>\n<h1 style=\"text-align: center\"><strong><span style=\"color: #009045\">&#8220;ENGINEERED TO UPGRADE YOUR RIDE&#8221; <\/span><\/strong><\/h1>\n<h1 style=\"text-align: center\"><strong><span style=\"color: #ffffff\">Lo importante no es que se vea, es que se sienta<\/span><\/strong><\/h1>\n<p>[\/vc_column_text][vc_column_text css=&#8221;.vc_custom_1770395439277{margin-top: 20px !important;}&#8221;]<\/p>\n<p style=\"padding-left: 65px;padding-right: 65px;text-align: center;color: #ffffff\">En ISB SPORT utilizamos nuestra experiencia como fabricantes de rodamientos desde hace m\u00e1s de 60 a\u00f1os para producir una l\u00ednea de rodamientos deportivos con las m\u00e1s altas prestaciones para cumplir nuestro lema: \u201cResistencia, Rendimiento, Resultado\u201d Cuando se habla de deporte, lo primero que viene a la mente son los atletas profesionales o pilotos. Sin embargo, cada vez son m\u00e1s los usuarios que se decantan por bicicletas, motos y otros equipos deportivos para entrenar o afrontar retos diarios. Los rodamientos ISB SPORT satisfacen ambas necesidades: ofrecer gran velocidad, alta precisi\u00f3n y fiabilidad para la competici\u00f3n, adem\u00e1s de una larga vida \u00fatil y un mantenimiento pr\u00e1cticamente nulo, ideal para aficionados.<\/p>\n<p>[\/vc_column_text][vc_empty_space height=&#8221;120px&#8221;][vc_row_inner row_type=&#8221;row&#8221; type=&#8221;grid&#8221; text_align=&#8221;left&#8221; css_animation=&#8221;&#8221; css=&#8221;.vc_custom_1749029184635{border-right-width: 80px !important;border-left-width: 80px !important;padding-right: 20px !important;padding-left: 20px !important;}&#8221;][vc_column_inner width=&#8221;1\/3&#8243; css=&#8221;.vc_custom_1763624111182{margin-right: 10px !important;margin-left: 10px !important;padding-right: 20px !important;padding-left: 20px !important;}&#8221;][vc_single_image image=&#8221;64836&#8243; img_size=&#8221;full&#8221; alignment=&#8221;center&#8221; onclick=&#8221;custom_link&#8221; qode_css_animation=&#8221;element_from_bottom&#8221; link=&#8221;https:\/\/isbsport.com\/rodamientos-patin\/&#8221;][vc_empty_space height=&#8221;25px&#8221;][vc_column_text]<\/p>\n<p style=\"text-align: center;color: #ffffff\"><strong>RODAMIENTOS ISB SPORT ROLLER<\/strong><\/p>\n<p>[\/vc_column_text][vc_column_text]<\/p>\n<p style=\"padding-left: 35px;padding-right: 35px;text-align: center\">La gama ISB SPORT roller para patinaje art\u00edstico, de velocidad, hockey, skate, scooter\u2026 se compone de referencias tanto para ruedas de eje de 7mm (7x22x7mm) como para eje de 8mm (8x22x7mm)<\/p>\n<p>[\/vc_column_text][vc_separator type=&#8221;transparent&#8221; up=&#8221;20&#8243; down=&#8221;0&#8243;]<a  itemprop=\"url\" href=\"https:\/\/isbsport.com\/rodamientos-patin\/\" target=\"_self\" data-hover-background-color='#009245' data-hover-border-color='#009245' data-hover-color='#ffffff' class=\"qbutton  center default\" style=\"color: #ffffff; border-color: #009045; margin: 0px auto 0px auto; border-radius: 50px;-moz-border-radius: 50px;-webkit-border-radius: 50px; \">GAMA ROLLER<\/a>[vc_empty_space height=&#8221;30px&#8221; css=&#8221;.vc_custom_1764751869318{background-color: #000000 !important;}&#8221;][\/vc_column_inner][vc_column_inner width=&#8221;1\/3&#8243; css=&#8221;.vc_custom_1763624125477{margin-right: 10px !important;margin-left: 10px !important;padding-right: 20px !important;padding-left: 20px !important;}&#8221;][vc_single_image image=&#8221;64826&#8243; img_size=&#8221;full&#8221; alignment=&#8221;center&#8221; qode_css_animation=&#8221;element_from_bottom&#8221;][vc_empty_space height=&#8221;25px&#8221;][vc_column_text]<\/p>\n<p style=\"text-align: center;color: #ffffff\"><strong>RODAMIENTOS ISB SPORT CYCLING<\/strong><\/p>\n<p>[\/vc_column_text][vc_column_text]<\/p>\n<p style=\"padding-left: 35px;padding-right: 35px;text-align: center\">Las referencias ISB SPORT para bicicleta MTB, road, gravel, el\u00e9ctricas&#8230;\u00a0incluyen rodamientos de acero y cer\u00e1micos para todas las aplicaciones: rodamientos para rueda y pedalier, para suspensi\u00f3n, para direcci\u00f3n o motor eBike entre otras<\/p>\n<p>[\/vc_column_text][vc_separator type=&#8221;transparent&#8221; up=&#8221;20&#8243; down=&#8221;0&#8243;]<a  itemprop=\"url\" href=\"https:\/\/isbsport.com\/rodamientos-bicicleta\/\" target=\"_self\" data-hover-background-color='#009245' data-hover-border-color='#009245' data-hover-color='#ffffff' class=\"qbutton  center default\" style=\"color: #ffffff; border-color: #009045; margin: 0px 0px 1px 0px; border-radius: 50px;-moz-border-radius: 50px;-webkit-border-radius: 50px; \">GAMA CYCLING<\/a>[vc_empty_space height=&#8221;30px&#8221; css=&#8221;.vc_custom_1764751869318{background-color: #000000 !important;}&#8221;][\/vc_column_inner][vc_column_inner width=&#8221;1\/3&#8243; css=&#8221;.vc_custom_1763624144198{margin-right: 10px !important;margin-left: 10px !important;padding-right: 20px !important;padding-left: 20px !important;}&#8221;][vc_single_image image=&#8221;64842&#8243; img_size=&#8221;full&#8221; alignment=&#8221;center&#8221; qode_css_animation=&#8221;element_from_bottom&#8221;][vc_empty_space height=&#8221;25px&#8221;][vc_column_text]<\/p>\n<p style=\"text-align: center;color: #ffffff\"><strong>COMPONENTES ISB SPORT MOTORSPORT<\/strong><\/p>\n<p>[\/vc_column_text][vc_column_text]<\/p>\n<p style=\"padding-left: 35px;padding-right: 35px;text-align: center\">ISB SPORT pone a tu disposici\u00f3n una gama especializada de componentes para motorsport\u00a0 tanto para moto, quad, kart&#8230; tales como rodamientos, r\u00f3tulas y cabezas de articulaci\u00f3n, casquillos de agujas o retenes<\/p>\n<p>[\/vc_column_text][vc_separator type=&#8221;transparent&#8221; up=&#8221;20&#8243; down=&#8221;0&#8243;]<a  itemprop=\"url\" href=\"\" target=\"_self\" data-hover-background-color='#009245' data-hover-border-color='#009245' data-hover-color='#ffffff' class=\"qbutton  center default\" style=\"color: #ffffff; border-color: #009045; margin: 0px 0px 1px 0px; border-radius: 50px;-moz-border-radius: 50px;-webkit-border-radius: 50px; \">GAMA MOTORSPORT<\/a>[vc_empty_space height=&#8221;30px&#8221; css=&#8221;.vc_custom_1764751869318{background-color: #000000 !important;}&#8221;][\/vc_column_inner][\/vc_row_inner][\/vc_column][\/vc_row][vc_row css_animation=&#8221;&#8221; row_type=&#8221;row&#8221; use_row_as_full_screen_section=&#8221;no&#8221; type=&#8221;full_width&#8221; angled_section=&#8221;no&#8221; text_align=&#8221;left&#8221; background_image_as_pattern=&#8221;without_pattern&#8221; bg_type=&#8221;bg_color&#8221; background_color=&#8221;#0a0a0a&#8221; css=&#8221;.vc_custom_1763622694904{background-color: #ffffff !important;}&#8221; bg_color_value=&#8221;#000000&#8243; z_index=&#8221;&#8221;][vc_column][vc_empty_space height=&#8221;30px&#8221; css=&#8221;.vc_custom_1764751869318{background-color: #000000 !important;}&#8221;][vc_empty_space height=&#8221;62px&#8221; css=&#8221;.vc_custom_1763624257209{background-color: #000000 !important;}&#8221;][\/vc_column][\/vc_row][vc_row css_animation=&#8221;&#8221; row_type=&#8221;row&#8221; use_row_as_full_screen_section=&#8221;no&#8221; type=&#8221;full_width&#8221; angled_section=&#8221;no&#8221; text_align=&#8221;left&#8221; background_image_as_pattern=&#8221;without_pattern&#8221; bg_type=&#8221;bg_color&#8221; background_color=&#8221;#000000&#8243; padding_top=&#8221;40&#8243; css=&#8221;.vc_custom_1770300497994{margin-top: 0px !important;border-top-width: 0px !important;padding-top: 0px !important;background-color: #000000 !important;}&#8221; bg_color_value=&#8221;#ffffff&#8221; z_index=&#8221;&#8221;][vc_column][layerslider_vc id=&#8221;9&#8243;][\/vc_column][\/vc_row][vc_row css_animation=&#8221;&#8221; row_type=&#8221;row&#8221; use_row_as_full_screen_section=&#8221;no&#8221; type=&#8221;full_width&#8221; angled_section=&#8221;no&#8221; text_align=&#8221;left&#8221; background_image_as_pattern=&#8221;without_pattern&#8221; bg_type=&#8221;bg_color&#8221; background_color=&#8221;#0a0a0a&#8221; css=&#8221;.vc_custom_1605197220313{background-color: #ffffff !important;}&#8221; bg_color_value=&#8221;#ffffff&#8221; z_index=&#8221;&#8221;][vc_column][vc_empty_space height=&#8221;80px&#8221; css=&#8221;.vc_custom_1770380425062{background-color: #000000 !important;}&#8221;][\/vc_column][\/vc_row][vc_row css_animation=&#8221;&#8221; row_type=&#8221;row&#8221; use_row_as_full_screen_section=&#8221;no&#8221; type=&#8221;grid&#8221; angled_section=&#8221;no&#8221; text_align=&#8221;left&#8221; background_image_as_pattern=&#8221;without_pattern&#8221; background_color=&#8221;#000000&#8243;][vc_column][vc_empty_space height=&#8221;80px&#8221;]<div id=\"ultimate-heading-433669f45f9f9274c\" class=\"uvc-heading ult-adjust-bottom-margin ultimate-heading-433669f45f9f9274c uvc-6910 \" data-hspacer=\"no_spacer\"  data-halign=\"center\" style=\"text-align:center\"><div class=\"uvc-heading-spacer no_spacer\" style=\"top\"><\/div><div class=\"uvc-main-heading ult-responsive\"  data-ultimate-target='.uvc-heading.ultimate-heading-433669f45f9f9274c h2'  data-responsive-json-new='{\"font-size\":\"desktop:35px;\",\"line-height\":\"\"}' ><h2 style=\"font-weight:normal;color:#ffffff;\">\u00a1\u00daLTIMAS NOTICIAS!<\/h2><\/div><\/div>[vc_empty_space]\n<div class='latest_post_holder dividers four_columns one_row' >\n    <ul>\n    \n        <li class=\"clearfix\">\n            <div class=\"boxes_image\">\n                                <a itemprop=\"url\" href=\"https:\/\/isbsport.com\/latam\/isb-sport-partner-oficial-uci-gravel-world-series-girona-costa-brava-sea-otter-europe\/\"><img loading=\"lazy\" decoding=\"async\" width=\"539\" height=\"303\" src=\"https:\/\/isbsport.com\/wp-content\/uploads\/2026\/04\/Cabecera-posts-blog-ISB-SPORT-PARTNER-OFICIAL-DE-LA-UCI-GRAVEL-WORLD-SERIES-GIRONA-COSTA-BRAVA-SEA-OTTER-EUROPE-539x303.jpg\" class=\"attachment-latest_post_boxes size-latest_post_boxes wp-post-image\" alt=\"ISB SPORT PARTNER OFICIAL DE LA UCI GRAVEL WORLD SERIES GIRONA-COSTA BRAVA SEA OTTER EUROPE\" \/><\/a>\n            <\/div>\n            <div class=\"latest_post\"  >\n                <div class=\"latest_post_text\">\n                    <div class=\"latest_post_inner\">\n                        <div itemprop=\"dateCreated\" class=\"latest_post_date entry_date updated\">\n                            <div class=\"latest_post_day\">01<\/div>\n                            <div class=\"latest_post_month\">May<\/div>\n                            <meta itemprop=\"interactionCount\" content=\"UserComments: 0\" \/>\n                        <\/div>\n\n                        <div class=\"latest_post_text_inner\">\n                            <h5 itemprop=\"name\" class=\"latest_post_title entry_title\"><a itemprop=\"url\" href=\"https:\/\/isbsport.com\/latam\/isb-sport-partner-oficial-uci-gravel-world-series-girona-costa-brava-sea-otter-europe\/\">ISB SPORT PARTNER OFICIAL DE LA UCI GRAVEL WORLD SERIES GIRONA-COSTA BRAVA SEA OTTER EUROPE<\/a><\/h5>\n                                                        <span class=\"post_infos\">\n\n                                \n                                \n                                \n                                                            <\/span>\n\n                        <\/div>\n                    <\/div>\n                <\/div>\n            <\/div>\n        <\/li>\n        \n        <li class=\"clearfix\">\n            <div class=\"boxes_image\">\n                                <a itemprop=\"url\" href=\"https:\/\/isbsport.com\/latam\/francesc-moret-alestrem-hard-enduro\/\"><img loading=\"lazy\" decoding=\"async\" width=\"539\" height=\"303\" src=\"https:\/\/isbsport.com\/wp-content\/uploads\/2026\/04\/Cabecera-posts-blog-Francesc-Moret-Alestrem-Hard-Enduro-539x303.jpg\" class=\"attachment-latest_post_boxes size-latest_post_boxes wp-post-image\" alt=\"Francesc Moret Alestrem Hard Enduro\" \/><\/a>\n            <\/div>\n            <div class=\"latest_post\"  >\n                <div class=\"latest_post_text\">\n                    <div class=\"latest_post_inner\">\n                        <div itemprop=\"dateCreated\" class=\"latest_post_date entry_date updated\">\n                            <div class=\"latest_post_day\">30<\/div>\n                            <div class=\"latest_post_month\">Abr<\/div>\n                            <meta itemprop=\"interactionCount\" content=\"UserComments: 0\" \/>\n                        <\/div>\n\n                        <div class=\"latest_post_text_inner\">\n                            <h5 itemprop=\"name\" class=\"latest_post_title entry_title\"><a itemprop=\"url\" href=\"https:\/\/isbsport.com\/latam\/francesc-moret-alestrem-hard-enduro\/\">FRANCESC MORET SUPERA EL EXIGENTE ALESTREM HARD ENDURO<\/a><\/h5>\n                                                        <span class=\"post_infos\">\n\n                                \n                                \n                                \n                                                            <\/span>\n\n                        <\/div>\n                    <\/div>\n                <\/div>\n            <\/div>\n        <\/li>\n        \n        <li class=\"clearfix\">\n            <div class=\"boxes_image\">\n                                <a itemprop=\"url\" href=\"https:\/\/isbsport.com\/latam\/formula-student-experiencia-tecnun-eracing-austria\/\"><img loading=\"lazy\" decoding=\"async\" width=\"539\" height=\"303\" src=\"https:\/\/isbsport.com\/wp-content\/uploads\/2026\/04\/Cabecera-posts-blog-Experiencia-Tecnun-eRacing-Austria-539x303.jpg\" class=\"attachment-latest_post_boxes size-latest_post_boxes wp-post-image\" alt=\"Experiencia Tecnun eRacing Austria\" \/><\/a>\n            <\/div>\n            <div class=\"latest_post\"  >\n                <div class=\"latest_post_text\">\n                    <div class=\"latest_post_inner\">\n                        <div itemprop=\"dateCreated\" class=\"latest_post_date entry_date updated\">\n                            <div class=\"latest_post_day\">29<\/div>\n                            <div class=\"latest_post_month\">Abr<\/div>\n                            <meta itemprop=\"interactionCount\" content=\"UserComments: 0\" \/>\n                        <\/div>\n\n                        <div class=\"latest_post_text_inner\">\n                            <h5 itemprop=\"name\" class=\"latest_post_title entry_title\"><a itemprop=\"url\" href=\"https:\/\/isbsport.com\/latam\/formula-student-experiencia-tecnun-eracing-austria\/\">FORMULA STUDENT: LA EXPERIENCIA DE TECNUN ERACING EN AUSTRIA<\/a><\/h5>\n                                                        <span class=\"post_infos\">\n\n                                \n                                \n                                \n                                                            <\/span>\n\n                        <\/div>\n                    <\/div>\n                <\/div>\n            <\/div>\n        <\/li>\n        \n        <li class=\"clearfix\">\n            <div class=\"boxes_image\">\n                                <a itemprop=\"url\" href=\"https:\/\/isbsport.com\/latam\/isb-factory-team-campeonato-espana-gravel\/\"><img loading=\"lazy\" decoding=\"async\" width=\"539\" height=\"303\" src=\"https:\/\/isbsport.com\/wp-content\/uploads\/2026\/04\/Cabecera-posts-blog-ISB-Factory-Team-Campeonato-Espana-Gravel-539x303.jpg\" class=\"attachment-latest_post_boxes size-latest_post_boxes wp-post-image\" alt=\"ISB Factory Team Campeonato Espa\u00f1a Gravel\" \/><\/a>\n            <\/div>\n            <div class=\"latest_post\"  >\n                <div class=\"latest_post_text\">\n                    <div class=\"latest_post_inner\">\n                        <div itemprop=\"dateCreated\" class=\"latest_post_date entry_date updated\">\n                            <div class=\"latest_post_day\">29<\/div>\n                            <div class=\"latest_post_month\">Abr<\/div>\n                            <meta itemprop=\"interactionCount\" content=\"UserComments: 0\" \/>\n                        <\/div>\n\n                        <div class=\"latest_post_text_inner\">\n                            <h5 itemprop=\"name\" class=\"latest_post_title entry_title\"><a itemprop=\"url\" href=\"https:\/\/isbsport.com\/latam\/isb-factory-team-campeonato-espana-gravel\/\">ISB FACTORY TEAM CAMPEONATO DE ESPA\u00d1A DE GRAVEL<\/a><\/h5>\n                                                        <span class=\"post_infos\">\n\n                                \n                                \n                                \n                                                            <\/span>\n\n                        <\/div>\n                    <\/div>\n                <\/div>\n            <\/div>\n        <\/li>\n            <\/ul>\n<\/div>[vc_empty_space][\/vc_column][\/vc_row][vc_row css_animation=&#8221;&#8221; row_type=&#8221;row&#8221; use_row_as_full_screen_section=&#8221;no&#8221; type=&#8221;full_width&#8221; angled_section=&#8221;no&#8221; text_align=&#8221;left&#8221; background_image_as_pattern=&#8221;without_pattern&#8221;][vc_column][vc_empty_space height=&#8221;10px&#8221;][\/vc_column][\/vc_row][vc_row css_animation=&#8221;&#8221; row_type=&#8221;row&#8221; use_row_as_full_screen_section=&#8221;no&#8221; type=&#8221;full_width&#8221; angled_section=&#8221;no&#8221; text_align=&#8221;left&#8221; background_image_as_pattern=&#8221;without_pattern&#8221;][vc_column][\/vc_column][\/vc_row][vc_column][\/vc_column]<\/p>\n<\/div>","protected":false},"excerpt":{"rendered":"<p>[vc_row css_animation=&#8221;&#8221; row_type=&#8221;row&#8221; use_row_as_full_screen_section=&#8221;no&#8221; type=&#8221;full_width&#8221; angled_section=&#8221;no&#8221; text_align=&#8221;left&#8221; background_image_as_pattern=&#8221;without_pattern&#8221; bg_type=&#8221;bg_color&#8221; background_color=&#8221;#000000&#8243; padding_top=&#8221;40&#8243; css=&#8221;.vc_custom_1550248252178{margin-top: 0px !important;border-top-width: 0px !important;padding-top: 0px !important;background-color: #000000 !important;}&#8221; bg_color_value=&#8221;#ffffff&#8221;][vc_column][layerslider_vc id=&#8221;1&#8243;][\/vc_column][\/vc_row][vc_row css_animation=&#8221;&#8221; row_type=&#8221;row&#8221; use_row_as_full_screen_section=&#8221;no&#8221; type=&#8221;full_width&#8221; angled_section=&#8221;no&#8221; text_align=&#8221;left&#8221; background_image_as_pattern=&#8221;without_pattern&#8221; bg_type=&#8221;bg_color&#8221; background_color=&#8221;#0a0a0a&#8221; css=&#8221;.vc_custom_1763567262362{background-color: #ffffff !important;}&#8221; bg_color_value=&#8221;#000000&#8243; z_index=&#8221;&#8221;][vc_column][vc_empty_space css=&#8221;.vc_custom_1763622733671{background-color: #000000 !important;}&#8221;][vc_empty_space css=&#8221;.vc_custom_1763622744099{background-color: #000000 !important;}&#8221;][\/vc_column][\/vc_row][vc_row css_animation=&#8221;&#8221; row_type=&#8221;row&#8221; use_row_as_full_screen_section=&#8221;no&#8221;&#8230;<\/p>\n","protected":false},"author":5,"featured_media":0,"parent":0,"menu_order":0,"comment_status":"closed","ping_status":"closed","template":"full_width.php","meta":{"footnotes":""},"class_list":["post-64797","page","type-page","status-publish","hentry"],"_links":{"self":[{"href":"https:\/\/isbsport.com\/latam\/wp-json\/wp\/v2\/pages\/64797","targetHints":{"allow":["GET"]}}],"collection":[{"href":"https:\/\/isbsport.com\/latam\/wp-json\/wp\/v2\/pages"}],"about":[{"href":"https:\/\/isbsport.com\/latam\/wp-json\/wp\/v2\/types\/page"}],"author":[{"embeddable":true,"href":"https:\/\/isbsport.com\/latam\/wp-json\/wp\/v2\/users\/5"}],"replies":[{"embeddable":true,"href":"https:\/\/isbsport.com\/latam\/wp-json\/wp\/v2\/comments?post=64797"}],"version-history":[{"count":10,"href":"https:\/\/isbsport.com\/latam\/wp-json\/wp\/v2\/pages\/64797\/revisions"}],"predecessor-version":[{"id":66272,"href":"https:\/\/isbsport.com\/latam\/wp-json\/wp\/v2\/pages\/64797\/revisions\/66272"}],"wp:attachment":[{"href":"https:\/\/isbsport.com\/latam\/wp-json\/wp\/v2\/media?parent=64797"}],"curies":[{"name":"wp","href":"https:\/\/api.w.org\/{rel}","templated":true}]}}