{"id":65493,"date":"2025-12-06T16:28:33","date_gmt":"2025-12-06T15:28:33","guid":{"rendered":"https:\/\/isbsport.com\/?page_id=65493"},"modified":"2026-03-03T08:59:38","modified_gmt":"2026-03-03T07:59:38","slug":"rodamientos-bicicleta","status":"publish","type":"page","link":"https:\/\/isbsport.com\/latam\/rodamientos-bicicleta\/","title":{"rendered":"Rodamientos para bicicleta"},"content":{"rendered":"<div class=\"wpb-content-wrapper\"><p>[vc_row css_animation=&#8221;&#8221; row_type=&#8221;row&#8221; use_row_as_full_screen_section=&#8221;no&#8221; type=&#8221;full_width&#8221; angled_section=&#8221;no&#8221; text_align=&#8221;left&#8221; background_image_as_pattern=&#8221;without_pattern&#8221;][vc_column][vc_empty_space][\/vc_column][\/vc_row][vc_row css_animation=&#8221;&#8221; row_type=&#8221;row&#8221; use_row_as_full_screen_section=&#8221;no&#8221; type=&#8221;grid&#8221; angled_section=&#8221;no&#8221; text_align=&#8221;left&#8221; background_image_as_pattern=&#8221;without_pattern&#8221; z_index=&#8221;&#8221;][vc_column][vc_empty_space height=&#8221;70px&#8221;][vc_column_text css=&#8221;.vc_custom_1755699241174{margin-right: 40px !important;margin-left: 40px !important;}&#8221;]<\/p>\n<h1 style=\"text-align: center;\"><strong><span style=\"color: #009045;\">UN RODAMIENTO PARA CADA APLICACI\u00d3N<\/span><\/strong><\/h1>\n<p>[\/vc_column_text][vc_column_text css=&#8221;.vc_custom_1764755978925{margin-top: 20px !important;}&#8221;]<\/p>\n<p style=\"padding-left: 35px; padding-right: 35px; text-align: center; color: #ffffff;\"><strong>La base de nuestra estrategia de producto es clara: \u201cEngineered to upgrade your ride\u201d. Los rodamientos ISB SPORT para bicicleta han sido dise\u00f1ados y fabricados para optimizar y garantizar su rendimiento en cualquiera de sus aplicaciones, por lo que sus caracter\u00edsticas difieren seg\u00fan su ubicaci\u00f3n en la bicicleta.<\/strong><\/p>\n<p style=\"padding-left: 35px; padding-right: 35px; text-align: center; color: #ffffff;\"><strong>El ciclismo vive de desaf\u00edos, l\u00edmites, esfuerzo, compromiso&#8230; En ISB SPORT compartimos esos valores y creemos que mejorar las prestaciones de cada componente de la bicicleta es la mejor v\u00eda para el progreso y la evoluci\u00f3n. Por ello, contamos con una gama especializada para cada una de las aplicaciones.<\/strong><\/p>\n<p>[\/vc_column_text][vc_empty_space height=&#8221;70px&#8221;][\/vc_column][\/vc_row][vc_row css_animation=&#8221;&#8221; row_type=&#8221;row&#8221; use_row_as_full_screen_section=&#8221;no&#8221; type=&#8221;grid&#8221; angled_section=&#8221;no&#8221; text_align=&#8221;left&#8221; background_image_as_pattern=&#8221;without_pattern&#8221; z_index=&#8221;&#8221;][vc_column][vc_row_inner row_type=&#8221;row&#8221; type=&#8221;full_width&#8221; text_align=&#8221;left&#8221; css_animation=&#8221;&#8221; css=&#8221;.vc_custom_1757963191363{margin-left: 30px !important;}&#8221;][vc_column_inner width=&#8221;1\/5&#8243;]<a  itemprop=\"url\" href=\"https:\/\/isbsport.com\/latam\/rodamientos-baleros-rueda-pedalier\/\" target=\"_self\" data-hover-background-color='#969696' data-hover-border-color='#969696' data-hover-color='#ffffff' class=\"qbutton  center default\" style=\"color: #ffffff; border-color: #009045; border-radius: 50px;-moz-border-radius: 50px;-webkit-border-radius: 50px; background-color: #009045;\">RUEDA Y PEDALIER<\/a>[vc_empty_space height=&#8221;22px&#8221;][\/vc_column_inner][vc_column_inner width=&#8221;1\/5&#8243;]<a  itemprop=\"url\" href=\"https:\/\/isbsport.com\/latam\/rodamientos-baleros-suspension-basculante\/\" target=\"_self\" data-hover-background-color='#969696' data-hover-border-color='#969696' data-hover-color='#ffffff' class=\"qbutton  center default\" style=\"color: #ffffff; border-color: #009045; border-radius: 50px;-moz-border-radius: 50px;-webkit-border-radius: 50px; background-color: #009045;\">SUSPENSI\u00d3N<\/a>[vc_empty_space height=&#8221;22px&#8221;][\/vc_column_inner][vc_column_inner width=&#8221;1\/5&#8243;]<a  itemprop=\"url\" href=\"https:\/\/isbsport.com\/latam\/rodamientos-baleros-direccion\" target=\"_self\" data-hover-background-color='#969696' data-hover-border-color='#969696' data-hover-color='#ffffff' class=\"qbutton  center default\" style=\"color: #ffffff; border-color: #009045; border-radius: 50px;-moz-border-radius: 50px;-webkit-border-radius: 50px; background-color: #009045;\">DIRECCI\u00d3N<\/a>[vc_empty_space height=&#8221;22px&#8221;][\/vc_column_inner][vc_column_inner width=&#8221;1\/5&#8243;]<a  itemprop=\"url\" href=\"https:\/\/isbsport.com\/latam\/rodamientos-baleros-componentes-motor-ebike\/\" target=\"_self\" data-hover-background-color='#969696' data-hover-border-color='#969696' data-hover-color='#ffffff' class=\"qbutton  center default\" style=\"color: #ffffff; border-color: #009045; border-radius: 50px;-moz-border-radius: 50px;-webkit-border-radius: 50px; background-color: #009045;\">MOTOR eBIKE<\/a>[vc_empty_space height=&#8221;22px&#8221;][\/vc_column_inner][vc_column_inner width=&#8221;1\/5&#8243;]<a  itemprop=\"url\" href=\"https:\/\/isbsport.com\/latam\/rodamientos-baleros-roldana\/\" target=\"_self\" data-hover-background-color='#969696' data-hover-border-color='#969696' data-hover-color='#ffffff' class=\"qbutton  center default\" style=\"color: #ffffff; border-color: #009045; border-radius: 50px;-moz-border-radius: 50px;-webkit-border-radius: 50px; background-color: #009045;\">ROLDANA<\/a>[\/vc_column_inner][\/vc_row_inner][vc_empty_space height=&#8221;22px&#8221;][vc_separator type=&#8221;normal&#8221; color=&#8221;#ffffff&#8221; thickness=&#8221;2&#8243;][vc_empty_space height=&#8221;22px&#8221;][vc_row_inner row_type=&#8221;row&#8221; type=&#8221;full_width&#8221; text_align=&#8221;left&#8221; css_animation=&#8221;&#8221; css=&#8221;.vc_custom_1757963176052{padding-left: 40px !important;}&#8221;][vc_column_inner width=&#8221;1\/4&#8243;][\/vc_column_inner][vc_column_inner width=&#8221;1\/4&#8243;]<a  itemprop=\"url\" href=\"https:\/\/isbsport.com\/latam\/catalogo-rodamientos-bicicleta\/\" target=\"_self\" data-hover-background-color='#969696' data-hover-border-color='#969696' data-hover-color='#ffffff' class=\"qbutton  center default\" style=\"color: #ffffff; border-color: #009045; border-radius: 50px;-moz-border-radius: 50px;-webkit-border-radius: 50px; \">CAT\u00c1LOGO COMPLETO<\/a>[vc_empty_space height=&#8221;22px&#8221;][\/vc_column_inner][vc_column_inner width=&#8221;1\/4&#8243;]<a  itemprop=\"url\" href=\"https:\/\/isbsport.com\/latam\/codificacion-isb-sport-designation-system\/\" target=\"_self\" data-hover-background-color='#969696' data-hover-border-color='#969696' data-hover-color='#ffffff' class=\"qbutton  center default\" style=\"color: #ffffff; border-color: #009045; border-radius: 50px;-moz-border-radius: 50px;-webkit-border-radius: 50px; \">CODIFICACI\u00d3N<\/a>[\/vc_column_inner][vc_column_inner width=&#8221;1\/4&#8243;][\/vc_column_inner][\/vc_row_inner][\/vc_column][\/vc_row][vc_row css_animation=&#8221;&#8221; row_type=&#8221;row&#8221; use_row_as_full_screen_section=&#8221;no&#8221; type=&#8221;grid&#8221; angled_section=&#8221;no&#8221; text_align=&#8221;left&#8221; background_image_as_pattern=&#8221;without_pattern&#8221; bg_type=&#8221;bg_color&#8221; z_index=&#8221;&#8221; background_color=&#8221;#000000&#8243; bg_color_value=&#8221;#000000&#8243;][vc_column][vc_empty_space height=&#8221;70px&#8221;][vc_single_image image=&#8221;65020&#8243; img_size=&#8221;full&#8221; alignment=&#8221;center&#8221; qode_css_animation=&#8221;&#8221; qode_hover_animation=&#8221;darken&#8221;][vc_empty_space height=&#8221;120px&#8221;][\/vc_column][\/vc_row][vc_row css_animation=&#8221;&#8221; row_type=&#8221;row&#8221; use_row_as_full_screen_section=&#8221;no&#8221; type=&#8221;full_width&#8221; angled_section=&#8221;no&#8221; text_align=&#8221;center&#8221; background_image_as_pattern=&#8221;without_pattern&#8221; z_index=&#8221;&#8221; css=&#8221;.vc_custom_1756935903387{margin-right: 75px !important;margin-left: 75px !important;}&#8221;][vc_column][vc_separator type=&#8221;normal&#8221; color=&#8221;#ffffff&#8221; thickness=&#8221;2&#8243;][vc_empty_space height=&#8221;60px&#8221;][\/vc_column][\/vc_row][vc_row css_animation=&#8221;&#8221; row_type=&#8221;row&#8221; use_row_as_full_screen_section=&#8221;no&#8221; type=&#8221;full_width&#8221; angled_section=&#8221;no&#8221; text_align=&#8221;left&#8221; background_image_as_pattern=&#8221;without_pattern&#8221; bg_type=&#8221;bg_color&#8221; background_color=&#8221;#ffffff&#8221; css=&#8221;.vc_custom_1763653897929{margin-bottom: 30px !important;margin-left: 60px !important;background-color: #000000 !important;}&#8221; bg_color_value=&#8221;#000000&#8243; z_index=&#8221;&#8221;][vc_column width=&#8221;1\/2&#8243;][vc_column_text css=&#8221;.vc_custom_1763639846300{margin-left: 60px !important;background-color: #000000 !important;}&#8221;]<\/p>\n<h1 style=\"text-align: left;\"><strong><span style=\"color: #009045;\">SERIE ENDURANCE<\/span><\/strong><\/h1>\n<p>[\/vc_column_text][vc_column_text css=&#8221;.vc_custom_1763639835754{margin-right: 30px !important;margin-left: 60px !important;}&#8221;]<\/p>\n<h4 style=\"text-align: left;\"><strong><span style=\"color: #ffffff;\">Basados en el rendimiento, versatilidad y resistencia<\/span><\/strong><\/h4>\n<p>[\/vc_column_text][vc_single_image image=&#8221;64982&#8243; img_size=&#8221;full&#8221; alignment=&#8221;center&#8221; qode_css_animation=&#8221;element_from_left&#8221; css=&#8221;.vc_custom_1763654167567{margin-top: 0px !important;margin-right: 50px !important;margin-bottom: 60px !important;margin-left: 20px !important;}&#8221;][\/vc_column][vc_column width=&#8221;1\/2&#8243; css=&#8221;.vc_custom_1763634955476{margin-right: 50px !important;padding-right: 100px !important;}&#8221;][vc_column_text css=&#8221;.vc_custom_1763652535480{margin-right: 30px !important;margin-bottom: 20px !important;margin-left: 30px !important;}&#8221;]<\/p>\n<h4 style=\"text-align: left;\"><strong><span style=\"color: #ffffff;\">APLICACI\u00d3N<\/span><\/strong><\/h4>\n<ul style=\"text-align: justify;\">\n<li><span style=\"color: #ffffff;\">Rueda<\/span><\/li>\n<li><span style=\"color: #ffffff;\">Eje pedalier<\/span><\/li>\n<li><span style=\"color: #ffffff;\">Suspensi\u00f3n \/ Basculante (VMax)<\/span><\/li>\n<li><span style=\"color: #ffffff;\">Direcci\u00f3n<\/span><\/li>\n<li><span style=\"color: #ffffff;\">Motor eBike<\/span><\/li>\n<li><span style=\"color: #ffffff;\">Roldana<\/span><\/li>\n<\/ul>\n<p>[\/vc_column_text][vc_separator type=&#8221;normal&#8221; color=&#8221;#009245&#8243; up=&#8221;30px&#8221; down=&#8221;30px&#8221;][vc_column_text css=&#8221;.vc_custom_1763653038620{margin-top: 30px !important;margin-left: 30px !important;}&#8221;]<\/p>\n<h4 style=\"text-align: left;\"><strong><span style=\"color: #ffffff;\">Tipo: Rodamientos de ACERO<\/span><\/strong><\/h4>\n<p>[\/vc_column_text][vc_column_text css=&#8221;.vc_custom_1764756074565{margin-top: 10px !important;margin-right: 30px !important;margin-left: 30px !important;}&#8221;]<\/p>\n<p style=\"text-align: justify;\"><span style=\"color: #ffffff;\">Los rodamientos de acero son los m\u00e1s habituales en las bicicletas ya que son muy duraderos siempre que se mantenga una correcta limpieza y un buen engrase. En ISB SPORT contamos tanto con rodamientos de acero cromo o como de acero inoxidable<\/span><\/p>\n<p>&nbsp;<\/p>\n<p style=\"text-align: justify;\"><span style=\"color: #ffffff;\"><strong>Ventajas de los rodamientos de acero ISB S<\/strong>PORT:<\/span><\/p>\n<ul style=\"text-align: justify;\">\n<li><span style=\"color: #ffffff;\">Mayor vesatilidad para los diferentes tipos de bicicleta y aplicaciones.<\/span><\/li>\n<li><span style=\"color: #ffffff;\">Mayor resistencia a cargas repentinas de impacto.<\/span><\/li>\n<li><span style=\"color: #ffffff;\">Gran suavidad y facilidad de rotaci\u00f3n para reducir la resistencia de giro y la conservaci\u00f3n de energ\u00eda.<\/span><\/li>\n<li><span style=\"color: #ffffff;\">Equilibrio superior entre un buen rendimiento de sellado y un menor par de rodadura.<\/span><\/li>\n<li><span style=\"color: #ffffff;\">Tratamiento t\u00e9rmico exclusivo, para reducir las deformaciones de los aros y asegurar su resistencia.<\/span><\/li>\n<\/ul>\n<p>&nbsp;<\/p>\n<p style=\"text-align: justify;\"><span style=\"color: #ffffff;\">Adem\u00e1s, dentro de esta serie encontramos los rodamientos VMAX, especialmente dise\u00f1ados para todo el conjunto de la suspensi\u00f3n \/ basculante, cuyas caracter\u00edsticas estruvturales (sin jaula y &#8220;full ball&#8221; los hacen espec\u00edficos para esta aplicaci\u00f3n.<\/span><\/p>\n<p>[\/vc_column_text][\/vc_column][\/vc_row][vc_row css_animation=&#8221;&#8221; row_type=&#8221;row&#8221; use_row_as_full_screen_section=&#8221;no&#8221; type=&#8221;full_width&#8221; angled_section=&#8221;no&#8221; text_align=&#8221;center&#8221; background_image_as_pattern=&#8221;without_pattern&#8221; z_index=&#8221;&#8221; css=&#8221;.vc_custom_1756935903387{margin-right: 75px !important;margin-left: 75px !important;}&#8221;][vc_column][vc_empty_space height=&#8221;60px&#8221;][vc_separator type=&#8221;normal&#8221; color=&#8221;#ffffff&#8221; thickness=&#8221;2&#8243;][vc_empty_space height=&#8221;120px&#8221;][\/vc_column][\/vc_row][vc_row css_animation=&#8221;&#8221; row_type=&#8221;row&#8221; use_row_as_full_screen_section=&#8221;no&#8221; type=&#8221;full_width&#8221; angled_section=&#8221;no&#8221; text_align=&#8221;left&#8221; background_image_as_pattern=&#8221;without_pattern&#8221; bg_type=&#8221;bg_color&#8221; background_color=&#8221;#ffffff&#8221; css=&#8221;.vc_custom_1763653910493{margin-bottom: 30px !important;margin-left: 60px !important;background-color: #000000 !important;}&#8221; bg_color_value=&#8221;#000000&#8243; z_index=&#8221;&#8221;][vc_column width=&#8221;1\/2&#8243;][vc_column_text css=&#8221;.vc_custom_1763652094287{margin-left: 60px !important;background-color: #000000 !important;}&#8221;]<\/p>\n<h1 style=\"text-align: left;\"><strong><span style=\"color: #009045;\">SERIE PRO for high performances<\/span><\/strong><\/h1>\n<p>[\/vc_column_text][vc_column_text css=&#8221;.vc_custom_1763652101575{margin-right: 30px !important;margin-left: 60px !important;}&#8221;]<\/p>\n<h4><strong><span style=\"color: #ffffff;\">Dise\u00f1ados para ser multi-objetivo y preparados para la carrera<\/span><\/strong><\/h4>\n<p>[\/vc_column_text][vc_single_image image=&#8221;64987&#8243; img_size=&#8221;full&#8221; alignment=&#8221;center&#8221; qode_css_animation=&#8221;element_from_left&#8221; css=&#8221;.vc_custom_1763654275479{margin-top: 0px !important;margin-right: 50px !important;margin-bottom: 60px !important;margin-left: 20px !important;}&#8221;][\/vc_column][vc_column width=&#8221;1\/2&#8243; css=&#8221;.vc_custom_1763634955476{margin-right: 50px !important;padding-right: 100px !important;}&#8221;][vc_empty_space height=&#8221;30px&#8221;][vc_column_text css=&#8221;.vc_custom_1763652493032{margin-right: 30px !important;margin-bottom: 20px !important;margin-left: 30px !important;}&#8221;]<\/p>\n<h4 style=\"text-align: left;\"><strong><span style=\"color: #ffffff;\">APLICACI\u00d3N<\/span><\/strong><\/h4>\n<ul style=\"text-align: justify;\">\n<li><span style=\"color: #ffffff;\">Rueda<\/span><\/li>\n<li><span style=\"color: #ffffff;\">Eje pedalier<\/span><\/li>\n<li><span style=\"color: #ffffff;\">Roldana<\/span><\/li>\n<\/ul>\n<p>[\/vc_column_text][vc_separator type=&#8221;normal&#8221; color=&#8221;#009245&#8243; up=&#8221;30px&#8221; down=&#8221;30px&#8221;][vc_column_text css=&#8221;.vc_custom_1763653064027{margin-top: 30px !important;margin-left: 30px !important;}&#8221;]<\/p>\n<h4 style=\"text-align: left;\"><strong><span style=\"color: #ffffff;\">Tipo: Rodamientos CER\u00c1MICOS<\/span><\/strong><\/h4>\n<p>[\/vc_column_text][vc_column_text css=&#8221;.vc_custom_1764756085631{margin-top: 10px !important;margin-right: 30px !important;margin-left: 30px !important;}&#8221;]<\/p>\n<p style=\"text-align: justify;\"><span style=\"color: #ffffff;\">Los rodamientos cer\u00e1micos son aquellos rodamientos en los que el habitual acero utilizado en su fabricaci\u00f3n es sustituido por un material cer\u00e1mico ya sea s\u00f3lo en las bolas para los rodamientos h\u00edbridos o bien a nivel global para los Full Ceramic. Situados normalmente en las ruedas, los rodamientos cer\u00e1micos est\u00e1n en disposici\u00f3n de aportar una notable mejora de la eficiencia, maximizando las prestaciones de la propia bicicleta.<\/span><\/p>\n<p>&nbsp;<\/p>\n<p style=\"text-align: justify;\"><span style=\"color: #ffffff;\"><strong>Ventajas de los rodamientos cer\u00e1micos ISB SPOR<\/strong>T:<\/span><\/p>\n<ul style=\"text-align: justify;\">\n<li><span style=\"color: #ffffff;\">Mayor velocidad y funcionamiento extremadamente suave.<\/span><\/li>\n<li><span style=\"color: #ffffff;\">Menor coeficiente de fricci\u00f3n debido a la ligereza de las bolas.<\/span><\/li>\n<li><span style=\"color: #ffffff;\">Gran suavidad y facilidad de rotaci\u00f3n para reducir la resistencia de giro y la conservaci\u00f3n de energ\u00eda.<\/span><\/li>\n<li><span style=\"color: #ffffff;\">Menor calentamiento y menor desgaste, prolongando su durabilidad (en las aplicaciones adecuadas).<\/span><\/li>\n<\/ul>\n<p>&nbsp;<\/p>\n<p style=\"text-align: justify;\"><span style=\"color: #ffffff;\">Los rodamientos cer\u00e1micos se recomiendan especialmente para disciplinas como el road, el fast gravel, triatl\u00f3n o ciclismo en pista.<\/span><\/p>\n<p>[\/vc_column_text][\/vc_column][\/vc_row][vc_row css_animation=&#8221;&#8221; row_type=&#8221;row&#8221; use_row_as_full_screen_section=&#8221;no&#8221; type=&#8221;full_width&#8221; angled_section=&#8221;no&#8221; text_align=&#8221;center&#8221; background_image_as_pattern=&#8221;without_pattern&#8221; z_index=&#8221;&#8221; css=&#8221;.vc_custom_1756935903387{margin-right: 75px !important;margin-left: 75px !important;}&#8221;][vc_column][vc_empty_space height=&#8221;70px&#8221;][vc_empty_space height=&#8221;70px&#8221;][\/vc_column][\/vc_row]<\/p>\n<\/div>","protected":false},"excerpt":{"rendered":"<p>[vc_row css_animation=&#8221;&#8221; row_type=&#8221;row&#8221; use_row_as_full_screen_section=&#8221;no&#8221; type=&#8221;full_width&#8221; angled_section=&#8221;no&#8221; text_align=&#8221;left&#8221; background_image_as_pattern=&#8221;without_pattern&#8221;][vc_column][vc_empty_space][\/vc_column][\/vc_row][vc_row css_animation=&#8221;&#8221; row_type=&#8221;row&#8221; use_row_as_full_screen_section=&#8221;no&#8221; type=&#8221;grid&#8221; angled_section=&#8221;no&#8221; text_align=&#8221;left&#8221; background_image_as_pattern=&#8221;without_pattern&#8221; z_index=&#8221;&#8221;][vc_column][vc_empty_space height=&#8221;70px&#8221;][vc_column_text css=&#8221;.vc_custom_1755699241174{margin-right: 40px !important;margin-left: 40px !important;}&#8221;] UN RODAMIENTO PARA CADA APLICACI\u00d3N [\/vc_column_text][vc_column_text css=&#8221;.vc_custom_1764755978925{margin-top: 20px !important;}&#8221;] La base de nuestra estrategia de producto es clara: \u201cEngineered to upgrade your ride\u201d&#8230;.<\/p>\n","protected":false},"author":1,"featured_media":0,"parent":0,"menu_order":0,"comment_status":"closed","ping_status":"closed","template":"full_width.php","meta":{"footnotes":""},"class_list":["post-65493","page","type-page","status-publish","hentry"],"_links":{"self":[{"href":"https:\/\/isbsport.com\/latam\/wp-json\/wp\/v2\/pages\/65493","targetHints":{"allow":["GET"]}}],"collection":[{"href":"https:\/\/isbsport.com\/latam\/wp-json\/wp\/v2\/pages"}],"about":[{"href":"https:\/\/isbsport.com\/latam\/wp-json\/wp\/v2\/types\/page"}],"author":[{"embeddable":true,"href":"https:\/\/isbsport.com\/latam\/wp-json\/wp\/v2\/users\/1"}],"replies":[{"embeddable":true,"href":"https:\/\/isbsport.com\/latam\/wp-json\/wp\/v2\/comments?post=65493"}],"version-history":[{"count":14,"href":"https:\/\/isbsport.com\/latam\/wp-json\/wp\/v2\/pages\/65493\/revisions"}],"predecessor-version":[{"id":66485,"href":"https:\/\/isbsport.com\/latam\/wp-json\/wp\/v2\/pages\/65493\/revisions\/66485"}],"wp:attachment":[{"href":"https:\/\/isbsport.com\/latam\/wp-json\/wp\/v2\/media?parent=65493"}],"curies":[{"name":"wp","href":"https:\/\/api.w.org\/{rel}","templated":true}]}}