{"id":65659,"date":"2025-12-16T15:21:51","date_gmt":"2025-12-16T14:21:51","guid":{"rendered":"https:\/\/isbsport.com\/?page_id=65659"},"modified":"2025-12-16T15:24:33","modified_gmt":"2025-12-16T14:24:33","slug":"codificacion-isb-sport-designation-system","status":"publish","type":"page","link":"https:\/\/isbsport.com\/latam\/codificacion-isb-sport-designation-system\/","title":{"rendered":"CODIFICACION -ISB SPORT DESIGNATION SYSTEM"},"content":{"rendered":"<div class=\"wpb-content-wrapper\"><p>[vc_row css_animation=&#8221;&#8221; row_type=&#8221;row&#8221; use_row_as_full_screen_section=&#8221;no&#8221; type=&#8221;full_width&#8221; angled_section=&#8221;no&#8221; text_align=&#8221;left&#8221; background_image_as_pattern=&#8221;without_pattern&#8221;][vc_column][vc_empty_space height=&#8221;5px&#8221;][\/vc_column][\/vc_row][vc_row css_animation=&#8221;&#8221; row_type=&#8221;row&#8221; use_row_as_full_screen_section=&#8221;no&#8221; type=&#8221;full_width&#8221; angled_section=&#8221;no&#8221; text_align=&#8221;left&#8221; background_image_as_pattern=&#8221;without_pattern&#8221; z_index=&#8221;&#8221; background_image=&#8221;65381&#8243; css=&#8221;.vc_custom_1764760634667{background-image: url(https:\/\/isbsport.com\/wp-content\/uploads\/2025\/11\/Fondo-Codificacion.jpg?id=65334) !important;}&#8221;][vc_column][vc_row_inner row_type=&#8221;row&#8221; type=&#8221;full_width&#8221; text_align=&#8221;left&#8221; css_animation=&#8221;&#8221; css=&#8221;.vc_custom_1764266486710{margin-right: 50px !important;margin-bottom: 800px !important;margin-left: 50px !important;border-right-width: 80px !important;border-left-width: 80px !important;padding-right: 80px !important;padding-left: 80px !important;}&#8221;][vc_column_inner width=&#8221;1\/3&#8243; css=&#8221;.vc_custom_1764761062527{margin-right: 20px !important;margin-left: 20px !important;padding-right: 50px !important;padding-left: 50px !important;}&#8221;][vc_column_text]<\/p>\n<p style=\"text-align: center; color: #009640;\"><strong>TIPO DE COMPONENTE \/ GEOMETR\u00cdA<\/strong><\/p>\n<p>[\/vc_column_text][vc_separator type=&#8221;normal&#8221; color=&#8221;#ffffff&#8221; thickness=&#8221;1&#8243; down=&#8221;20&#8243;][vc_column_text]<\/p>\n<div class=\"gmail_default\" style=\"text-align: left;\">\n<div class=\"s5\"><span style=\"color: #ffffff;\"><span class=\"s4\">\u2022 <\/span><span class=\"s2\"><strong>BRG<\/strong>:<\/span> Rodamiento con dimensiones especiales<\/span><\/div>\n<div class=\"s5\"><span style=\"color: #ffffff;\"><span class=\"s4\">\u2022 <\/span><span class=\"s2\"><strong>BRGE<\/strong>:<\/span> Rodamiento con dimensiones especiales (aro extendido)<\/span><\/div>\n<div class=\"s5\"><span style=\"color: #ffffff;\"><span class=\"s4\">\u2022 <\/span><span class=\"s2\"><strong>BRGF<\/strong>:<\/span> Rodamiento con valona<\/span><\/div>\n<div class=\"s5\"><span style=\"color: #ffffff;\"><span class=\"s4\">\u2022 <\/span><span class=\"s2\"><strong>BRGS<\/strong>:<\/span> Rodamiento de doble hilera de bolas<\/span><\/div>\n<div class=\"s5\"><span style=\"color: #ffffff;\"><span class=\"s4\">\u2022 <\/span><span class=\"s2\"><strong>BRGSE<\/strong>:<\/span> Rodamiento de doble hilera de bolas y dimensiones especiales (aro extendido)<\/span><\/div>\n<div class=\"s5\"><span style=\"color: #ffffff;\"><span class=\"s4\">\u2022 <\/span><span class=\"s2\"><strong>BRGSA<\/strong>:<\/span> Rodamiento de doble hilera de bolas y contacto angular<\/span><\/div>\n<div class=\"s5\"><span style=\"color: #ffffff;\"><span class=\"s4\">\u2022 <\/span><span class=\"s2\"><strong>BRGSF<\/strong>:<\/span> Rodamiento de doble hilera de bolas, con valona<\/span><\/div>\n<div class=\"s5\"><span style=\"color: #ffffff;\"><span class=\"s4\">\u2022 <\/span><span class=\"s2\"><strong>BRGSAE<\/strong>:<\/span> Rodamiento de doble hilera de bolas, de contacto angular, con valona<\/span><\/div>\n<div class=\"s5\"><span style=\"color: #ffffff;\"><span class=\"s4\">\u2022 <\/span><span class=\"s2\"><strong>BRGA<\/strong>:<\/span> Rodamiento de contacto angular<\/span><\/div>\n<\/div>\n<p>[\/vc_column_text][vc_empty_space height=&#8221;50px&#8221;][vc_column_text]<\/p>\n<div class=\"gmail_default\" style=\"text-align: left;\">\n<div class=\"s5\"><span style=\"color: #ffffff;\"><span class=\"s4\">\u2022 <\/span><span class=\"s2\"><strong>HS1<\/strong>:<\/span> Rodamiento de direcci\u00f3n &#8211; Grados: 36\u00ba\/45\u00ba<\/span><\/div>\n<div class=\"s5\"><span style=\"color: #ffffff;\"><span class=\"s4\">\u2022 <\/span><span class=\"s2\"><strong>HS2<\/strong>:<\/span> Rodamiento de direcci\u00f3n &#8211; Grados: 45\u00ba\/45\u00ba<\/span><\/div>\n<div class=\"s5\"><span style=\"color: #ffffff;\"><span class=\"s4\">\u2022 <\/span><span class=\"s2\"><strong>HS3<\/strong>:<\/span> Rodamiento de direcci\u00f3n &#8211; Grados: 45\u00ba\/90\u00ba<\/span><\/div>\n<div class=\"s5\"><span style=\"color: #ffffff;\"><span class=\"s4\">\u2022 <\/span><span class=\"s2\"><strong>HS4<\/strong>:<\/span> Rodamiento de direcci\u00f3n &#8211; Grados: 36\u00ba\/36\u00ba<\/span><\/div>\n<div class=\"s5\"><span style=\"color: #ffffff;\"><span class=\"s4\">\u2022 <\/span><span class=\"s2\"><strong>HS5<\/strong>:<\/span> Rodamiento de direcci\u00f3n &#8211; Grados: 90\u00ba\/90\u00ba<\/span><\/div>\n<div class=\"s5\"><span style=\"color: #ffffff;\"><span class=\"s4\">\u2022 <\/span><span class=\"s2\"><strong>HS6<\/strong>:<\/span> Rodamiento de direcci\u00f3n &#8211; Grados: 30\u00ba\/45\u00ba<\/span><\/div>\n<\/div>\n<p>[\/vc_column_text][vc_empty_space height=&#8221;50px&#8221;][vc_column_text]<\/p>\n<div class=\"gmail_default\" style=\"text-align: left;\">\n<div class=\"s5\"><span style=\"color: #ffffff;\"><span class=\"s4\">\u2022 <\/span><span class=\"s2\"><strong>FWHF<\/strong>:<\/span> Rueda libre Tipo HF<\/span><\/div>\n<div class=\"s5\"><span style=\"color: #ffffff;\"><span class=\"s4\">\u2022 <\/span><span class=\"s2\"><strong>FWHFL<\/strong>:<\/span> Rueda libre Tipo HFL<\/span><\/div>\n<div class=\"s5\"><span style=\"color: #ffffff;\"><span class=\"s4\">\u2022 <\/span><span class=\"s2\"><strong>FWE<\/strong>:<\/span> Rueda libre Tipo E<\/span><\/div>\n<div class=\"s5\"><span style=\"color: #ffffff;\"><span class=\"s4\">\u2022 <\/span><span class=\"s2\"><strong>NBS<\/strong>:<\/span> Rodamiento \/ Casquillo de agujas Tipo HK<\/span><\/div>\n<div><\/div>\n<div class=\"s5\"><span style=\"color: #ffffff;\"><span class=\"s4\">\u2022 <\/span><span class=\"s2\"><strong>FS<\/strong>:<\/span> Ret\u00e9n para horquilla suspensi\u00f3n<\/span><\/div>\n<\/div>\n<p>[\/vc_column_text][vc_empty_space height=&#8221;50px&#8221;][vc_empty_space height=&#8221;50px&#8221;][\/vc_column_inner][vc_column_inner width=&#8221;1\/3&#8243; css=&#8221;.vc_custom_1764761073129{margin-right: 20px !important;margin-left: 20px !important;padding-right: 50px !important;padding-left: 50px !important;}&#8221;][vc_column_text]<\/p>\n<p style=\"text-align: center; color: #009640;\"><strong>JAULA<\/strong><\/p>\n<p>[\/vc_column_text][vc_separator type=&#8221;normal&#8221; color=&#8221;#ffffff&#8221; thickness=&#8221;1&#8243; down=&#8221;20&#8243;][vc_column_text]<\/p>\n<div class=\"gmail_default\" style=\"text-align: center;\">\n<div class=\"gmail_default\" style=\"text-align: left;\">\n<div class=\"s5\"><span style=\"color: #ffffff;\"><span class=\"s4\">\u2022 <\/span>&#8211; : Jaula de acero<\/span><\/div>\n<div class=\"s5\"><span style=\"color: #ffffff;\"><span class=\"s4\">\u2022 <\/span><strong><span class=\"s2\">NY<\/span><\/strong>: Jaula de poliamida<\/span><\/div>\n<\/div>\n<\/div>\n<p>[\/vc_column_text][vc_empty_space height=&#8221;100px&#8221;][vc_column_text]<\/p>\n<p style=\"text-align: center; color: #009640;\"><strong>SELLADO<\/strong><\/p>\n<p>[\/vc_column_text][vc_separator type=&#8221;normal&#8221; color=&#8221;#ffffff&#8221; thickness=&#8221;1&#8243; down=&#8221;20&#8243;][vc_column_text]<\/p>\n<div class=\"gmail_default\" style=\"text-align: center;\">\n<div class=\"gmail_default\" style=\"text-align: left;\">\n<div class=\"s5\">\n<div class=\"s5\"><span style=\"color: #ffffff;\"><span class=\"s4\">\u2022 <\/span>&#8211; : Abierto<\/span><\/div>\n<div class=\"s5\"><span style=\"color: #ffffff;\"><span class=\"s4\">\u2022 <\/span><strong><span class=\"s2\">LC<\/span><\/strong>: Sellado de goma &#8220;Light contact&#8221;<\/span><\/div>\n<div class=\"s5\"><span style=\"color: #ffffff;\"><span class=\"s4\">\u2022 <\/span><strong><span class=\"s2\">NC<\/span><\/strong>: Sellado de goma &#8220;No contact&#8221;<\/span><\/div>\n<div class=\"s5\"><span style=\"color: #ffffff;\"><span class=\"s4\">\u2022 <\/span><strong><span class=\"s2\">FC<\/span><\/strong>: Sellado de goma &#8220;Full contact&#8221;<\/span><\/div>\n<div class=\"s5\"><span style=\"color: #ffffff;\"><span class=\"s4\">\u2022 <\/span><strong><span class=\"s2\">MS<\/span><\/strong>: Sellado met\u00e1lico<\/span><\/div>\n<\/div>\n<\/div>\n<\/div>\n<p>[\/vc_column_text][vc_empty_space height=&#8221;20px&#8221;][vc_column_text]<\/p>\n<div class=\"gmail_default\" style=\"text-align: center;\">\n<div class=\"gmail_default\" style=\"text-align: left;\">\n<div class=\"s5\">\n<div class=\"s5\"><span style=\"color: #ffffff;\"><strong>SELLADOS COMBINADOS<\/strong><\/span><\/div>\n<div class=\"s5\"><span style=\"color: #ffffff;\"><span class=\"s4\">\u2022 <\/span><strong><span class=\"s2\">LCNC<\/span><\/strong>: Light contact (verde) \/ No contact (negro)<\/span><\/div>\n<div class=\"s5\"><span style=\"color: #ffffff;\"><span class=\"s4\">\u2022 <\/span><strong><span class=\"s2\">FCNC<\/span><\/strong>: Full contact (magenta) \/ No contact (negro)<\/span><\/div>\n<div class=\"s5\"><span style=\"color: #ffffff;\"><span class=\"s4\">\u2022 <\/span><strong><span class=\"s2\">LCMS<\/span><\/strong>: De goma\u00a0 \/ Met\u00e1lico<\/span><\/div>\n<\/div>\n<\/div>\n<\/div>\n<p>[\/vc_column_text][vc_empty_space height=&#8221;100px&#8221;][vc_column_text]<\/p>\n<p style=\"text-align: center; color: #009640;\"><strong>TOLERANCIA<\/strong><\/p>\n<p>[\/vc_column_text][vc_separator type=&#8221;normal&#8221; color=&#8221;#ffffff&#8221; thickness=&#8221;2&#8243; down=&#8221;20&#8243;][vc_column_text]<\/p>\n<div class=\"gmail_default\" style=\"text-align: center;\">\n<div class=\"gmail_default\" style=\"text-align: left;\">\n<div class=\"s5\">\n<div class=\"s5\"><span style=\"color: #ffffff;\"><span class=\"s4\">\u2022 <\/span>-: Tolerancia standard<\/span><\/div>\n<div class=\"s5\"><span style=\"color: #ffffff;\"><span class=\"s4\">\u2022 <\/span><strong><span class=\"s2\">C+<\/span><\/strong>: Superior a la est\u00e1ndar<\/span><\/div>\n<div class=\"s8\"><span style=\"color: #ffffff;\"><span class=\"s4\">\u2022 <\/span><strong><span class=\"s2\">C-<\/span><\/strong>: Inferior a la est\u00e1ndar<\/span><\/div>\n<\/div>\n<\/div>\n<\/div>\n<p>[\/vc_column_text][vc_empty_space height=&#8221;50px&#8221;][vc_empty_space height=&#8221;50px&#8221;][\/vc_column_inner][vc_column_inner width=&#8221;1\/3&#8243; css=&#8221;.vc_custom_1764761106534{margin-right: 20px !important;margin-left: 20px !important;padding-right: 50px !important;padding-left: 50px !important;}&#8221;][vc_column_text]<\/p>\n<p style=\"text-align: center; color: #009640;\"><strong>MATERIAL<\/strong><\/p>\n<p>[\/vc_column_text][vc_separator type=&#8221;normal&#8221; color=&#8221;#ffffff&#8221; thickness=&#8221;1&#8243;][vc_column_text]<\/p>\n<div class=\"gmail_default\" style=\"text-align: center;\">\n<div class=\"gmail_default\" style=\"text-align: left;\">\n<div class=\"s5\">\n<div><strong><span style=\"color: #ffffff;\">ACERO<\/span><\/strong><\/div>\n<div><\/div>\n<div class=\"s5\"><span style=\"color: #ffffff;\"><span class=\"s4\">\u2022 <\/span>-: Acero cromo<\/span><\/div>\n<div class=\"s5\"><span style=\"color: #ffffff;\"><span class=\"s4\">\u2022 <\/span><strong><span class=\"s2\">INOX<\/span><\/strong>: Acero inoxidable<\/span><\/div>\n<\/div>\n<\/div>\n<\/div>\n<p>[\/vc_column_text][vc_empty_space height=&#8221;20px&#8221;][vc_column_text]<\/p>\n<div class=\"gmail_default\" style=\"text-align: center;\">\n<div class=\"gmail_default\" style=\"text-align: left;\">\n<div class=\"s5\"><strong><span style=\"color: #ffffff;\">CER\u00c1MICA<\/span><\/strong><\/div>\n<\/div>\n<div class=\"gmail_default\" style=\"text-align: left;\">\n<div class=\"s5\">\n<div class=\"s5\"><span style=\"color: #ffffff;\"><span class=\"s2\"><span class=\"s4\">\u2022 <\/span><strong>CR PRO<\/strong><\/span>: Full ceramic<\/span><\/div>\n<div class=\"s5\"><span style=\"color: #ffffff;\"><span class=\"s4\">\u2022 <\/span><strong><span class=\"s2\">PRO<\/span><\/strong>: Cer\u00e1micos h\u00edbridos con estructura acero cromo y bolas cer\u00e1micas<\/span><\/div>\n<div class=\"s5\"><span style=\"color: #ffffff;\"><span class=\"s4\">\u2022 <\/span><strong><span class=\"s2\">INOX PRO<\/span><\/strong>: Cer\u00e1micos h\u00edbridos con\u00a0estructura acero inoxidable y bolas cer\u00e1micas<\/span><\/div>\n<\/div>\n<\/div>\n<\/div>\n<p>[\/vc_column_text][vc_empty_space height=&#8221;100px&#8221;][vc_column_text]<\/p>\n<p style=\"text-align: center; color: #009640;\"><strong>OTRAS ESPECIFICACIONES<\/strong><\/p>\n<p>[\/vc_column_text][vc_separator type=&#8221;normal&#8221; color=&#8221;#ffffff&#8221; thickness=&#8221;1&#8243;][vc_column_text]<\/p>\n<div class=\"gmail_default\" style=\"text-align: center;\">\n<div class=\"gmail_default\" style=\"text-align: left;\">\n<div class=\"s5\">\n<div class=\"s5\"><span style=\"color: #ffffff;\"><span class=\"s4\">\u2022 <\/span><strong><span class=\"s2\">OIL<\/span><\/strong>: Lubricaci\u00f3n con aceite<\/span><\/div>\n<div class=\"s5\"><span style=\"color: #ffffff;\"><span class=\"s4\">\u2022 <\/span><strong><span class=\"s2\">SL<\/span><\/strong>: Lubricante s\u00f3lido<\/span><\/div>\n<div><\/div>\n<div class=\"s5\"><span style=\"color: #ffffff;\"><span class=\"s4\">\u2022 <\/span><strong><span class=\"s2\">VMAX<\/span><\/strong>: Estructura &#8220;Full ball&#8221;, sin jaula. Especialmente dise\u00f1ados para la suspensi\u00f3n<\/span><\/div>\n<div><\/div>\n<div class=\"s5\"><span style=\"color: #ffffff;\"><span class=\"s4\">\u2022 <\/span><strong><span class=\"s2\">NR<\/span><\/strong>: Hendidura en el aro exterior con anillo de fijaci\u00f3n insertado<\/span><\/div>\n<div><\/div>\n<div class=\"s5\"><span style=\"color: #ffffff;\"><span class=\"s4\">\u2022 <\/span><strong><span class=\"s2\">BO<\/span><\/strong>: Black Oxide Coating<\/span><\/div>\n<div><\/div>\n<div class=\"s5\"><span style=\"color: #ffffff;\"><span class=\"s4\">\u2022 <\/span><strong><span class=\"s2\">SP<\/span><\/strong>: Rodamiento con dise\u00f1o especial de la estructura<\/span><\/div>\n<div><\/div>\n<div class=\"s5\"><span style=\"color: #ffffff;\"><span class=\"s4\">\u2022 <\/span><span class=\"s2\"><strong>P+<\/strong>:<\/span> Precisi\u00f3n superior a la estandard<\/span><\/div>\n<\/div>\n<\/div>\n<\/div>\n<p>[\/vc_column_text][vc_empty_space height=&#8221;50px&#8221;][vc_empty_space height=&#8221;50px&#8221;][\/vc_column_inner][\/vc_row_inner][\/vc_column][\/vc_row]<\/p>\n<\/div>","protected":false},"excerpt":{"rendered":"<p>[vc_row css_animation=&#8221;&#8221; row_type=&#8221;row&#8221; use_row_as_full_screen_section=&#8221;no&#8221; type=&#8221;full_width&#8221; angled_section=&#8221;no&#8221; text_align=&#8221;left&#8221; background_image_as_pattern=&#8221;without_pattern&#8221;][vc_column][vc_empty_space height=&#8221;5px&#8221;][\/vc_column][\/vc_row][vc_row css_animation=&#8221;&#8221; row_type=&#8221;row&#8221; use_row_as_full_screen_section=&#8221;no&#8221; type=&#8221;full_width&#8221; angled_section=&#8221;no&#8221; text_align=&#8221;left&#8221; background_image_as_pattern=&#8221;without_pattern&#8221; z_index=&#8221;&#8221; background_image=&#8221;65381&#8243; css=&#8221;.vc_custom_1764760634667{background-image: url(https:\/\/isbsport.com\/wp-content\/uploads\/2025\/11\/Fondo-Codificacion.jpg?id=65334) !important;}&#8221;][vc_column][vc_row_inner row_type=&#8221;row&#8221; type=&#8221;full_width&#8221; text_align=&#8221;left&#8221; css_animation=&#8221;&#8221; css=&#8221;.vc_custom_1764266486710{margin-right: 50px !important;margin-bottom: 800px !important;margin-left: 50px !important;border-right-width: 80px !important;border-left-width: 80px !important;padding-right: 80px !important;padding-left: 80px !important;}&#8221;][vc_column_inner width=&#8221;1\/3&#8243; css=&#8221;.vc_custom_1764761062527{margin-right: 20px !important;margin-left: 20px&#8230;<\/p>\n","protected":false},"author":1,"featured_media":0,"parent":0,"menu_order":0,"comment_status":"closed","ping_status":"closed","template":"full_width.php","meta":{"footnotes":""},"class_list":["post-65659","page","type-page","status-publish","hentry"],"_links":{"self":[{"href":"https:\/\/isbsport.com\/latam\/wp-json\/wp\/v2\/pages\/65659","targetHints":{"allow":["GET"]}}],"collection":[{"href":"https:\/\/isbsport.com\/latam\/wp-json\/wp\/v2\/pages"}],"about":[{"href":"https:\/\/isbsport.com\/latam\/wp-json\/wp\/v2\/types\/page"}],"author":[{"embeddable":true,"href":"https:\/\/isbsport.com\/latam\/wp-json\/wp\/v2\/users\/1"}],"replies":[{"embeddable":true,"href":"https:\/\/isbsport.com\/latam\/wp-json\/wp\/v2\/comments?post=65659"}],"version-history":[{"count":1,"href":"https:\/\/isbsport.com\/latam\/wp-json\/wp\/v2\/pages\/65659\/revisions"}],"predecessor-version":[{"id":65660,"href":"https:\/\/isbsport.com\/latam\/wp-json\/wp\/v2\/pages\/65659\/revisions\/65660"}],"wp:attachment":[{"href":"https:\/\/isbsport.com\/latam\/wp-json\/wp\/v2\/media?parent=65659"}],"curies":[{"name":"wp","href":"https:\/\/api.w.org\/{rel}","templated":true}]}}